{"id":393,"date":"2017-05-05T09:32:47","date_gmt":"2017-05-05T09:32:47","guid":{"rendered":"http:\/\/dev.visitbaskavoda.hr\/pocetna\/"},"modified":"2018-03-23T12:35:19","modified_gmt":"2018-03-23T12:35:19","slug":"pocetna","status":"publish","type":"page","link":"https:\/\/visitbaskavoda.hr\/cs\/","title":{"rendered":"Home"},"content":{"rendered":"<section class=\"wpb-content-wrapper\"><p>[vc_row][vc_column]\n\t\t\t<!-- START header REVOLUTION SLIDER 6.3.5 --><p class=\"rs-p-wp-fix\"><\/p>\n\t\t\t<rs-module-wrap id=\"rev_slider_1_1_wrapper\" data-source=\"gallery\" style=\"background:transparent;padding:0;margin:0px auto;margin-top:0;margin-bottom:0;\">\n\t\t\t\t<rs-module id=\"rev_slider_1_1\" style=\"\" data-version=\"6.3.5\">\n\t\t\t\t\t<rs-slides>\n\t\t\t\t\t\t<rs-slide data-key=\"rs-1\" data-title=\"Slide\" data-anim=\"ei:d;eo:d;s:600;t:fade;sl:d;\">\n\t\t\t\t\t\t\t<img decoding=\"async\" src=\"\/\/visitbaskavoda.hr\/wp-content\/uploads\/2017\/05\/baska-voda-naslovna.jpg\" title=\"Home\" class=\"rev-slidebg\" data-no-retina>\n<!---->\t\t\t\t\t\t<\/rs-slide>\n\t\t\t\t\t<\/rs-slides>\n\t\t\t\t<\/rs-module>\n\t\t\t\t<script type=\"text\/javascript\">\n\t\t\t\t\tsetREVStartSize({c: 'rev_slider_1_1',rl:[1240,1024,778,480],el:[],gw:[1240],gh:[700],type:'standard',justify:'',layout:'fullwidth',mh:\"0\"});\n\t\t\t\t\tvar\trevapi1,\n\t\t\t\t\t\ttpj;\n\t\t\t\t\tfunction revinit_revslider11() {\n\t\t\t\t\tjQuery(function() {\n\t\t\t\t\t\ttpj = jQuery;\n\t\t\t\t\t\trevapi1 = tpj(\"#rev_slider_1_1\");\n\t\t\t\t\t\tif(revapi1==undefined || revapi1.revolution == undefined){\n\t\t\t\t\t\t\trevslider_showDoubleJqueryError(\"rev_slider_1_1\");\n\t\t\t\t\t\t}else{\n\t\t\t\t\t\t\trevapi1.revolution({\n\t\t\t\t\t\t\t\tsliderLayout:\"fullwidth\",\n\t\t\t\t\t\t\t\tvisibilityLevels:\"1240,1024,778,480\",\n\t\t\t\t\t\t\t\tgridwidth:1240,\n\t\t\t\t\t\t\t\tgridheight:700,\n\t\t\t\t\t\t\t\tspinner:\"spinner0\",\n\t\t\t\t\t\t\t\tperspectiveType:\"local\",\n\t\t\t\t\t\t\t\tresponsiveLevels:\"1240,1024,778,480\",\n\t\t\t\t\t\t\t\tprogressBar:{disableProgressBar:true},\n\t\t\t\t\t\t\t\tnavigation: {\n\t\t\t\t\t\t\t\t\tonHoverStop:false\n\t\t\t\t\t\t\t\t},\n\t\t\t\t\t\t\t\tfallbacks: {\n\t\t\t\t\t\t\t\t\tallowHTML5AutoPlayOnAndroid:true\n\t\t\t\t\t\t\t\t},\n\t\t\t\t\t\t\t});\n\t\t\t\t\t\t}\n\t\t\t\t\t\t\n\t\t\t\t\t});\n\t\t\t\t\t} \/\/ End of RevInitScript\n\t\t\t\tvar once_revslider11 = false;\n\t\t\t\tif (document.readyState === \"loading\") {document.addEventListener('readystatechange',function() { if((document.readyState === \"interactive\" || document.readyState === \"complete\") && !once_revslider11 ) { once_revslider11 = true; revinit_revslider11();}});} else {once_revslider11 = true; revinit_revslider11();}\n\t\t\t\t<\/script>\n\t\t\t<\/rs-module-wrap>\n\t\t\t<!-- END REVOLUTION SLIDER -->\n[\/vc_column][\/vc_row][vc_row css=&#8220;.vc_custom_1493981301181{padding-top: 50px !important;padding-bottom: 50px !important;}&#8220;][vc_column][vc_column_text]<\/p>\n<h1>V\u00edtejte!<\/h1>\n<p>Mil\u00ed host\u00e9! Nav\u0161tivte Ba\u0161ku Vodu, m\u00edsto kde Jadran n\u011b\u017en\u011b l\u00edb\u00e1 perle\u0165ov\u011b b\u00edl\u00e9 pl\u00e1\u017ee a Slunce vesele rozprost\u00edr\u00e1 \u017eivotad\u00e1rn\u00e9 paprsky po zelen\u00e9m koberci na \u00fapat\u00ed velebn\u00e9ho Biokova. P\u0159\u00edjemn\u00fd odpo\u010dinek zaru\u010duj\u00ed rodinn\u00e9 domy pln\u00e9 dobrosrde\u010dnosti a pohostinnosti, a mo\u0159e zve k pro\u017eit\u00ed \u0161\u0165astn\u00fdch okam\u017eik\u016f, kter\u00e9 nav\u017edy z\u016fstanou v srdc\u00edch a o\u010d\u00edch t\u011bch, kte\u0159\u00ed miluj\u00ed \u017eivot. Nav\u0161tivte Ba\u0161ku Vodu, uvoln\u011bte se a zapome\u0148te na v\u0161echny starosti ve st\u00ednu palem a borovic, na pozvoln\u00e9 proch\u00e1zce pod\u00e9l mo\u0159e ve spole\u010dnosti sv\u00fdch bl\u00edzk\u00fdch. Vdechujte zdrav\u00ed z pln\u00fdch plic a pono\u0159te se do v\u016fn\u011b rosy na jehli\u010d\u00ed borovic, listech r\u00e9vy a oliv a objevte pro\u010d bylo d\u00e1vno naps\u00e1no, \u017ee zde i um\u00edraj\u00edc\u00ed \u010dlov\u011bk op\u011bt o\u017e\u00edv\u00e1! Ba\u0161ka Voda je zn\u00e1m\u00e1 jako ide\u00e1ln\u00ed turistick\u00e9 st\u0159edisko k rodinn\u00e9mu odpo\u010dinku i jako dokonal\u00e9 v\u00fdchoz\u00ed m\u00edsto na mnoh\u00e9 atraktivn\u00ed a nezapomenuteln\u00e9 v\u00fdlety\u00a0 (Dubrovn\u00edk, ostrovy Bra\u010d, Hvar a Kor\u010dula, Split, Vodop\u00e1dy \u0159eky Krky, Me\u0111ugorje, Mostar atd.) Nav\u0161tivte Ba\u0161ku Vodu a objevte pro\u010d se tolik turist\u016f ka\u017ed\u00fdm rokem vrac\u00ed, a t\u00edm \u010din\u00ed z Ba\u0161ky Vody nejpopul\u00e1rn\u011bj\u0161\u00ed turistickou destinaci St\u0159edn\u00ed Dalm\u00e1cie! P\u0159ije\u010fte do Ba\u0161ky Vody a stravte zde p\u0159\u00edjemnou dovolenou! V\u00edtejte!<br \/>\n&#8230;<br \/>\nD\u016fm Juri\u0161i\u0107 se nach\u00e1z\u00ed v sam\u00e9m centru st\u0159ediska v bezprost\u0159edn\u00ed bl\u00edzkosti b\u00edl\u00e9 obl\u00e1zkov\u00e9 pl\u00e1\u017ee s Modrou vlajkou, vhodn\u00e9 pro v\u0161echny v\u011bkov\u00e9 kategorie. Z balk\u00f3nu je p\u0159ekr\u00e1sn\u00fd v\u00fdhled na ostrovy i p\u0159ekr\u00e1sn\u00e9 modr\u00e9 mo\u0159e s nejkr\u00e1sn\u011bj\u0161\u00edmi z\u00e1pady slunce. V dom\u011b pronaj\u00edm\u00e1me t\u0159i apartm\u00e1ny pro dv\u011b a\u017e \u010dty\u0159i osoby. Nav\u0161tivte Ba\u0161ku Vodu a sta\u0148te se na\u0161imi hosty! T\u011b\u0161\u00edme se na setk\u00e1n\u00ed s V\u00e1mi!<br \/>\n&#8230;<br \/>\nDoporu\u010dte pros\u00edm tuto str\u00e1nku Va\u0161im p\u0159\u00e1tel\u016fm!<br \/>\nRodina Juri\u0161i\u0107 V\u00e1s v\u00edt\u00e1![\/vc_column_text][\/vc_column][\/vc_row][vc_row full_width=&#8220;stretch_row&#8220; css=&#8220;.vc_custom_1493981714753{padding-top: 50px !important;padding-bottom: 15px !important;background-color: #dbdbdb !important;}&#8220;][vc_column width=&#8220;1\/3&#8243;][vc_single_image image=&#8220;41&#8243; img_size=&#8220;full&#8220; alignment=&#8220;center&#8220; onclick=&#8220;link_image&#8220;][\/vc_column][vc_column width=&#8220;1\/3&#8243;][vc_single_image image=&#8220;48&#8243; img_size=&#8220;full&#8220; alignment=&#8220;center&#8220; onclick=&#8220;link_image&#8220;][\/vc_column][vc_column width=&#8220;1\/3&#8243;][vc_single_image image=&#8220;49&#8243; img_size=&#8220;full&#8220; alignment=&#8220;center&#8220; onclick=&#8220;link_image&#8220;][\/vc_column][\/vc_row][vc_row css=&#8220;.vc_custom_1494236623958{padding-top: 50px !important;padding-bottom: 50px !important;}&#8220;][vc_column][vc_custom_heading text=&#8220;Posledn\u00ed zpr\u00e1vy&#8220; use_theme_fonts=&#8220;yes&#8220;][vc_basic_grid post_type=&#8220;post&#8220; max_items=&#8220;3&#8243; grid_id=&#8220;vc_gid:1521808494624-1010940f-4ede-1&#8243; taxonomies=&#8220;14&#8243;][\/vc_column][\/vc_row][vc_row full_width=&#8220;stretch_row&#8220; css=&#8220;.vc_custom_1494236782510{padding-top: 50px !important;background-color: #deebf5 !important;}&#8220;][vc_column width=&#8220;1\/2&#8243;][vc_custom_heading text=&#8220;Po\u010das\u00ed Ba\u0161ka Voda&#8220; font_container=&#8220;tag:h3|text_align:left&#8220; use_theme_fonts=&#8220;yes&#8220;][vc_column_text]<div id=\"wpc-weather-id-52\" class=\"wpc-weather-id\" data_id=\"52\" data_post_id=\"393\" data_map=\"\" data_detect_geolocation=\"\" data_manual_geolocation=\"\" data_wpc_lat=\"\" data_wpc_lon=\"\" data_wpc_city_id=\"\" data_wpc_city_name=\"\" data_custom_font=\"\"><\/div>[\/vc_column_text][\/vc_column][vc_column width=&#8220;1\/2&#8243;][vc_custom_heading text=&#8220;Webcam&#8220; font_container=&#8220;tag:h3|text_align:left&#8220; use_theme_fonts=&#8220;yes&#8220;][vc_single_image image=&#8220;903&#8243; img_size=&#8220;full&#8220; onclick=&#8220;custom_link&#8220; img_link_target=&#8220;_blank&#8220; link=&#8220;https:\/\/www.whatsupcams.com\/wgt\/hr_baskavoda1\/768\/480\/&#8220;][\/vc_column][\/vc_row]<\/p>\n<\/section>","protected":false},"excerpt":{"rendered":"<p>[vc_row][vc_column][\/vc_column][\/vc_row][vc_row css=&#8220;.vc_custom_1493981301181{padding-top: 50px !important;padding-bottom: 50px !important;}&#8220;][vc_column][vc_column_text] V\u00edtejte! Mil\u00ed host\u00e9! Nav\u0161tivte Ba\u0161ku Vodu, m\u00edsto kde Jadran n\u011b\u017en\u011b l\u00edb\u00e1 perle\u0165ov\u011b b\u00edl\u00e9 pl\u00e1\u017ee a Slunce vesele rozprost\u00edr\u00e1 \u017eivotad\u00e1rn\u00e9 paprsky po zelen\u00e9m koberci na \u00fapat\u00ed velebn\u00e9ho Biokova. P\u0159\u00edjemn\u00fd odpo\u010dinek zaru\u010duj\u00ed rodinn\u00e9 domy pln\u00e9 dobrosrde\u010dnosti a pohostinnosti, a mo\u0159e zve k pro\u017eit\u00ed \u0161\u0165astn\u00fdch okam\u017eik\u016f, kter\u00e9 nav\u017edy z\u016fstanou v srdc\u00edch a [&hellip;]<\/p>\n","protected":false},"author":1,"featured_media":0,"parent":0,"menu_order":0,"comment_status":"closed","ping_status":"closed","template":"","meta":{"footnotes":""},"yoast_head":"<!-- This site is optimized with the Yoast SEO plugin v22.8 - https:\/\/yoast.com\/wordpress\/plugins\/seo\/ -->\n<title>Home - House Juri\u0161i\u0107<\/title>\n<meta name=\"robots\" content=\"index, follow, max-snippet:-1, max-image-preview:large, max-video-preview:-1\" \/>\n<link rel=\"canonical\" href=\"https:\/\/visitbaskavoda.hr\/\" \/>\n<meta property=\"og:locale\" content=\"cs_CZ\" \/>\n<meta property=\"og:type\" content=\"article\" \/>\n<meta property=\"og:title\" content=\"Home - House Juri\u0161i\u0107\" \/>\n<meta property=\"og:description\" content=\"[vc_row][vc_column][\/vc_column][\/vc_row][vc_row css=&#8220;.vc_custom_1493981301181{padding-top: 50px !important;padding-bottom: 50px !important;}&#8220;][vc_column][vc_column_text] V\u00edtejte! Mil\u00ed host\u00e9! Nav\u0161tivte Ba\u0161ku Vodu, m\u00edsto kde Jadran n\u011b\u017en\u011b l\u00edb\u00e1 perle\u0165ov\u011b b\u00edl\u00e9 pl\u00e1\u017ee a Slunce vesele rozprost\u00edr\u00e1 \u017eivotad\u00e1rn\u00e9 paprsky po zelen\u00e9m koberci na \u00fapat\u00ed velebn\u00e9ho Biokova. P\u0159\u00edjemn\u00fd odpo\u010dinek zaru\u010duj\u00ed rodinn\u00e9 domy pln\u00e9 dobrosrde\u010dnosti a pohostinnosti, a mo\u0159e zve k pro\u017eit\u00ed \u0161\u0165astn\u00fdch okam\u017eik\u016f, kter\u00e9 nav\u017edy z\u016fstanou v srdc\u00edch a [&hellip;]\" \/>\n<meta property=\"og:url\" content=\"https:\/\/visitbaskavoda.hr\/\" \/>\n<meta property=\"og:site_name\" content=\"House Juri\u0161i\u0107\" \/>\n<meta property=\"article:modified_time\" content=\"2018-03-23T12:35:19+00:00\" \/>\n<meta name=\"twitter:card\" content=\"summary_large_image\" \/>\n<meta name=\"twitter:label1\" content=\"Odhadovan\u00e1 doba \u010dten\u00ed\" \/>\n\t<meta name=\"twitter:data1\" content=\"3 minuty\" \/>\n<script type=\"application\/ld+json\" class=\"yoast-schema-graph\">{\"@context\":\"https:\/\/schema.org\",\"@graph\":[{\"@type\":\"WebPage\",\"@id\":\"https:\/\/visitbaskavoda.hr\/\",\"url\":\"https:\/\/visitbaskavoda.hr\/\",\"name\":\"Home - House Juri\u0161i\u0107\",\"isPartOf\":{\"@id\":\"https:\/\/visitbaskavoda.hr\/#website\"},\"datePublished\":\"2017-05-05T09:32:47+00:00\",\"dateModified\":\"2018-03-23T12:35:19+00:00\",\"breadcrumb\":{\"@id\":\"https:\/\/visitbaskavoda.hr\/#breadcrumb\"},\"inLanguage\":\"cs\",\"potentialAction\":[{\"@type\":\"ReadAction\",\"target\":[\"https:\/\/visitbaskavoda.hr\/\"]}]},{\"@type\":\"BreadcrumbList\",\"@id\":\"https:\/\/visitbaskavoda.hr\/#breadcrumb\",\"itemListElement\":[{\"@type\":\"ListItem\",\"position\":1,\"name\":\"Home\",\"item\":\"https:\/\/visitbaskavoda.hr\/\"},{\"@type\":\"ListItem\",\"position\":2,\"name\":\"Home\"}]},{\"@type\":\"WebSite\",\"@id\":\"https:\/\/visitbaskavoda.hr\/#website\",\"url\":\"https:\/\/visitbaskavoda.hr\/\",\"name\":\"House Juri\u0161i\u0107\",\"description\":\"Ba\u0161ka Voda\",\"potentialAction\":[{\"@type\":\"SearchAction\",\"target\":{\"@type\":\"EntryPoint\",\"urlTemplate\":\"https:\/\/visitbaskavoda.hr\/?s={search_term_string}\"},\"query-input\":\"required name=search_term_string\"}],\"inLanguage\":\"cs\"}]}<\/script>\n<!-- \/ Yoast SEO plugin. -->","yoast_head_json":{"title":"Home - House Juri\u0161i\u0107","robots":{"index":"index","follow":"follow","max-snippet":"max-snippet:-1","max-image-preview":"max-image-preview:large","max-video-preview":"max-video-preview:-1"},"canonical":"https:\/\/visitbaskavoda.hr\/","og_locale":"cs_CZ","og_type":"article","og_title":"Home - House Juri\u0161i\u0107","og_description":"[vc_row][vc_column][\/vc_column][\/vc_row][vc_row css=&#8220;.vc_custom_1493981301181{padding-top: 50px !important;padding-bottom: 50px !important;}&#8220;][vc_column][vc_column_text] V\u00edtejte! Mil\u00ed host\u00e9! Nav\u0161tivte Ba\u0161ku Vodu, m\u00edsto kde Jadran n\u011b\u017en\u011b l\u00edb\u00e1 perle\u0165ov\u011b b\u00edl\u00e9 pl\u00e1\u017ee a Slunce vesele rozprost\u00edr\u00e1 \u017eivotad\u00e1rn\u00e9 paprsky po zelen\u00e9m koberci na \u00fapat\u00ed velebn\u00e9ho Biokova. P\u0159\u00edjemn\u00fd odpo\u010dinek zaru\u010duj\u00ed rodinn\u00e9 domy pln\u00e9 dobrosrde\u010dnosti a pohostinnosti, a mo\u0159e zve k pro\u017eit\u00ed \u0161\u0165astn\u00fdch okam\u017eik\u016f, kter\u00e9 nav\u017edy z\u016fstanou v srdc\u00edch a [&hellip;]","og_url":"https:\/\/visitbaskavoda.hr\/","og_site_name":"House Juri\u0161i\u0107","article_modified_time":"2018-03-23T12:35:19+00:00","twitter_card":"summary_large_image","twitter_misc":{"Odhadovan\u00e1 doba \u010dten\u00ed":"3 minuty"},"schema":{"@context":"https:\/\/schema.org","@graph":[{"@type":"WebPage","@id":"https:\/\/visitbaskavoda.hr\/","url":"https:\/\/visitbaskavoda.hr\/","name":"Home - House Juri\u0161i\u0107","isPartOf":{"@id":"https:\/\/visitbaskavoda.hr\/#website"},"datePublished":"2017-05-05T09:32:47+00:00","dateModified":"2018-03-23T12:35:19+00:00","breadcrumb":{"@id":"https:\/\/visitbaskavoda.hr\/#breadcrumb"},"inLanguage":"cs","potentialAction":[{"@type":"ReadAction","target":["https:\/\/visitbaskavoda.hr\/"]}]},{"@type":"BreadcrumbList","@id":"https:\/\/visitbaskavoda.hr\/#breadcrumb","itemListElement":[{"@type":"ListItem","position":1,"name":"Home","item":"https:\/\/visitbaskavoda.hr\/"},{"@type":"ListItem","position":2,"name":"Home"}]},{"@type":"WebSite","@id":"https:\/\/visitbaskavoda.hr\/#website","url":"https:\/\/visitbaskavoda.hr\/","name":"House Juri\u0161i\u0107","description":"Ba\u0161ka Voda","potentialAction":[{"@type":"SearchAction","target":{"@type":"EntryPoint","urlTemplate":"https:\/\/visitbaskavoda.hr\/?s={search_term_string}"},"query-input":"required name=search_term_string"}],"inLanguage":"cs"}]}},"_links":{"self":[{"href":"https:\/\/visitbaskavoda.hr\/cs\/wp-json\/wp\/v2\/pages\/393"}],"collection":[{"href":"https:\/\/visitbaskavoda.hr\/cs\/wp-json\/wp\/v2\/pages"}],"about":[{"href":"https:\/\/visitbaskavoda.hr\/cs\/wp-json\/wp\/v2\/types\/page"}],"author":[{"embeddable":true,"href":"https:\/\/visitbaskavoda.hr\/cs\/wp-json\/wp\/v2\/users\/1"}],"replies":[{"embeddable":true,"href":"https:\/\/visitbaskavoda.hr\/cs\/wp-json\/wp\/v2\/comments?post=393"}],"version-history":[{"count":4,"href":"https:\/\/visitbaskavoda.hr\/cs\/wp-json\/wp\/v2\/pages\/393\/revisions"}],"predecessor-version":[{"id":909,"href":"https:\/\/visitbaskavoda.hr\/cs\/wp-json\/wp\/v2\/pages\/393\/revisions\/909"}],"wp:attachment":[{"href":"https:\/\/visitbaskavoda.hr\/cs\/wp-json\/wp\/v2\/media?parent=393"}],"curies":[{"name":"wp","href":"https:\/\/api.w.org\/{rel}","templated":true}]}}