{"id":260,"date":"2017-05-11T11:40:41","date_gmt":"2017-05-11T11:40:41","guid":{"rendered":"http:\/\/dev.visitbaskavoda.hr\/news\/"},"modified":"2017-05-15T11:02:19","modified_gmt":"2017-05-15T11:02:19","slug":"news","status":"publish","type":"page","link":"https:\/\/visitbaskavoda.hr\/de\/news\/","title":{"rendered":"Nachrichten"},"content":{"rendered":"<section class=\"wpb-content-wrapper\"><p>[vc_row css=&#8220;.vc_custom_1494502882403{padding-top: 50px !important;}&#8220;][vc_column][vc_basic_grid post_type=&#8220;post&#8220; max_items=&#8220;999&#8243; style=&#8220;pagination&#8220; items_per_page=&#8220;12&#8243; grid_id=&#8220;vc_gid:1494502890163-e049fea2-9faf-6&#8243; taxonomies=&#8220;14&#8243;][\/vc_column][\/vc_row]<\/p>\n<\/section>","protected":false},"excerpt":{"rendered":"<p>[vc_row css=&#8220;.vc_custom_1494502882403{padding-top: 50px !important;}&#8220;][vc_column][vc_basic_grid post_type=&#8220;post&#8220; max_items=&#8220;999&#8243; style=&#8220;pagination&#8220; items_per_page=&#8220;12&#8243; grid_id=&#8220;vc_gid:1494502890163-e049fea2-9faf-6&#8243; taxonomies=&#8220;14&#8243;][\/vc_column][\/vc_row]<\/p>\n","protected":false},"author":1,"featured_media":0,"parent":0,"menu_order":0,"comment_status":"closed","ping_status":"closed","template":"","meta":{"footnotes":""},"yoast_head":"<!-- This site is optimized with the Yoast SEO plugin v22.8 - https:\/\/yoast.com\/wordpress\/plugins\/seo\/ -->\n<title>Nachrichten - House Juri\u0161i\u0107<\/title>\n<meta name=\"robots\" content=\"index, follow, max-snippet:-1, max-image-preview:large, max-video-preview:-1\" \/>\n<link rel=\"canonical\" href=\"https:\/\/visitbaskavoda.hr\/de\/news\/\" \/>\n<meta property=\"og:locale\" content=\"de_DE\" \/>\n<meta property=\"og:type\" content=\"article\" \/>\n<meta property=\"og:title\" content=\"Nachrichten - House Juri\u0161i\u0107\" \/>\n<meta property=\"og:description\" content=\"[vc_row css=&#8220;.vc_custom_1494502882403{padding-top: 50px !important;}&#8220;][vc_column][vc_basic_grid post_type=&#8220;post&#8220; max_items=&#8220;999&#8243; style=&#8220;pagination&#8220; items_per_page=&#8220;12&#8243; grid_id=&#8220;vc_gid:1494502890163-e049fea2-9faf-6&#8243; taxonomies=&#8220;14&#8243;][\/vc_column][\/vc_row]\" \/>\n<meta property=\"og:url\" content=\"https:\/\/visitbaskavoda.hr\/de\/news\/\" \/>\n<meta property=\"og:site_name\" content=\"House Juri\u0161i\u0107\" \/>\n<meta property=\"article:modified_time\" content=\"2017-05-15T11:02:19+00:00\" \/>\n<meta name=\"twitter:card\" content=\"summary_large_image\" \/>\n<script type=\"application\/ld+json\" class=\"yoast-schema-graph\">{\"@context\":\"https:\/\/schema.org\",\"@graph\":[{\"@type\":\"WebPage\",\"@id\":\"https:\/\/visitbaskavoda.hr\/de\/news\/\",\"url\":\"https:\/\/visitbaskavoda.hr\/de\/news\/\",\"name\":\"Nachrichten - House Juri\u0161i\u0107\",\"isPartOf\":{\"@id\":\"https:\/\/visitbaskavoda.hr\/#website\"},\"datePublished\":\"2017-05-11T11:40:41+00:00\",\"dateModified\":\"2017-05-15T11:02:19+00:00\",\"breadcrumb\":{\"@id\":\"https:\/\/visitbaskavoda.hr\/de\/news\/#breadcrumb\"},\"inLanguage\":\"de\",\"potentialAction\":[{\"@type\":\"ReadAction\",\"target\":[\"https:\/\/visitbaskavoda.hr\/de\/news\/\"]}]},{\"@type\":\"BreadcrumbList\",\"@id\":\"https:\/\/visitbaskavoda.hr\/de\/news\/#breadcrumb\",\"itemListElement\":[{\"@type\":\"ListItem\",\"position\":1,\"name\":\"Home\",\"item\":\"https:\/\/visitbaskavoda.hr\/\"},{\"@type\":\"ListItem\",\"position\":2,\"name\":\"Nachrichten\"}]},{\"@type\":\"WebSite\",\"@id\":\"https:\/\/visitbaskavoda.hr\/#website\",\"url\":\"https:\/\/visitbaskavoda.hr\/\",\"name\":\"House Juri\u0161i\u0107\",\"description\":\"Ba\u0161ka Voda\",\"potentialAction\":[{\"@type\":\"SearchAction\",\"target\":{\"@type\":\"EntryPoint\",\"urlTemplate\":\"https:\/\/visitbaskavoda.hr\/?s={search_term_string}\"},\"query-input\":\"required name=search_term_string\"}],\"inLanguage\":\"de\"}]}<\/script>\n<!-- \/ Yoast SEO plugin. -->","yoast_head_json":{"title":"Nachrichten - House Juri\u0161i\u0107","robots":{"index":"index","follow":"follow","max-snippet":"max-snippet:-1","max-image-preview":"max-image-preview:large","max-video-preview":"max-video-preview:-1"},"canonical":"https:\/\/visitbaskavoda.hr\/de\/news\/","og_locale":"de_DE","og_type":"article","og_title":"Nachrichten - House Juri\u0161i\u0107","og_description":"[vc_row css=&#8220;.vc_custom_1494502882403{padding-top: 50px !important;}&#8220;][vc_column][vc_basic_grid post_type=&#8220;post&#8220; max_items=&#8220;999&#8243; style=&#8220;pagination&#8220; items_per_page=&#8220;12&#8243; grid_id=&#8220;vc_gid:1494502890163-e049fea2-9faf-6&#8243; taxonomies=&#8220;14&#8243;][\/vc_column][\/vc_row]","og_url":"https:\/\/visitbaskavoda.hr\/de\/news\/","og_site_name":"House Juri\u0161i\u0107","article_modified_time":"2017-05-15T11:02:19+00:00","twitter_card":"summary_large_image","schema":{"@context":"https:\/\/schema.org","@graph":[{"@type":"WebPage","@id":"https:\/\/visitbaskavoda.hr\/de\/news\/","url":"https:\/\/visitbaskavoda.hr\/de\/news\/","name":"Nachrichten - House Juri\u0161i\u0107","isPartOf":{"@id":"https:\/\/visitbaskavoda.hr\/#website"},"datePublished":"2017-05-11T11:40:41+00:00","dateModified":"2017-05-15T11:02:19+00:00","breadcrumb":{"@id":"https:\/\/visitbaskavoda.hr\/de\/news\/#breadcrumb"},"inLanguage":"de","potentialAction":[{"@type":"ReadAction","target":["https:\/\/visitbaskavoda.hr\/de\/news\/"]}]},{"@type":"BreadcrumbList","@id":"https:\/\/visitbaskavoda.hr\/de\/news\/#breadcrumb","itemListElement":[{"@type":"ListItem","position":1,"name":"Home","item":"https:\/\/visitbaskavoda.hr\/"},{"@type":"ListItem","position":2,"name":"Nachrichten"}]},{"@type":"WebSite","@id":"https:\/\/visitbaskavoda.hr\/#website","url":"https:\/\/visitbaskavoda.hr\/","name":"House Juri\u0161i\u0107","description":"Ba\u0161ka Voda","potentialAction":[{"@type":"SearchAction","target":{"@type":"EntryPoint","urlTemplate":"https:\/\/visitbaskavoda.hr\/?s={search_term_string}"},"query-input":"required name=search_term_string"}],"inLanguage":"de"}]}},"_links":{"self":[{"href":"https:\/\/visitbaskavoda.hr\/de\/wp-json\/wp\/v2\/pages\/260"}],"collection":[{"href":"https:\/\/visitbaskavoda.hr\/de\/wp-json\/wp\/v2\/pages"}],"about":[{"href":"https:\/\/visitbaskavoda.hr\/de\/wp-json\/wp\/v2\/types\/page"}],"author":[{"embeddable":true,"href":"https:\/\/visitbaskavoda.hr\/de\/wp-json\/wp\/v2\/users\/1"}],"replies":[{"embeddable":true,"href":"https:\/\/visitbaskavoda.hr\/de\/wp-json\/wp\/v2\/comments?post=260"}],"version-history":[{"count":1,"href":"https:\/\/visitbaskavoda.hr\/de\/wp-json\/wp\/v2\/pages\/260\/revisions"}],"predecessor-version":[{"id":269,"href":"https:\/\/visitbaskavoda.hr\/de\/wp-json\/wp\/v2\/pages\/260\/revisions\/269"}],"wp:attachment":[{"href":"https:\/\/visitbaskavoda.hr\/de\/wp-json\/wp\/v2\/media?parent=260"}],"curies":[{"name":"wp","href":"https:\/\/api.w.org\/{rel}","templated":true}]}}