{"id":203,"date":"2017-05-05T10:32:49","date_gmt":"2017-05-05T10:32:49","guid":{"rendered":"http:\/\/dev.visitbaskavoda.hr\/guestbook\/"},"modified":"2020-09-05T07:14:34","modified_gmt":"2020-09-05T07:14:34","slug":"guestbook","status":"publish","type":"page","link":"https:\/\/visitbaskavoda.hr\/fr\/guestbook\/","title":{"rendered":"Livre d&rsquo;or"},"content":{"rendered":"<section class=\"wpb-content-wrapper\"><p>[vc_row css=\u00a0\u00bb.vc_custom_1494404984371{padding-top: 50px !important;padding-bottom: 50px !important;}\u00a0\u00bb][vc_column width=\u00a0\u00bb2\/3&Prime;][vc_column_text]<\/p>\n<div class=\"side\">\n<p><strong>Dra\u017een Tomi\u0107:<\/strong> U apartmanu smo boravili s dvoje male djece. Apartman je iznimno uredan, moderno i funkcionalno opremljen s predivnim pogledom na more i crkvu sv. Nikole. Smje\u0161taj u samome centru, na 50 metara od pla\u017ee i 50 metara od svih sadr\u017eaja omogu\u0107uje obiteljima s djecom komforno planiranje svih aktivnosti. Posebno isti\u010demo ljubazne i pristupa\u010dne doma\u0107ine koji su uvijek na usluzi pru\u017eaju\u0107i gostima vrhunsku uslugu. Toplo preporu\u010dujemo!<\/p>\n<p>&#8211; Osijek, Hrvatska, 17. 8. 2020<\/p>\n<p><strong>Krzysztof Wronka:<\/strong> Apartament wy\u015bmienity. Ca\u0142kowicie odnowiony, czysty i \u015bwietnie wyposa\u017cony. By\u0142em 8 razy na pla\u017cy w apartamentach prywatnych, ale nigdzie nie spotka\u0142em takiej dba\u0142o\u015bci o czysto\u015b\u0107 (co 3 dni wymieniane r\u0119czniki, dodawany papierowy, pod\u0142oga na korytarzach codziennie wycierana). Wida\u0107 \u017ce gospodarze dbaj\u0105 o zdrowie w scenie z zagro\u017ceniem Covid -19.\u00a0Rozklad apartamenty: jeden pok\u00f3j z balkonem i naprawa mozna oddzieli\u0107 rozsuwanymiami &#8211; mog\u0105 wi\u0119c spa\u0107 spokojnie osoby na dw\u00f3ch \u0142\u00f3\u017ckach &#8211; a kto\u015b inny mo\u017ce przygotowywa\u0107 posi\u0142ek i nikomu nie przeszkadza\u0107. Parking tak\u017ce w miejscu idealnym, na terenie, pobliskiego ko\u015bcio\u0142a a wi\u0119c samoch\u00f3d te\u017c przysz\u0142o\u015bciowy.\u00a0Widok z balkonu bardzo dobry na morze (Ko\u015bci\u00f3\u0142 w niczym nie przeszkadza). Lokalizacja \u015bwietna &#8211; bardzo blisko do pla\u017cy, do sklepu, bankomatu i restauracji.\u00a0Gospodarze bardzo mili i sympatyczni, nawet zadbali o powitalne i po\u017cegnalne wino i piwo na dobry pocz\u0105tek (gospodarz \u015bwietnie m\u00f3wi po angielsku). Wakacje sp\u0119dzili\u015bmy z psem. Ca\u0142kowicie iz ca\u0142ego serca polecam House Jurisic.<\/p>\n<p>&#8211; Krasnik, Poland, 2. 8. 2020<\/p>\n<p>&nbsp;<\/p>\n<p><strong>Peter Hujo: <\/strong>\u00ab\u00a0We spent very nice 10-days holiday. Everything was OK. The apartment No 3 is very nice, clean and good equiped. The view from balcony is fantastic. The owners are very kind and helpful. Ante and Antonina Jurisic once more Thank You very much!\u00a0\u00bb<br \/>\n&#8211; \u017dilina, Slovakia &#8211; 08.2017<\/p>\n<p><strong><br \/>\nMaja Dikli\u0107 Da\u010di\u0107<\/strong>: \u00ab\u00a0Juri\u0161i\u0107i su divni ljudi, spremni pomo\u0107i kad god vam ustreba. Pokupili su nas na magistrali kad smo dolazili jer smo bili bez auta, i dovezli nas na magistralu kad smo odlazili. Pravi doma\u0107ini, imale smo u apartmanu sve \u0161to nam je trebalo, a da nismo imale dobile bi vjerojatno u roku od 10 minuta \ud83d\ude42 Apartman je uredan, ugodan i blizina mora je nevjerojatna. \u010cak bli\u017ee nego \u0161to izgleda na slici. Sestra i ja smo ba\u0161 u\u017eivale i sigurno bismo opet iznajmile apartman ako bi se vra\u0107ale u Ba\u0161ku Vodu. Topla preporuka!\u00a0\u00bb<br \/>\n&#8211; Osijek, Hrvatska &#8211; 23.07.2016<\/p>\n<p>&nbsp;<\/p>\n<\/div>\n<div class=\"side\">\n<p><strong>Lars and Ewa Nor\u00e9n<\/strong>: \u00ab\u00a0Ante and Antonina, thanks for your kind hospitality during our lovely 3 day stay in Basko Voda in October 2015. We really appreciated the House Jurisic, the apartment with its beautiful views from the large balcony Basko Voda is a beautiful, relaxing village with wonderful beaches at the foot of Biokovo impressive mountains. Of course we would like to return next year All the best from Ewa and Lars\u00a0\u00bb<br \/>\n&#8211; H\u00e4rn\u00f6sand, Sweden &#8211; 10.10.2015<\/p>\n<p>&nbsp;<\/p>\n<\/div>\n<div class=\"side\">\n<p><strong>Rolf Mauch<\/strong>: \u00ab\u00a0Hallo Ante Jurisic, ich war vom 12. bis 25. 09. 2015 bei Ihnen zu Gast und m\u00f6chte mich noch mal sehr herzlich f\u00fcr die herzliche und famili\u00e4re Gastfreundschaft bedanken. Es war mein sch\u00f6nster Urlaub, Kroatien, Boska Voda sind so wundersch\u00f6n. Ich komme gern wieder. Viele Gr\u00fc\u00dfe Rolf Mauch\u00a0\u00bb<br \/>\n&#8211; Stuttgart Deutschland &#8211; 01.10.2015<\/p>\n<p>&nbsp;<\/p>\n<\/div>\n<div class=\"side\">\n<p><strong>MARINKA HALILOVI\u0106<\/strong>: \u00ab\u00a0ODLI\u010cEN STUDIO IMA VSE KAR POTREBUJE\u0160,BLIZU PLA\u017dA,ZAGOTOVLJEN PARKIRNI PROSTOR,V CENTRU MESTA.PRIJAZEN IN GOSTOLJUBEN LASTNIK,VSE ZA POHVALIT.\u00a0\u00bb<br \/>\n&#8211; ajs@triera.net &#8211; 23.08.2015<\/p>\n<p>&nbsp;<\/p>\n<\/div>\n<div class=\"side\">\n<p><strong>Filippini Pier Vincenzo<\/strong>: \u00ab\u00a0Se volete trascorrere una meravigliosa ed indimenticabile vacanza in Croazia, andate a Baska Voda e se volete essere come a casa vostra scegliete senza ombra di dubbio House Jurisic, dove troverete la cordialit\u00e0 dei titolari Ante e Tonja, la loro disponibilit\u00e0 e la cortesia propria della gente Dalmata. Mare stupendo, cucina meravigliosa, cittadina fantastica. Tutto meraviglioso!!!!!!\u00a0\u00bb<br \/>\n&#8211; Pescara &#8211; 07.08.2015<\/p>\n<\/div>\n<p>[\/vc_column_text][\/vc_column][vc_column width=\u00a0\u00bb1\/3&Prime;][vc_column_text]\n<div class=\"wpcf7 no-js\" id=\"wpcf7-f171-o1\" lang=\"en-US\" dir=\"ltr\">\n<div class=\"screen-reader-response\"><p role=\"status\" aria-live=\"polite\" aria-atomic=\"true\"><\/p> <ul><\/ul><\/div>\n<form action=\"\/fr\/wp-json\/wp\/v2\/pages\/203#wpcf7-f171-o1\" method=\"post\" class=\"wpcf7-form init\" aria-label=\"Contact form\" novalidate=\"novalidate\" data-status=\"init\">\n<div style=\"display: none;\">\n<input type=\"hidden\" name=\"_wpcf7\" value=\"171\" \/>\n<input type=\"hidden\" name=\"_wpcf7_version\" value=\"5.9.5\" \/>\n<input type=\"hidden\" name=\"_wpcf7_locale\" value=\"en_US\" \/>\n<input type=\"hidden\" name=\"_wpcf7_unit_tag\" value=\"wpcf7-f171-o1\" \/>\n<input type=\"hidden\" name=\"_wpcf7_container_post\" value=\"0\" \/>\n<input type=\"hidden\" name=\"_wpcf7_posted_data_hash\" value=\"\" \/>\n<input type=\"hidden\" name=\"_wpcf7_recaptcha_response\" value=\"\" \/>\n<\/div>\n<p><label> Pr\u00e9nom *<br \/>\n<span class=\"wpcf7-form-control-wrap\" data-name=\"your-name\"><input size=\"40\" class=\"wpcf7-form-control wpcf7-text wpcf7-validates-as-required\" aria-required=\"true\" aria-invalid=\"false\" value=\"\" type=\"text\" name=\"your-name\" \/><\/span> <\/label>\n<\/p>\n<p><label> Email *<br \/>\n<span class=\"wpcf7-form-control-wrap\" data-name=\"your-email\"><input size=\"40\" class=\"wpcf7-form-control wpcf7-email wpcf7-validates-as-required wpcf7-text wpcf7-validates-as-email\" aria-required=\"true\" aria-invalid=\"false\" value=\"\" type=\"email\" name=\"your-email\" \/><\/span> <\/label>\n<\/p>\n<p><label> Message *<br \/>\n<span class=\"wpcf7-form-control-wrap\" data-name=\"your-message\"><textarea cols=\"40\" rows=\"10\" class=\"wpcf7-form-control wpcf7-textarea wpcf7-validates-as-required\" aria-required=\"true\" aria-invalid=\"false\" name=\"your-message\"><\/textarea><\/span> <\/label>\n<\/p>\n\n<div style=\"position:relative; z-index:1000;\">\n\t<p><input class=\"wpcf7-form-control wpcf7-submit has-spinner\" type=\"submit\" value=\"Envoyer\" \/>\n\t<\/p>\n<\/div><div class=\"wpcf7-response-output\" aria-hidden=\"true\"><\/div>\n<\/form>\n<\/div>\n[\/vc_column_text][\/vc_column][\/vc_row]<\/p>\n<\/section>","protected":false},"excerpt":{"rendered":"<p>[vc_row css=\u00a0\u00bb.vc_custom_1494404984371{padding-top: 50px !important;padding-bottom: 50px !important;}\u00a0\u00bb][vc_column width=\u00a0\u00bb2\/3&Prime;][vc_column_text] Dra\u017een Tomi\u0107: U apartmanu smo boravili s dvoje male djece. Apartman je iznimno uredan, moderno i funkcionalno opremljen s predivnim pogledom na more i crkvu sv. Nikole. Smje\u0161taj u samome centru, na 50 metara od pla\u017ee i 50 metara od svih sadr\u017eaja omogu\u0107uje obiteljima s djecom komforno planiranje [&hellip;]<\/p>\n","protected":false},"author":1,"featured_media":0,"parent":0,"menu_order":0,"comment_status":"closed","ping_status":"closed","template":"","meta":{"footnotes":""},"yoast_head":"<!-- This site is optimized with the Yoast SEO plugin v22.8 - https:\/\/yoast.com\/wordpress\/plugins\/seo\/ -->\n<title>Livre d&#039;or - House Juri\u0161i\u0107<\/title>\n<meta name=\"robots\" content=\"index, follow, max-snippet:-1, max-image-preview:large, max-video-preview:-1\" \/>\n<link rel=\"canonical\" href=\"https:\/\/visitbaskavoda.hr\/guestbook\/\" \/>\n<meta property=\"og:locale\" content=\"fr_FR\" \/>\n<meta property=\"og:type\" content=\"article\" \/>\n<meta property=\"og:title\" content=\"Livre d&#039;or - House Juri\u0161i\u0107\" \/>\n<meta property=\"og:description\" content=\"[vc_row css=\u00a0\u00bb.vc_custom_1494404984371{padding-top: 50px !important;padding-bottom: 50px !important;}\u00a0\u00bb][vc_column width=\u00a0\u00bb2\/3&Prime;][vc_column_text] Dra\u017een Tomi\u0107: U apartmanu smo boravili s dvoje male djece. Apartman je iznimno uredan, moderno i funkcionalno opremljen s predivnim pogledom na more i crkvu sv. Nikole. Smje\u0161taj u samome centru, na 50 metara od pla\u017ee i 50 metara od svih sadr\u017eaja omogu\u0107uje obiteljima s djecom komforno planiranje [&hellip;]\" \/>\n<meta property=\"og:url\" content=\"https:\/\/visitbaskavoda.hr\/guestbook\/\" \/>\n<meta property=\"og:site_name\" content=\"House Juri\u0161i\u0107\" \/>\n<meta property=\"article:modified_time\" content=\"2020-09-05T07:14:34+00:00\" \/>\n<meta name=\"twitter:card\" content=\"summary_large_image\" \/>\n<meta name=\"twitter:label1\" content=\"Dur\u00e9e de lecture estim\u00e9e\" \/>\n\t<meta name=\"twitter:data1\" content=\"3 minutes\" \/>\n<script type=\"application\/ld+json\" class=\"yoast-schema-graph\">{\"@context\":\"https:\/\/schema.org\",\"@graph\":[{\"@type\":\"WebPage\",\"@id\":\"https:\/\/visitbaskavoda.hr\/guestbook\/\",\"url\":\"https:\/\/visitbaskavoda.hr\/guestbook\/\",\"name\":\"Livre d'or - House Juri\u0161i\u0107\",\"isPartOf\":{\"@id\":\"https:\/\/visitbaskavoda.hr\/#website\"},\"datePublished\":\"2017-05-05T10:32:49+00:00\",\"dateModified\":\"2020-09-05T07:14:34+00:00\",\"breadcrumb\":{\"@id\":\"https:\/\/visitbaskavoda.hr\/guestbook\/#breadcrumb\"},\"inLanguage\":\"fr-FR\",\"potentialAction\":[{\"@type\":\"ReadAction\",\"target\":[\"https:\/\/visitbaskavoda.hr\/guestbook\/\"]}]},{\"@type\":\"BreadcrumbList\",\"@id\":\"https:\/\/visitbaskavoda.hr\/guestbook\/#breadcrumb\",\"itemListElement\":[{\"@type\":\"ListItem\",\"position\":1,\"name\":\"Home\",\"item\":\"https:\/\/visitbaskavoda.hr\/\"},{\"@type\":\"ListItem\",\"position\":2,\"name\":\"Livre d&#8217;or\"}]},{\"@type\":\"WebSite\",\"@id\":\"https:\/\/visitbaskavoda.hr\/#website\",\"url\":\"https:\/\/visitbaskavoda.hr\/\",\"name\":\"House Juri\u0161i\u0107\",\"description\":\"Ba\u0161ka Voda\",\"potentialAction\":[{\"@type\":\"SearchAction\",\"target\":{\"@type\":\"EntryPoint\",\"urlTemplate\":\"https:\/\/visitbaskavoda.hr\/?s={search_term_string}\"},\"query-input\":\"required name=search_term_string\"}],\"inLanguage\":\"fr-FR\"}]}<\/script>\n<!-- \/ Yoast SEO plugin. -->","yoast_head_json":{"title":"Livre d'or - House Juri\u0161i\u0107","robots":{"index":"index","follow":"follow","max-snippet":"max-snippet:-1","max-image-preview":"max-image-preview:large","max-video-preview":"max-video-preview:-1"},"canonical":"https:\/\/visitbaskavoda.hr\/guestbook\/","og_locale":"fr_FR","og_type":"article","og_title":"Livre d'or - House Juri\u0161i\u0107","og_description":"[vc_row css=\u00a0\u00bb.vc_custom_1494404984371{padding-top: 50px !important;padding-bottom: 50px !important;}\u00a0\u00bb][vc_column width=\u00a0\u00bb2\/3&Prime;][vc_column_text] Dra\u017een Tomi\u0107: U apartmanu smo boravili s dvoje male djece. Apartman je iznimno uredan, moderno i funkcionalno opremljen s predivnim pogledom na more i crkvu sv. Nikole. Smje\u0161taj u samome centru, na 50 metara od pla\u017ee i 50 metara od svih sadr\u017eaja omogu\u0107uje obiteljima s djecom komforno planiranje [&hellip;]","og_url":"https:\/\/visitbaskavoda.hr\/guestbook\/","og_site_name":"House Juri\u0161i\u0107","article_modified_time":"2020-09-05T07:14:34+00:00","twitter_card":"summary_large_image","twitter_misc":{"Dur\u00e9e de lecture estim\u00e9e":"3 minutes"},"schema":{"@context":"https:\/\/schema.org","@graph":[{"@type":"WebPage","@id":"https:\/\/visitbaskavoda.hr\/guestbook\/","url":"https:\/\/visitbaskavoda.hr\/guestbook\/","name":"Livre d'or - House Juri\u0161i\u0107","isPartOf":{"@id":"https:\/\/visitbaskavoda.hr\/#website"},"datePublished":"2017-05-05T10:32:49+00:00","dateModified":"2020-09-05T07:14:34+00:00","breadcrumb":{"@id":"https:\/\/visitbaskavoda.hr\/guestbook\/#breadcrumb"},"inLanguage":"fr-FR","potentialAction":[{"@type":"ReadAction","target":["https:\/\/visitbaskavoda.hr\/guestbook\/"]}]},{"@type":"BreadcrumbList","@id":"https:\/\/visitbaskavoda.hr\/guestbook\/#breadcrumb","itemListElement":[{"@type":"ListItem","position":1,"name":"Home","item":"https:\/\/visitbaskavoda.hr\/"},{"@type":"ListItem","position":2,"name":"Livre d&#8217;or"}]},{"@type":"WebSite","@id":"https:\/\/visitbaskavoda.hr\/#website","url":"https:\/\/visitbaskavoda.hr\/","name":"House Juri\u0161i\u0107","description":"Ba\u0161ka Voda","potentialAction":[{"@type":"SearchAction","target":{"@type":"EntryPoint","urlTemplate":"https:\/\/visitbaskavoda.hr\/?s={search_term_string}"},"query-input":"required name=search_term_string"}],"inLanguage":"fr-FR"}]}},"_links":{"self":[{"href":"https:\/\/visitbaskavoda.hr\/fr\/wp-json\/wp\/v2\/pages\/203"}],"collection":[{"href":"https:\/\/visitbaskavoda.hr\/fr\/wp-json\/wp\/v2\/pages"}],"about":[{"href":"https:\/\/visitbaskavoda.hr\/fr\/wp-json\/wp\/v2\/types\/page"}],"author":[{"embeddable":true,"href":"https:\/\/visitbaskavoda.hr\/fr\/wp-json\/wp\/v2\/users\/1"}],"replies":[{"embeddable":true,"href":"https:\/\/visitbaskavoda.hr\/fr\/wp-json\/wp\/v2\/comments?post=203"}],"version-history":[{"count":4,"href":"https:\/\/visitbaskavoda.hr\/fr\/wp-json\/wp\/v2\/pages\/203\/revisions"}],"predecessor-version":[{"id":1019,"href":"https:\/\/visitbaskavoda.hr\/fr\/wp-json\/wp\/v2\/pages\/203\/revisions\/1019"}],"wp:attachment":[{"href":"https:\/\/visitbaskavoda.hr\/fr\/wp-json\/wp\/v2\/media?parent=203"}],"curies":[{"name":"wp","href":"https:\/\/api.w.org\/{rel}","templated":true}]}}