{"id":281,"date":"2017-05-05T10:33:00","date_gmt":"2017-05-05T10:33:00","guid":{"rendered":"http:\/\/dev.visitbaskavoda.hr\/find-us\/"},"modified":"2021-10-18T11:06:11","modified_gmt":"2021-10-18T11:06:11","slug":"find-us","status":"publish","type":"page","link":"https:\/\/visitbaskavoda.hr\/fr\/find-us\/","title":{"rendered":"Trouvez nous"},"content":{"rendered":"<section class=\"wpb-content-wrapper\"><p>[vc_row css=\u00a0\u00bb.vc_custom_1494405401522{padding-top: 50px !important;padding-bottom: 50px !important;}\u00a0\u00bb][vc_column width=\u00a0\u00bb1\/2&Prime;][vc_column_text 0=\u00a0\u00bb\u00a0\u00bb]HR \u2013 21320 Ba\u0161ka Voda<br \/>\nKneza Domagoja 25<br \/>\nCroatie<\/p>\n<p>&nbsp;<\/p>\n<p>Tel.: +385 21 620329<br \/>\nViber: +385 99 833 97 33<br \/>\n<a href=\"mailto:info@visitbaskavoda.hr\">info@visitbaskavoda.hr<\/a><br \/>\n<a href=\"http:\/\/www.visitbaskavoda.hr\/\" target=\"_blank\" rel=\"noopener noreferrer\">www.visitbaskavoda.hr<br \/>\n<\/a><\/p>\n<p>&nbsp;<\/p>\n<p>Antonina &amp; Ante Juri\u0161i\u0107[\/vc_column_text][vc_empty_space 0=\u00a0\u00bb\u00a0\u00bb][vc_btn title=\u00a0\u00bbCarte de la ville avec les directions\u00a0\u00bb link=\u00a0\u00bburl:https%3A%2F%2Fvisitbaskavoda.hr%2Fwp-content%2Fuploads%2F2017%2F05%2F2622.pdf||target:%20_blank|\u00a0\u00bb][\/vc_column][vc_column width=\u00a0\u00bb1\/2&Prime;][vc_gmaps link=\u00a0\u00bb#E-8_JTNDaWZyYW1lJTIwc3JjJTNEJTIyaHR0cHMlM0ElMkYlMkZ3d3cuZ29vZ2xlLmNvbSUyRm1hcHMlMkZlbWJlZCUzRnBiJTNEJTIxMW0xOCUyMTFtMTIlMjExbTMlMjExZDgyMDUuMTUxMjYwNTUwODclMjEyZDE2Ljk0MjgwOTk0NDYzNTI2JTIxM2Q0My4zNTY5NjcxOTM2NDQ3MyUyMTJtMyUyMTFmMCUyMTJmMCUyMTNmMCUyMTNtMiUyMTFpMTAyNCUyMTJpNzY4JTIxNGYxMy4xJTIxM20zJTIxMW0yJTIxMXMweDAlMjUzQTB4MCUyMTJ6TkRQQ3NESXhKekkwTGpraVRpQXhOc0t3TlRZbk5UZ3VOeUpGJTIxNWUwJTIxM20yJTIxMXNociUyMTJzaHIlMjE0djE0OTg1NTk2NzE1NjAlMjIlMjB3aWR0aCUzRCUyMjEwMCUyNSUyMiUyMGhlaWdodCUzRCUyMjQ1MCUyMiUyMGZyYW1lYm9yZGVyJTNEJTIyMCUyMiUyMHN0eWxlJTNEJTIyYm9yZGVyJTNBMCUyMiUyMGFsbG93ZnVsbHNjcmVlbiUzRSUzQyUyRmlmcmFtZSUzRQ==\u00a0\u00bb size=\u00a0\u00bb\u00a0\u00bb][\/vc_column][\/vc_row]<\/p>\n<\/section>","protected":false},"excerpt":{"rendered":"<p>[vc_row css=\u00a0\u00bb.vc_custom_1494405401522{padding-top: 50px !important;padding-bottom: 50px !important;}\u00a0\u00bb][vc_column width=\u00a0\u00bb1\/2&Prime;][vc_column_text 0=\u00a0\u00bb\u00a0\u00bb]HR \u2013 21320 Ba\u0161ka Voda Kneza Domagoja 25 Croatie &nbsp; Tel.: +385 21 620329 Viber: +385 99 833 97 33 info@visitbaskavoda.hr www.visitbaskavoda.hr &nbsp; Antonina &amp; Ante Juri\u0161i\u0107[\/vc_column_text][vc_empty_space 0=\u00a0\u00bb\u00a0\u00bb][vc_btn title=\u00a0\u00bbCarte de la ville avec les directions\u00a0\u00bb link=\u00a0\u00bburl:https%3A%2F%2Fvisitbaskavoda.hr%2Fwp-content%2Fuploads%2F2017%2F05%2F2622.pdf||target:%20_blank|\u00a0\u00bb][\/vc_column][vc_column width=\u00a0\u00bb1\/2&Prime;][vc_gmaps link=\u00a0\u00bb#E-8_JTNDaWZyYW1lJTIwc3JjJTNEJTIyaHR0cHMlM0ElMkYlMkZ3d3cuZ29vZ2xlLmNvbSUyRm1hcHMlMkZlbWJlZCUzRnBiJTNEJTIxMW0xOCUyMTFtMTIlMjExbTMlMjExZDgyMDUuMTUxMjYwNTUwODclMjEyZDE2Ljk0MjgwOTk0NDYzNTI2JTIxM2Q0My4zNTY5NjcxOTM2NDQ3MyUyMTJtMyUyMTFmMCUyMTJmMCUyMTNmMCUyMTNtMiUyMTFpMTAyNCUyMTJpNzY4JTIxNGYxMy4xJTIxM20zJTIxMW0yJTIxMXMweDAlMjUzQTB4MCUyMTJ6TkRQQ3NESXhKekkwTGpraVRpQXhOc0t3TlRZbk5UZ3VOeUpGJTIxNWUwJTIxM20yJTIxMXNociUyMTJzaHIlMjE0djE0OTg1NTk2NzE1NjAlMjIlMjB3aWR0aCUzRCUyMjEwMCUyNSUyMiUyMGhlaWdodCUzRCUyMjQ1MCUyMiUyMGZyYW1lYm9yZGVyJTNEJTIyMCUyMiUyMHN0eWxlJTNEJTIyYm9yZGVyJTNBMCUyMiUyMGFsbG93ZnVsbHNjcmVlbiUzRSUzQyUyRmlmcmFtZSUzRQ==\u00a0\u00bb size=\u00a0\u00bb\u00a0\u00bb][\/vc_column][\/vc_row]<\/p>\n","protected":false},"author":1,"featured_media":0,"parent":0,"menu_order":0,"comment_status":"closed","ping_status":"closed","template":"","meta":{"footnotes":""},"yoast_head":"<!-- This site is optimized with the Yoast SEO plugin v22.8 - https:\/\/yoast.com\/wordpress\/plugins\/seo\/ -->\n<title>Trouvez nous - House Juri\u0161i\u0107<\/title>\n<meta name=\"robots\" content=\"index, follow, max-snippet:-1, max-image-preview:large, max-video-preview:-1\" \/>\n<link rel=\"canonical\" href=\"https:\/\/visitbaskavoda.hr\/find-us\/\" \/>\n<meta property=\"og:locale\" content=\"fr_FR\" \/>\n<meta property=\"og:type\" content=\"article\" \/>\n<meta property=\"og:title\" content=\"Trouvez nous - House Juri\u0161i\u0107\" \/>\n<meta property=\"og:description\" content=\"[vc_row css=\u00a0\u00bb.vc_custom_1494405401522{padding-top: 50px !important;padding-bottom: 50px !important;}\u00a0\u00bb][vc_column width=\u00a0\u00bb1\/2&Prime;][vc_column_text 0=\u00a0\u00bb\u00a0\u00bb]HR \u2013 21320 Ba\u0161ka Voda Kneza Domagoja 25 Croatie &nbsp; Tel.: +385 21 620329 Viber: +385 99 833 97 33 info@visitbaskavoda.hr www.visitbaskavoda.hr &nbsp; Antonina &amp; Ante Juri\u0161i\u0107[\/vc_column_text][vc_empty_space 0=\u00a0\u00bb\u00a0\u00bb][vc_btn title=\u00a0\u00bbCarte de la ville avec les directions\u00a0\u00bb link=\u00a0\u00bburl:https%3A%2F%2Fvisitbaskavoda.hr%2Fwp-content%2Fuploads%2F2017%2F05%2F2622.pdf||target:%20_blank|\u00a0\u00bb][\/vc_column][vc_column width=\u00a0\u00bb1\/2&Prime;][vc_gmaps link=\u00a0\u00bb#E-8_JTNDaWZyYW1lJTIwc3JjJTNEJTIyaHR0cHMlM0ElMkYlMkZ3d3cuZ29vZ2xlLmNvbSUyRm1hcHMlMkZlbWJlZCUzRnBiJTNEJTIxMW0xOCUyMTFtMTIlMjExbTMlMjExZDgyMDUuMTUxMjYwNTUwODclMjEyZDE2Ljk0MjgwOTk0NDYzNTI2JTIxM2Q0My4zNTY5NjcxOTM2NDQ3MyUyMTJtMyUyMTFmMCUyMTJmMCUyMTNmMCUyMTNtMiUyMTFpMTAyNCUyMTJpNzY4JTIxNGYxMy4xJTIxM20zJTIxMW0yJTIxMXMweDAlMjUzQTB4MCUyMTJ6TkRQQ3NESXhKekkwTGpraVRpQXhOc0t3TlRZbk5UZ3VOeUpGJTIxNWUwJTIxM20yJTIxMXNociUyMTJzaHIlMjE0djE0OTg1NTk2NzE1NjAlMjIlMjB3aWR0aCUzRCUyMjEwMCUyNSUyMiUyMGhlaWdodCUzRCUyMjQ1MCUyMiUyMGZyYW1lYm9yZGVyJTNEJTIyMCUyMiUyMHN0eWxlJTNEJTIyYm9yZGVyJTNBMCUyMiUyMGFsbG93ZnVsbHNjcmVlbiUzRSUzQyUyRmlmcmFtZSUzRQ==\u00a0\u00bb size=\u00a0\u00bb\u00a0\u00bb][\/vc_column][\/vc_row]\" \/>\n<meta property=\"og:url\" content=\"https:\/\/visitbaskavoda.hr\/find-us\/\" \/>\n<meta property=\"og:site_name\" content=\"House Juri\u0161i\u0107\" \/>\n<meta property=\"article:modified_time\" content=\"2021-10-18T11:06:11+00:00\" \/>\n<meta name=\"twitter:card\" content=\"summary_large_image\" \/>\n<meta name=\"twitter:label1\" content=\"Dur\u00e9e de lecture estim\u00e9e\" \/>\n\t<meta name=\"twitter:data1\" content=\"1 minute\" \/>\n<script type=\"application\/ld+json\" class=\"yoast-schema-graph\">{\"@context\":\"https:\/\/schema.org\",\"@graph\":[{\"@type\":\"WebPage\",\"@id\":\"https:\/\/visitbaskavoda.hr\/find-us\/\",\"url\":\"https:\/\/visitbaskavoda.hr\/find-us\/\",\"name\":\"Trouvez nous - House Juri\u0161i\u0107\",\"isPartOf\":{\"@id\":\"https:\/\/visitbaskavoda.hr\/#website\"},\"datePublished\":\"2017-05-05T10:33:00+00:00\",\"dateModified\":\"2021-10-18T11:06:11+00:00\",\"breadcrumb\":{\"@id\":\"https:\/\/visitbaskavoda.hr\/find-us\/#breadcrumb\"},\"inLanguage\":\"fr-FR\",\"potentialAction\":[{\"@type\":\"ReadAction\",\"target\":[\"https:\/\/visitbaskavoda.hr\/find-us\/\"]}]},{\"@type\":\"BreadcrumbList\",\"@id\":\"https:\/\/visitbaskavoda.hr\/find-us\/#breadcrumb\",\"itemListElement\":[{\"@type\":\"ListItem\",\"position\":1,\"name\":\"Home\",\"item\":\"https:\/\/visitbaskavoda.hr\/\"},{\"@type\":\"ListItem\",\"position\":2,\"name\":\"Trouvez nous\"}]},{\"@type\":\"WebSite\",\"@id\":\"https:\/\/visitbaskavoda.hr\/#website\",\"url\":\"https:\/\/visitbaskavoda.hr\/\",\"name\":\"House Juri\u0161i\u0107\",\"description\":\"Ba\u0161ka Voda\",\"potentialAction\":[{\"@type\":\"SearchAction\",\"target\":{\"@type\":\"EntryPoint\",\"urlTemplate\":\"https:\/\/visitbaskavoda.hr\/?s={search_term_string}\"},\"query-input\":\"required name=search_term_string\"}],\"inLanguage\":\"fr-FR\"}]}<\/script>\n<!-- \/ Yoast SEO plugin. -->","yoast_head_json":{"title":"Trouvez nous - House Juri\u0161i\u0107","robots":{"index":"index","follow":"follow","max-snippet":"max-snippet:-1","max-image-preview":"max-image-preview:large","max-video-preview":"max-video-preview:-1"},"canonical":"https:\/\/visitbaskavoda.hr\/find-us\/","og_locale":"fr_FR","og_type":"article","og_title":"Trouvez nous - House Juri\u0161i\u0107","og_description":"[vc_row css=\u00a0\u00bb.vc_custom_1494405401522{padding-top: 50px !important;padding-bottom: 50px !important;}\u00a0\u00bb][vc_column width=\u00a0\u00bb1\/2&Prime;][vc_column_text 0=\u00a0\u00bb\u00a0\u00bb]HR \u2013 21320 Ba\u0161ka Voda Kneza Domagoja 25 Croatie &nbsp; Tel.: +385 21 620329 Viber: +385 99 833 97 33 info@visitbaskavoda.hr www.visitbaskavoda.hr &nbsp; Antonina &amp; Ante Juri\u0161i\u0107[\/vc_column_text][vc_empty_space 0=\u00a0\u00bb\u00a0\u00bb][vc_btn title=\u00a0\u00bbCarte de la ville avec les directions\u00a0\u00bb link=\u00a0\u00bburl:https%3A%2F%2Fvisitbaskavoda.hr%2Fwp-content%2Fuploads%2F2017%2F05%2F2622.pdf||target:%20_blank|\u00a0\u00bb][\/vc_column][vc_column width=\u00a0\u00bb1\/2&Prime;][vc_gmaps link=\u00a0\u00bb#E-8_JTNDaWZyYW1lJTIwc3JjJTNEJTIyaHR0cHMlM0ElMkYlMkZ3d3cuZ29vZ2xlLmNvbSUyRm1hcHMlMkZlbWJlZCUzRnBiJTNEJTIxMW0xOCUyMTFtMTIlMjExbTMlMjExZDgyMDUuMTUxMjYwNTUwODclMjEyZDE2Ljk0MjgwOTk0NDYzNTI2JTIxM2Q0My4zNTY5NjcxOTM2NDQ3MyUyMTJtMyUyMTFmMCUyMTJmMCUyMTNmMCUyMTNtMiUyMTFpMTAyNCUyMTJpNzY4JTIxNGYxMy4xJTIxM20zJTIxMW0yJTIxMXMweDAlMjUzQTB4MCUyMTJ6TkRQQ3NESXhKekkwTGpraVRpQXhOc0t3TlRZbk5UZ3VOeUpGJTIxNWUwJTIxM20yJTIxMXNociUyMTJzaHIlMjE0djE0OTg1NTk2NzE1NjAlMjIlMjB3aWR0aCUzRCUyMjEwMCUyNSUyMiUyMGhlaWdodCUzRCUyMjQ1MCUyMiUyMGZyYW1lYm9yZGVyJTNEJTIyMCUyMiUyMHN0eWxlJTNEJTIyYm9yZGVyJTNBMCUyMiUyMGFsbG93ZnVsbHNjcmVlbiUzRSUzQyUyRmlmcmFtZSUzRQ==\u00a0\u00bb size=\u00a0\u00bb\u00a0\u00bb][\/vc_column][\/vc_row]","og_url":"https:\/\/visitbaskavoda.hr\/find-us\/","og_site_name":"House Juri\u0161i\u0107","article_modified_time":"2021-10-18T11:06:11+00:00","twitter_card":"summary_large_image","twitter_misc":{"Dur\u00e9e de lecture estim\u00e9e":"1 minute"},"schema":{"@context":"https:\/\/schema.org","@graph":[{"@type":"WebPage","@id":"https:\/\/visitbaskavoda.hr\/find-us\/","url":"https:\/\/visitbaskavoda.hr\/find-us\/","name":"Trouvez nous - House Juri\u0161i\u0107","isPartOf":{"@id":"https:\/\/visitbaskavoda.hr\/#website"},"datePublished":"2017-05-05T10:33:00+00:00","dateModified":"2021-10-18T11:06:11+00:00","breadcrumb":{"@id":"https:\/\/visitbaskavoda.hr\/find-us\/#breadcrumb"},"inLanguage":"fr-FR","potentialAction":[{"@type":"ReadAction","target":["https:\/\/visitbaskavoda.hr\/find-us\/"]}]},{"@type":"BreadcrumbList","@id":"https:\/\/visitbaskavoda.hr\/find-us\/#breadcrumb","itemListElement":[{"@type":"ListItem","position":1,"name":"Home","item":"https:\/\/visitbaskavoda.hr\/"},{"@type":"ListItem","position":2,"name":"Trouvez nous"}]},{"@type":"WebSite","@id":"https:\/\/visitbaskavoda.hr\/#website","url":"https:\/\/visitbaskavoda.hr\/","name":"House Juri\u0161i\u0107","description":"Ba\u0161ka Voda","potentialAction":[{"@type":"SearchAction","target":{"@type":"EntryPoint","urlTemplate":"https:\/\/visitbaskavoda.hr\/?s={search_term_string}"},"query-input":"required name=search_term_string"}],"inLanguage":"fr-FR"}]}},"_links":{"self":[{"href":"https:\/\/visitbaskavoda.hr\/fr\/wp-json\/wp\/v2\/pages\/281"}],"collection":[{"href":"https:\/\/visitbaskavoda.hr\/fr\/wp-json\/wp\/v2\/pages"}],"about":[{"href":"https:\/\/visitbaskavoda.hr\/fr\/wp-json\/wp\/v2\/types\/page"}],"author":[{"embeddable":true,"href":"https:\/\/visitbaskavoda.hr\/fr\/wp-json\/wp\/v2\/users\/1"}],"replies":[{"embeddable":true,"href":"https:\/\/visitbaskavoda.hr\/fr\/wp-json\/wp\/v2\/comments?post=281"}],"version-history":[{"count":3,"href":"https:\/\/visitbaskavoda.hr\/fr\/wp-json\/wp\/v2\/pages\/281\/revisions"}],"predecessor-version":[{"id":1102,"href":"https:\/\/visitbaskavoda.hr\/fr\/wp-json\/wp\/v2\/pages\/281\/revisions\/1102"}],"wp:attachment":[{"href":"https:\/\/visitbaskavoda.hr\/fr\/wp-json\/wp\/v2\/media?parent=281"}],"curies":[{"name":"wp","href":"https:\/\/api.w.org\/{rel}","templated":true}]}}