{"id":394,"date":"2017-05-05T09:32:47","date_gmt":"2017-05-05T09:32:47","guid":{"rendered":"http:\/\/dev.visitbaskavoda.hr\/pocetna\/"},"modified":"2018-03-23T12:33:51","modified_gmt":"2018-03-23T12:33:51","slug":"pocetna","status":"publish","type":"page","link":"https:\/\/visitbaskavoda.hr\/fr\/","title":{"rendered":"Home"},"content":{"rendered":"<section class=\"wpb-content-wrapper\"><p>[vc_row][vc_column]\n\t\t\t<!-- START header REVOLUTION SLIDER 6.3.5 --><p class=\"rs-p-wp-fix\"><\/p>\n\t\t\t<rs-module-wrap id=\"rev_slider_1_1_wrapper\" data-source=\"gallery\" style=\"background:transparent;padding:0;margin:0px auto;margin-top:0;margin-bottom:0;\">\n\t\t\t\t<rs-module id=\"rev_slider_1_1\" style=\"\" data-version=\"6.3.5\">\n\t\t\t\t\t<rs-slides>\n\t\t\t\t\t\t<rs-slide data-key=\"rs-1\" data-title=\"Slide\" data-anim=\"ei:d;eo:d;s:600;t:fade;sl:d;\">\n\t\t\t\t\t\t\t<img decoding=\"async\" src=\"\/\/visitbaskavoda.hr\/wp-content\/uploads\/2017\/05\/baska-voda-naslovna.jpg\" title=\"Home\" class=\"rev-slidebg\" data-no-retina>\n<!---->\t\t\t\t\t\t<\/rs-slide>\n\t\t\t\t\t<\/rs-slides>\n\t\t\t\t<\/rs-module>\n\t\t\t\t<script type=\"text\/javascript\">\n\t\t\t\t\tsetREVStartSize({c: 'rev_slider_1_1',rl:[1240,1024,778,480],el:[],gw:[1240],gh:[700],type:'standard',justify:'',layout:'fullwidth',mh:\"0\"});\n\t\t\t\t\tvar\trevapi1,\n\t\t\t\t\t\ttpj;\n\t\t\t\t\tfunction revinit_revslider11() {\n\t\t\t\t\tjQuery(function() {\n\t\t\t\t\t\ttpj = jQuery;\n\t\t\t\t\t\trevapi1 = tpj(\"#rev_slider_1_1\");\n\t\t\t\t\t\tif(revapi1==undefined || revapi1.revolution == undefined){\n\t\t\t\t\t\t\trevslider_showDoubleJqueryError(\"rev_slider_1_1\");\n\t\t\t\t\t\t}else{\n\t\t\t\t\t\t\trevapi1.revolution({\n\t\t\t\t\t\t\t\tsliderLayout:\"fullwidth\",\n\t\t\t\t\t\t\t\tvisibilityLevels:\"1240,1024,778,480\",\n\t\t\t\t\t\t\t\tgridwidth:1240,\n\t\t\t\t\t\t\t\tgridheight:700,\n\t\t\t\t\t\t\t\tspinner:\"spinner0\",\n\t\t\t\t\t\t\t\tperspectiveType:\"local\",\n\t\t\t\t\t\t\t\tresponsiveLevels:\"1240,1024,778,480\",\n\t\t\t\t\t\t\t\tprogressBar:{disableProgressBar:true},\n\t\t\t\t\t\t\t\tnavigation: {\n\t\t\t\t\t\t\t\t\tonHoverStop:false\n\t\t\t\t\t\t\t\t},\n\t\t\t\t\t\t\t\tfallbacks: {\n\t\t\t\t\t\t\t\t\tallowHTML5AutoPlayOnAndroid:true\n\t\t\t\t\t\t\t\t},\n\t\t\t\t\t\t\t});\n\t\t\t\t\t\t}\n\t\t\t\t\t\t\n\t\t\t\t\t});\n\t\t\t\t\t} \/\/ End of RevInitScript\n\t\t\t\tvar once_revslider11 = false;\n\t\t\t\tif (document.readyState === \"loading\") {document.addEventListener('readystatechange',function() { if((document.readyState === \"interactive\" || document.readyState === \"complete\") && !once_revslider11 ) { once_revslider11 = true; revinit_revslider11();}});} else {once_revslider11 = true; revinit_revslider11();}\n\t\t\t\t<\/script>\n\t\t\t<\/rs-module-wrap>\n\t\t\t<!-- END REVOLUTION SLIDER -->\n[\/vc_column][\/vc_row][vc_row css=\u00a0\u00bb.vc_custom_1493981301181{padding-top: 50px !important;padding-bottom: 50px !important;}\u00a0\u00bb][vc_column][vc_column_text]<\/p>\n<h1>Bienvenus!<\/h1>\n<p>Chers invit\u00e9s! Visitez Ba\u0161ka Voda, l&rsquo;endroit ou l&rsquo;Adriatique embrasse tendrement les plages d\u2019une blancheur perl\u00e9e, et le Soleil r\u00e9pand joyeusement ses rayons vivifiants sur le tapis verdoyant \u00e9tendu au pied du majestueux massif du mont Biokovo. Les maisons de famille qui respirent la convivialit\u00e9 et l\u2019envie de faire plaisir vous garantissent des vacances tres agr\u00e9ables, et la mer invite a profiter des moments de bonheur uniques qui resteront a jamais grav\u00e9s dans les m\u00e9moires et dans les cours des amoureux de la vie. Visitez Ba\u0161ka Voda! Prenez votre temps! D\u00e9tendez-vous et oubliez les soucis, a l&rsquo;ombre des palmiers et des pins, lors d&rsquo;une promenade relaxante au bord de la mer, en compagnie de ceux qui vous aiment. Inspirez a pleins poumons la sant\u00e9 et plongez dans la fra\u00eecheur de la ros\u00e9e \u00e9parpill\u00e9e sur les aiguilles de pins et les feuilles de vignes, d\u2019oliviers et de palmiers et d\u00e9couvrez pourquoi un vieux proverbe dit qu\u2019 \u00abici, meme les mourants reviennent a la vie\u00bb! Baska Voda est connue comme la destination touristique id\u00e9ale pour les vacances en famille et point de d\u00e9part parfait pour de nombreux voyages attrayants et inoubliable (Dubrovnik, les \u00eeles de Bra\u010d, Hvar et Kor\u010dula, Split, les cascades de Krka, Me\u0111ugorje, Mostar etc). Visitez Ba\u0161ka Voda et d\u00e9couvrez pourquoi tant de touristes de retour et faire Baska Voda la destination la plus populaire de la Dalmatie centrale!! Visitez Ba\u0161ka Voda et passez les vacances agr\u00e9ables! Bienvenus!<br \/>\n&#8230;<br \/>\nLa Maison Jurisic se trouve dans le centre ville, pres d&rsquo;une grande plage de galets blancs, d\u00e9cern\u00e9 par Blue Flag et proche de toutes les g\u00e9n\u00e9rations. Le balcon donne sur une tres belle vue de la plage et d&rsquo;une mer cristalline avec le plus beau des couchers de soleil. Nous offrons trois appartements de vacances moderne pour deux jusqu&rsquo;a quatre personnes. Visitez Bas\u0161ka Voda et soyez nos invit\u00e9s! Nous sommes impatients de vous rencontrer!<br \/>\n&#8230;<br \/>\nRecommandez notre site a vos amis!<br \/>\nLa famille Jurisic vous souhaite la bienvenue!![\/vc_column_text][\/vc_column][\/vc_row][vc_row full_width=\u00a0\u00bbstretch_row\u00a0\u00bb css=\u00a0\u00bb.vc_custom_1493981714753{padding-top: 50px !important;padding-bottom: 15px !important;background-color: #dbdbdb !important;}\u00a0\u00bb][vc_column width=\u00a0\u00bb1\/3&Prime;][vc_single_image image=\u00a0\u00bb41&Prime; img_size=\u00a0\u00bbfull\u00a0\u00bb alignment=\u00a0\u00bbcenter\u00a0\u00bb onclick=\u00a0\u00bblink_image\u00a0\u00bb][\/vc_column][vc_column width=\u00a0\u00bb1\/3&Prime;][vc_single_image image=\u00a0\u00bb48&Prime; img_size=\u00a0\u00bbfull\u00a0\u00bb alignment=\u00a0\u00bbcenter\u00a0\u00bb onclick=\u00a0\u00bblink_image\u00a0\u00bb][\/vc_column][vc_column width=\u00a0\u00bb1\/3&Prime;][vc_single_image image=\u00a0\u00bb49&Prime; img_size=\u00a0\u00bbfull\u00a0\u00bb alignment=\u00a0\u00bbcenter\u00a0\u00bb onclick=\u00a0\u00bblink_image\u00a0\u00bb][\/vc_column][\/vc_row][vc_row css=\u00a0\u00bb.vc_custom_1494236623958{padding-top: 50px !important;padding-bottom: 50px !important;}\u00a0\u00bb][vc_column][vc_custom_heading text=\u00a0\u00bbDerni\u00e8res nouvelles\u00a0\u00bb use_theme_fonts=\u00a0\u00bbyes\u00a0\u00bb][vc_basic_grid post_type=\u00a0\u00bbpost\u00a0\u00bb max_items=\u00a0\u00bb3&Prime; grid_id=\u00a0\u00bbvc_gid:1521808375773-24f5121f-d094-5&Prime; taxonomies=\u00a0\u00bb14&Prime;][\/vc_column][\/vc_row][vc_row full_width=\u00a0\u00bbstretch_row\u00a0\u00bb css=\u00a0\u00bb.vc_custom_1494236782510{padding-top: 50px !important;background-color: #deebf5 !important;}\u00a0\u00bb][vc_column width=\u00a0\u00bb1\/2&Prime;][vc_custom_heading text=\u00a0\u00bbM\u00e9t\u00e9o Ba\u0161ka Voda\u00a0\u00bb font_container=\u00a0\u00bbtag:h3|text_align:left\u00a0\u00bb use_theme_fonts=\u00a0\u00bbyes\u00a0\u00bb][vc_column_text]<div id=\"wpc-weather-id-52\" class=\"wpc-weather-id\" data_id=\"52\" data_post_id=\"394\" data_map=\"\" data_detect_geolocation=\"\" data_manual_geolocation=\"\" data_wpc_lat=\"\" data_wpc_lon=\"\" data_wpc_city_id=\"\" data_wpc_city_name=\"\" data_custom_font=\"\"><\/div>[\/vc_column_text][\/vc_column][vc_column width=\u00a0\u00bb1\/2&Prime;][vc_custom_heading text=\u00a0\u00bbWebcam\u00a0\u00bb font_container=\u00a0\u00bbtag:h3|text_align:left\u00a0\u00bb use_theme_fonts=\u00a0\u00bbyes\u00a0\u00bb][vc_single_image image=\u00a0\u00bb903&Prime; img_size=\u00a0\u00bbfull\u00a0\u00bb onclick=\u00a0\u00bbcustom_link\u00a0\u00bb img_link_target=\u00a0\u00bb_blank\u00a0\u00bb link=\u00a0\u00bbhttps:\/\/www.whatsupcams.com\/wgt\/hr_baskavoda1\/768\/480\/\u00a0\u00bb][\/vc_column][\/vc_row]<\/p>\n<\/section>","protected":false},"excerpt":{"rendered":"<p>[vc_row][vc_column][\/vc_column][\/vc_row][vc_row css=\u00a0\u00bb.vc_custom_1493981301181{padding-top: 50px !important;padding-bottom: 50px !important;}\u00a0\u00bb][vc_column][vc_column_text] Bienvenus! Chers invit\u00e9s! Visitez Ba\u0161ka Voda, l&rsquo;endroit ou l&rsquo;Adriatique embrasse tendrement les plages d\u2019une blancheur perl\u00e9e, et le Soleil r\u00e9pand joyeusement ses rayons vivifiants sur le tapis verdoyant \u00e9tendu au pied du majestueux massif du mont Biokovo. Les maisons de famille qui respirent la convivialit\u00e9 et l\u2019envie de faire [&hellip;]<\/p>\n","protected":false},"author":1,"featured_media":0,"parent":0,"menu_order":0,"comment_status":"closed","ping_status":"closed","template":"","meta":{"footnotes":""},"yoast_head":"<!-- This site is optimized with the Yoast SEO plugin v22.8 - https:\/\/yoast.com\/wordpress\/plugins\/seo\/ -->\n<title>Home - House Juri\u0161i\u0107<\/title>\n<meta name=\"robots\" content=\"index, follow, max-snippet:-1, max-image-preview:large, max-video-preview:-1\" \/>\n<link rel=\"canonical\" href=\"https:\/\/visitbaskavoda.hr\/\" \/>\n<meta property=\"og:locale\" content=\"fr_FR\" \/>\n<meta property=\"og:type\" content=\"article\" \/>\n<meta property=\"og:title\" content=\"Home - House Juri\u0161i\u0107\" \/>\n<meta property=\"og:description\" content=\"[vc_row][vc_column][\/vc_column][\/vc_row][vc_row css=\u00a0\u00bb.vc_custom_1493981301181{padding-top: 50px !important;padding-bottom: 50px !important;}\u00a0\u00bb][vc_column][vc_column_text] Bienvenus! Chers invit\u00e9s! Visitez Ba\u0161ka Voda, l&rsquo;endroit ou l&rsquo;Adriatique embrasse tendrement les plages d\u2019une blancheur perl\u00e9e, et le Soleil r\u00e9pand joyeusement ses rayons vivifiants sur le tapis verdoyant \u00e9tendu au pied du majestueux massif du mont Biokovo. Les maisons de famille qui respirent la convivialit\u00e9 et l\u2019envie de faire [&hellip;]\" \/>\n<meta property=\"og:url\" content=\"https:\/\/visitbaskavoda.hr\/\" \/>\n<meta property=\"og:site_name\" content=\"House Juri\u0161i\u0107\" \/>\n<meta property=\"article:modified_time\" content=\"2018-03-23T12:33:51+00:00\" \/>\n<meta name=\"twitter:card\" content=\"summary_large_image\" \/>\n<meta name=\"twitter:label1\" content=\"Dur\u00e9e de lecture estim\u00e9e\" \/>\n\t<meta name=\"twitter:data1\" content=\"3 minutes\" \/>\n<script type=\"application\/ld+json\" class=\"yoast-schema-graph\">{\"@context\":\"https:\/\/schema.org\",\"@graph\":[{\"@type\":\"WebPage\",\"@id\":\"https:\/\/visitbaskavoda.hr\/\",\"url\":\"https:\/\/visitbaskavoda.hr\/\",\"name\":\"Home - House Juri\u0161i\u0107\",\"isPartOf\":{\"@id\":\"https:\/\/visitbaskavoda.hr\/#website\"},\"datePublished\":\"2017-05-05T09:32:47+00:00\",\"dateModified\":\"2018-03-23T12:33:51+00:00\",\"breadcrumb\":{\"@id\":\"https:\/\/visitbaskavoda.hr\/#breadcrumb\"},\"inLanguage\":\"fr-FR\",\"potentialAction\":[{\"@type\":\"ReadAction\",\"target\":[\"https:\/\/visitbaskavoda.hr\/\"]}]},{\"@type\":\"BreadcrumbList\",\"@id\":\"https:\/\/visitbaskavoda.hr\/#breadcrumb\",\"itemListElement\":[{\"@type\":\"ListItem\",\"position\":1,\"name\":\"Home\",\"item\":\"https:\/\/visitbaskavoda.hr\/\"},{\"@type\":\"ListItem\",\"position\":2,\"name\":\"Home\"}]},{\"@type\":\"WebSite\",\"@id\":\"https:\/\/visitbaskavoda.hr\/#website\",\"url\":\"https:\/\/visitbaskavoda.hr\/\",\"name\":\"House Juri\u0161i\u0107\",\"description\":\"Ba\u0161ka Voda\",\"potentialAction\":[{\"@type\":\"SearchAction\",\"target\":{\"@type\":\"EntryPoint\",\"urlTemplate\":\"https:\/\/visitbaskavoda.hr\/?s={search_term_string}\"},\"query-input\":\"required name=search_term_string\"}],\"inLanguage\":\"fr-FR\"}]}<\/script>\n<!-- \/ Yoast SEO plugin. -->","yoast_head_json":{"title":"Home - House Juri\u0161i\u0107","robots":{"index":"index","follow":"follow","max-snippet":"max-snippet:-1","max-image-preview":"max-image-preview:large","max-video-preview":"max-video-preview:-1"},"canonical":"https:\/\/visitbaskavoda.hr\/","og_locale":"fr_FR","og_type":"article","og_title":"Home - House Juri\u0161i\u0107","og_description":"[vc_row][vc_column][\/vc_column][\/vc_row][vc_row css=\u00a0\u00bb.vc_custom_1493981301181{padding-top: 50px !important;padding-bottom: 50px !important;}\u00a0\u00bb][vc_column][vc_column_text] Bienvenus! Chers invit\u00e9s! Visitez Ba\u0161ka Voda, l&rsquo;endroit ou l&rsquo;Adriatique embrasse tendrement les plages d\u2019une blancheur perl\u00e9e, et le Soleil r\u00e9pand joyeusement ses rayons vivifiants sur le tapis verdoyant \u00e9tendu au pied du majestueux massif du mont Biokovo. Les maisons de famille qui respirent la convivialit\u00e9 et l\u2019envie de faire [&hellip;]","og_url":"https:\/\/visitbaskavoda.hr\/","og_site_name":"House Juri\u0161i\u0107","article_modified_time":"2018-03-23T12:33:51+00:00","twitter_card":"summary_large_image","twitter_misc":{"Dur\u00e9e de lecture estim\u00e9e":"3 minutes"},"schema":{"@context":"https:\/\/schema.org","@graph":[{"@type":"WebPage","@id":"https:\/\/visitbaskavoda.hr\/","url":"https:\/\/visitbaskavoda.hr\/","name":"Home - House Juri\u0161i\u0107","isPartOf":{"@id":"https:\/\/visitbaskavoda.hr\/#website"},"datePublished":"2017-05-05T09:32:47+00:00","dateModified":"2018-03-23T12:33:51+00:00","breadcrumb":{"@id":"https:\/\/visitbaskavoda.hr\/#breadcrumb"},"inLanguage":"fr-FR","potentialAction":[{"@type":"ReadAction","target":["https:\/\/visitbaskavoda.hr\/"]}]},{"@type":"BreadcrumbList","@id":"https:\/\/visitbaskavoda.hr\/#breadcrumb","itemListElement":[{"@type":"ListItem","position":1,"name":"Home","item":"https:\/\/visitbaskavoda.hr\/"},{"@type":"ListItem","position":2,"name":"Home"}]},{"@type":"WebSite","@id":"https:\/\/visitbaskavoda.hr\/#website","url":"https:\/\/visitbaskavoda.hr\/","name":"House Juri\u0161i\u0107","description":"Ba\u0161ka Voda","potentialAction":[{"@type":"SearchAction","target":{"@type":"EntryPoint","urlTemplate":"https:\/\/visitbaskavoda.hr\/?s={search_term_string}"},"query-input":"required name=search_term_string"}],"inLanguage":"fr-FR"}]}},"_links":{"self":[{"href":"https:\/\/visitbaskavoda.hr\/fr\/wp-json\/wp\/v2\/pages\/394"}],"collection":[{"href":"https:\/\/visitbaskavoda.hr\/fr\/wp-json\/wp\/v2\/pages"}],"about":[{"href":"https:\/\/visitbaskavoda.hr\/fr\/wp-json\/wp\/v2\/types\/page"}],"author":[{"embeddable":true,"href":"https:\/\/visitbaskavoda.hr\/fr\/wp-json\/wp\/v2\/users\/1"}],"replies":[{"embeddable":true,"href":"https:\/\/visitbaskavoda.hr\/fr\/wp-json\/wp\/v2\/comments?post=394"}],"version-history":[{"count":2,"href":"https:\/\/visitbaskavoda.hr\/fr\/wp-json\/wp\/v2\/pages\/394\/revisions"}],"predecessor-version":[{"id":907,"href":"https:\/\/visitbaskavoda.hr\/fr\/wp-json\/wp\/v2\/pages\/394\/revisions\/907"}],"wp:attachment":[{"href":"https:\/\/visitbaskavoda.hr\/fr\/wp-json\/wp\/v2\/media?parent=394"}],"curies":[{"name":"wp","href":"https:\/\/api.w.org\/{rel}","templated":true}]}}