{"id":423,"date":"2017-05-05T10:31:19","date_gmt":"2017-05-05T10:31:19","guid":{"rendered":"http:\/\/dev.visitbaskavoda.hr\/prices\/"},"modified":"2026-01-11T09:39:25","modified_gmt":"2026-01-11T09:39:25","slug":"prices","status":"publish","type":"page","link":"https:\/\/visitbaskavoda.hr\/fr\/prices\/","title":{"rendered":"Tarifs"},"content":{"rendered":"<section class=\"wpb-content-wrapper\"><p>[vc_row css=\u00a0\u00bb.vc_custom_1494404459991{padding-bottom: 30px !important;}\u00a0\u00bb][vc_column][vc_column_text]<\/p>\n<table class=\"prices\">\n<tbody>\n<tr>\n<td rowspan=\"4\" width=\"32%\">Descriptif<\/td>\n<td colspan=\"5\" align=\"right\">EUR<\/td>\n<\/tr>\n<tr>\n<td colspan=\"5\" align=\"center\"><strong>Saisons<\/strong><\/td>\n<\/tr>\n<tr>\n<td align=\"center\" width=\"13%\"><strong>E<\/strong><\/td>\n<td align=\"center\" width=\"13%\"><strong>D<\/strong><\/td>\n<td align=\"center\" width=\"13%\"><strong>C<\/strong><\/td>\n<td align=\"center\" width=\"13%\"><strong>B<\/strong><\/td>\n<td align=\"center\" width=\"13%\"><strong>A<\/strong><\/td>\n<\/tr>\n<tr>\n<td align=\"center\" width=\"13%\"><strong>&#8211; <\/strong><\/td>\n<td align=\"center\" width=\"13%\"><strong> 10. 9 &#8211; 20. 6<\/strong><\/td>\n<td align=\"center\" width=\"13%\"><strong> 20. 6 &#8211; 1. 7<br \/>\n1 &#8211; 10. 9 <\/strong><\/td>\n<td align=\"center\" width=\"13%\"><strong> 1 &#8211; 10. 7<br \/>\n20. 8- 1. 9 <\/strong><\/td>\n<td align=\"center\" width=\"13%\"><strong> 10. 7 &#8211; 20. 8<\/strong><\/td>\n<\/tr>\n<tr>\n<td>1\/2 Appartement<\/td>\n<td align=\"center\">&#8211;<\/td>\n<td align=\"center\">65<\/td>\n<td align=\"center\">75<\/td>\n<td align=\"center\">85<\/td>\n<td align=\"center\">95<\/td>\n<\/tr>\n<tr>\n<td>1\/4 Appartement<\/td>\n<td align=\"center\">&#8211;<\/td>\n<td align=\"center\">100<\/td>\n<td align=\"center\">120<\/td>\n<td align=\"center\">140<\/td>\n<td align=\"center\">170<\/td>\n<\/tr>\n<tr>\n<td colspan=\"6\" align=\"center\">Frais de personnes supplementaires, par jour:<\/td>\n<\/tr>\n<tr>\n<td>Lit suppl\u00e9mentaire<\/td>\n<td align=\"center\">&#8211;<\/td>\n<td align=\"center\">30<\/td>\n<td align=\"center\">30<\/td>\n<td align=\"center\">30<\/td>\n<td align=\"center\">30<\/td>\n<\/tr>\n<tr>\n<td>Lit enfant<\/td>\n<td align=\"center\">&#8211;<\/td>\n<td align=\"center\">25<\/td>\n<td align=\"center\">25<\/td>\n<td align=\"center\">25<\/td>\n<td align=\"center\">25<\/td>\n<\/tr>\n<tr>\n<td>Enfant jusqu&rsquo;a 6 ans dans lit avec deux personnes<\/td>\n<td align=\"center\">&#8211;<\/td>\n<td align=\"center\">25<\/td>\n<td align=\"center\">25<\/td>\n<td align=\"center\">25<\/td>\n<td align=\"center\">25<\/td>\n<\/tr>\n<tr>\n<td>1 * 3 nuits<\/td>\n<td colspan=\"5\" align=\"center\">+30 %<\/td>\n<\/tr>\n<tr>\n<td colspan=\"6\">\n<p align=\"center\">Inclus: taxes, inscription, taxe de s\u00e9jour, parking, literie, climatisation, t\u00e9l\u00e9vision satellite<\/p>\n<\/td>\n<\/tr>\n<tr>\n<td colspan=\"6\" align=\"center\">Check-in: 14.00 h. D\u00e9part: 10.00 h.<\/td>\n<\/tr>\n<\/tbody>\n<\/table>\n<p>[\/vc_column_text][\/vc_column][\/vc_row][vc_row css=\u00a0\u00bb.vc_custom_1494404450552{padding-bottom: 50px !important;}\u00a0\u00bb][vc_column][vc_custom_heading text=\u00a0\u00bbReservations\u00a0\u00bb use_theme_fonts=\u00a0\u00bbyes\u00a0\u00bb][vc_column_text]<\/p>\n<table class=\"prices\">\n<tbody>\n<tr>\n<td rowspan=\"2\" width=\"32%\">Descriptif<\/td>\n<td colspan=\"2\" align=\"center\"><strong>Saisons<\/strong><\/td>\n<\/tr>\n<tr>\n<td align=\"center\" width=\"34%\"><strong>A-B<\/strong><\/td>\n<td align=\"center\" width=\"34%\"><strong>C-D<\/strong><\/td>\n<\/tr>\n<tr>\n<td rowspan=\"1\" width=\"32%\">Mode de r\u00e9servation<\/td>\n<td align=\"center\" width=\"34%\"><\/td>\n<td align=\"center\" width=\"34%\"><\/td>\n<\/tr>\n<tr>\n<td rowspan=\"1\" width=\"32%\">Confirmation de r\u00e9servation<\/td>\n<td colspan=\"2\" align=\"center\">Apr\u00e8s paiement de 30% \u00e0 l&rsquo;avance (j&rsquo;ai pass\u00e9 sur le transfert de la client\u00e8le)<\/td>\n<\/tr>\n<tr>\n<td rowspan=\"1\" width=\"32%\">Frais d&rsquo;annulation<\/td>\n<td colspan=\"2\" align=\"center\">90 jours ou plus tard = 30%, 91 jours ou plus t\u00f4t = 15% + les co\u00fbts de transfert<\/td>\n<\/tr>\n<tr>\n<td rowspan=\"1\" width=\"32%\">Frais pour jours r\u00e9serv\u00e9s inutilis<\/td>\n<td colspan=\"2\" align=\"center\">100%<\/td>\n<\/tr>\n<\/tbody>\n<\/table>\n<p>[\/vc_column_text][\/vc_column][\/vc_row]<\/p>\n<\/section>","protected":false},"excerpt":{"rendered":"<p>[vc_row css=\u00a0\u00bb.vc_custom_1494404459991{padding-bottom: 30px !important;}\u00a0\u00bb][vc_column][vc_column_text] Descriptif EUR Saisons E D C B A &#8211; 10. 9 &#8211; 20. 6 20. 6 &#8211; 1. 7 1 &#8211; 10. 9 1 &#8211; 10. 7 20. 8- 1. 9 10. 7 &#8211; 20. 8 1\/2 Appartement &#8211; 65 75 85 95 1\/4 Appartement &#8211; 100 120 140 170 Frais [&hellip;]<\/p>\n","protected":false},"author":1,"featured_media":0,"parent":0,"menu_order":0,"comment_status":"closed","ping_status":"closed","template":"","meta":{"footnotes":""},"yoast_head":"<!-- This site is optimized with the Yoast SEO plugin v22.8 - https:\/\/yoast.com\/wordpress\/plugins\/seo\/ -->\n<title>Tarifs - House Juri\u0161i\u0107<\/title>\n<meta name=\"robots\" content=\"index, follow, max-snippet:-1, max-image-preview:large, max-video-preview:-1\" \/>\n<link rel=\"canonical\" href=\"https:\/\/visitbaskavoda.hr\/fr\/prices\/\" \/>\n<meta property=\"og:locale\" content=\"fr_FR\" \/>\n<meta property=\"og:type\" content=\"article\" \/>\n<meta property=\"og:title\" content=\"Tarifs - House Juri\u0161i\u0107\" \/>\n<meta property=\"og:description\" content=\"[vc_row css=\u00a0\u00bb.vc_custom_1494404459991{padding-bottom: 30px !important;}\u00a0\u00bb][vc_column][vc_column_text] Descriptif EUR Saisons E D C B A &#8211; 10. 9 &#8211; 20. 6 20. 6 &#8211; 1. 7 1 &#8211; 10. 9 1 &#8211; 10. 7 20. 8- 1. 9 10. 7 &#8211; 20. 8 1\/2 Appartement &#8211; 65 75 85 95 1\/4 Appartement &#8211; 100 120 140 170 Frais [&hellip;]\" \/>\n<meta property=\"og:url\" content=\"https:\/\/visitbaskavoda.hr\/fr\/prices\/\" \/>\n<meta property=\"og:site_name\" content=\"House Juri\u0161i\u0107\" \/>\n<meta property=\"article:modified_time\" content=\"2026-01-11T09:39:25+00:00\" \/>\n<meta name=\"twitter:card\" content=\"summary_large_image\" \/>\n<meta name=\"twitter:label1\" content=\"Dur\u00e9e de lecture estim\u00e9e\" \/>\n\t<meta name=\"twitter:data1\" content=\"1 minute\" \/>\n<script type=\"application\/ld+json\" class=\"yoast-schema-graph\">{\"@context\":\"https:\/\/schema.org\",\"@graph\":[{\"@type\":\"WebPage\",\"@id\":\"https:\/\/visitbaskavoda.hr\/fr\/prices\/\",\"url\":\"https:\/\/visitbaskavoda.hr\/fr\/prices\/\",\"name\":\"Tarifs - House Juri\u0161i\u0107\",\"isPartOf\":{\"@id\":\"https:\/\/visitbaskavoda.hr\/#website\"},\"datePublished\":\"2017-05-05T10:31:19+00:00\",\"dateModified\":\"2026-01-11T09:39:25+00:00\",\"breadcrumb\":{\"@id\":\"https:\/\/visitbaskavoda.hr\/fr\/prices\/#breadcrumb\"},\"inLanguage\":\"fr-FR\",\"potentialAction\":[{\"@type\":\"ReadAction\",\"target\":[\"https:\/\/visitbaskavoda.hr\/fr\/prices\/\"]}]},{\"@type\":\"BreadcrumbList\",\"@id\":\"https:\/\/visitbaskavoda.hr\/fr\/prices\/#breadcrumb\",\"itemListElement\":[{\"@type\":\"ListItem\",\"position\":1,\"name\":\"Home\",\"item\":\"https:\/\/visitbaskavoda.hr\/\"},{\"@type\":\"ListItem\",\"position\":2,\"name\":\"Tarifs\"}]},{\"@type\":\"WebSite\",\"@id\":\"https:\/\/visitbaskavoda.hr\/#website\",\"url\":\"https:\/\/visitbaskavoda.hr\/\",\"name\":\"House Juri\u0161i\u0107\",\"description\":\"Ba\u0161ka Voda\",\"potentialAction\":[{\"@type\":\"SearchAction\",\"target\":{\"@type\":\"EntryPoint\",\"urlTemplate\":\"https:\/\/visitbaskavoda.hr\/?s={search_term_string}\"},\"query-input\":\"required name=search_term_string\"}],\"inLanguage\":\"fr-FR\"}]}<\/script>\n<!-- \/ Yoast SEO plugin. -->","yoast_head_json":{"title":"Tarifs - House Juri\u0161i\u0107","robots":{"index":"index","follow":"follow","max-snippet":"max-snippet:-1","max-image-preview":"max-image-preview:large","max-video-preview":"max-video-preview:-1"},"canonical":"https:\/\/visitbaskavoda.hr\/fr\/prices\/","og_locale":"fr_FR","og_type":"article","og_title":"Tarifs - House Juri\u0161i\u0107","og_description":"[vc_row css=\u00a0\u00bb.vc_custom_1494404459991{padding-bottom: 30px !important;}\u00a0\u00bb][vc_column][vc_column_text] Descriptif EUR Saisons E D C B A &#8211; 10. 9 &#8211; 20. 6 20. 6 &#8211; 1. 7 1 &#8211; 10. 9 1 &#8211; 10. 7 20. 8- 1. 9 10. 7 &#8211; 20. 8 1\/2 Appartement &#8211; 65 75 85 95 1\/4 Appartement &#8211; 100 120 140 170 Frais [&hellip;]","og_url":"https:\/\/visitbaskavoda.hr\/fr\/prices\/","og_site_name":"House Juri\u0161i\u0107","article_modified_time":"2026-01-11T09:39:25+00:00","twitter_card":"summary_large_image","twitter_misc":{"Dur\u00e9e de lecture estim\u00e9e":"1 minute"},"schema":{"@context":"https:\/\/schema.org","@graph":[{"@type":"WebPage","@id":"https:\/\/visitbaskavoda.hr\/fr\/prices\/","url":"https:\/\/visitbaskavoda.hr\/fr\/prices\/","name":"Tarifs - House Juri\u0161i\u0107","isPartOf":{"@id":"https:\/\/visitbaskavoda.hr\/#website"},"datePublished":"2017-05-05T10:31:19+00:00","dateModified":"2026-01-11T09:39:25+00:00","breadcrumb":{"@id":"https:\/\/visitbaskavoda.hr\/fr\/prices\/#breadcrumb"},"inLanguage":"fr-FR","potentialAction":[{"@type":"ReadAction","target":["https:\/\/visitbaskavoda.hr\/fr\/prices\/"]}]},{"@type":"BreadcrumbList","@id":"https:\/\/visitbaskavoda.hr\/fr\/prices\/#breadcrumb","itemListElement":[{"@type":"ListItem","position":1,"name":"Home","item":"https:\/\/visitbaskavoda.hr\/"},{"@type":"ListItem","position":2,"name":"Tarifs"}]},{"@type":"WebSite","@id":"https:\/\/visitbaskavoda.hr\/#website","url":"https:\/\/visitbaskavoda.hr\/","name":"House Juri\u0161i\u0107","description":"Ba\u0161ka Voda","potentialAction":[{"@type":"SearchAction","target":{"@type":"EntryPoint","urlTemplate":"https:\/\/visitbaskavoda.hr\/?s={search_term_string}"},"query-input":"required name=search_term_string"}],"inLanguage":"fr-FR"}]}},"_links":{"self":[{"href":"https:\/\/visitbaskavoda.hr\/fr\/wp-json\/wp\/v2\/pages\/423"}],"collection":[{"href":"https:\/\/visitbaskavoda.hr\/fr\/wp-json\/wp\/v2\/pages"}],"about":[{"href":"https:\/\/visitbaskavoda.hr\/fr\/wp-json\/wp\/v2\/types\/page"}],"author":[{"embeddable":true,"href":"https:\/\/visitbaskavoda.hr\/fr\/wp-json\/wp\/v2\/users\/1"}],"replies":[{"embeddable":true,"href":"https:\/\/visitbaskavoda.hr\/fr\/wp-json\/wp\/v2\/comments?post=423"}],"version-history":[{"count":14,"href":"https:\/\/visitbaskavoda.hr\/fr\/wp-json\/wp\/v2\/pages\/423\/revisions"}],"predecessor-version":[{"id":2019,"href":"https:\/\/visitbaskavoda.hr\/fr\/wp-json\/wp\/v2\/pages\/423\/revisions\/2019"}],"wp:attachment":[{"href":"https:\/\/visitbaskavoda.hr\/fr\/wp-json\/wp\/v2\/media?parent=423"}],"curies":[{"name":"wp","href":"https:\/\/api.w.org\/{rel}","templated":true}]}}