{"id":598,"date":"2017-07-21T08:49:02","date_gmt":"2017-07-21T08:49:02","guid":{"rendered":"http:\/\/visitbaskavoda.hr\/accommodation\/"},"modified":"2017-07-21T10:51:37","modified_gmt":"2017-07-21T10:51:37","slug":"hebergement","status":"publish","type":"page","link":"https:\/\/visitbaskavoda.hr\/fr\/hebergement\/","title":{"rendered":"H\u00e9bergement"},"content":{"rendered":"<section class=\"wpb-content-wrapper\"><p>[vc_row][vc_column][vc_empty_space][\/vc_column][\/vc_row][vc_row][vc_column width=\u00a0\u00bb1\/3&Prime;]\r\n\t<ul class=\"photo-gallery\">\r\n\t\t<li>\r\n\t\t\t<img decoding=\"async\" src=\"https:\/\/visitbaskavoda.hr\/wp-content\/uploads\/2017\/05\/30581.jpg\" alt=\"Appartement 1\" \/>\r\n\t\t\t<div class=\"gallery-overlay\">\r\n\t\t\t\t<a href=\"https:\/\/visitbaskavoda.hr\/fr\/apartment-1\/\" target=\"_blank\">\r\n\t\t\t\t\t<div class=\"gallery-overlay-caption\" >\r\n\t\t\t\t\t\t<p>Appartement 1<\/p>\r\n\t\t\t\t\t\t<p><i class=\"fa fa-search-plus\" aria-hidden=\"true\"><\/i><\/p>\r\n\t\t\t\t\t<\/div>\r\n\t\t\t\t<\/a>\r\n\t\t\t<\/div>\r\n\t\t<\/li>\r\n\t<\/ul>[\/vc_column][vc_column width=\u00a0\u00bb1\/3&Prime;]\r\n\t<ul class=\"photo-gallery\">\r\n\t\t<li>\r\n\t\t\t<img decoding=\"async\" src=\"https:\/\/visitbaskavoda.hr\/wp-content\/uploads\/2017\/05\/34396.jpg\" alt=\"Appartement 2\" \/>\r\n\t\t\t<div class=\"gallery-overlay\">\r\n\t\t\t\t<a href=\"https:\/\/visitbaskavoda.hr\/fr\/apartment-2\/\" target=\"_blank\">\r\n\t\t\t\t\t<div class=\"gallery-overlay-caption\" >\r\n\t\t\t\t\t\t<p>Appartement 2<\/p>\r\n\t\t\t\t\t\t<p><i class=\"fa fa-search-plus\" aria-hidden=\"true\"><\/i><\/p>\r\n\t\t\t\t\t<\/div>\r\n\t\t\t\t<\/a>\r\n\t\t\t<\/div>\r\n\t\t<\/li>\r\n\t<\/ul>[\/vc_column][vc_column width=\u00a0\u00bb1\/3&Prime;]\r\n\t<ul class=\"photo-gallery\">\r\n\t\t<li>\r\n\t\t\t<img decoding=\"async\" src=\"https:\/\/visitbaskavoda.hr\/wp-content\/uploads\/2017\/05\/34377.jpg\" alt=\"Apartment 3\" \/>\r\n\t\t\t<div class=\"gallery-overlay\">\r\n\t\t\t\t<a href=\"https:\/\/visitbaskavoda.hr\/fr\/apartment-3\/\" target=\"_blank\">\r\n\t\t\t\t\t<div class=\"gallery-overlay-caption\" >\r\n\t\t\t\t\t\t<p>Apartment 3<\/p>\r\n\t\t\t\t\t\t<p><i class=\"fa fa-search-plus\" aria-hidden=\"true\"><\/i><\/p>\r\n\t\t\t\t\t<\/div>\r\n\t\t\t\t<\/a>\r\n\t\t\t<\/div>\r\n\t\t<\/li>\r\n\t<\/ul>[\/vc_column][\/vc_row][vc_row][vc_column][vc_empty_space][\/vc_column][\/vc_row]<\/p>\n<\/section>","protected":false},"excerpt":{"rendered":"<p>[vc_row][vc_column][vc_empty_space][\/vc_column][\/vc_row][vc_row][vc_column width=\u00a0\u00bb1\/3&Prime;][\/vc_column][vc_column width=\u00a0\u00bb1\/3&Prime;][\/vc_column][vc_column width=\u00a0\u00bb1\/3&Prime;][\/vc_column][\/vc_row][vc_row][vc_column][vc_empty_space][\/vc_column][\/vc_row]<\/p>\n","protected":false},"author":1,"featured_media":0,"parent":0,"menu_order":0,"comment_status":"closed","ping_status":"closed","template":"","meta":{"footnotes":""},"yoast_head":"<!-- This site is optimized with the Yoast SEO plugin v22.8 - https:\/\/yoast.com\/wordpress\/plugins\/seo\/ -->\n<title>H\u00e9bergement - House Juri\u0161i\u0107<\/title>\n<meta name=\"robots\" content=\"index, follow, max-snippet:-1, max-image-preview:large, max-video-preview:-1\" \/>\n<link rel=\"canonical\" href=\"https:\/\/visitbaskavoda.hr\/accommodation\/\" \/>\n<meta property=\"og:locale\" content=\"fr_FR\" \/>\n<meta property=\"og:type\" content=\"article\" \/>\n<meta property=\"og:title\" content=\"H\u00e9bergement - House Juri\u0161i\u0107\" \/>\n<meta property=\"og:description\" content=\"[vc_row][vc_column][vc_empty_space][\/vc_column][\/vc_row][vc_row][vc_column width=\u00a0\u00bb1\/3&Prime;][\/vc_column][vc_column width=\u00a0\u00bb1\/3&Prime;][\/vc_column][vc_column width=\u00a0\u00bb1\/3&Prime;][\/vc_column][\/vc_row][vc_row][vc_column][vc_empty_space][\/vc_column][\/vc_row]\" \/>\n<meta property=\"og:url\" content=\"https:\/\/visitbaskavoda.hr\/accommodation\/\" \/>\n<meta property=\"og:site_name\" content=\"House Juri\u0161i\u0107\" \/>\n<meta property=\"article:modified_time\" content=\"2017-07-21T10:51:37+00:00\" \/>\n<meta name=\"twitter:card\" content=\"summary_large_image\" \/>\n<script type=\"application\/ld+json\" class=\"yoast-schema-graph\">{\"@context\":\"https:\/\/schema.org\",\"@graph\":[{\"@type\":\"WebPage\",\"@id\":\"https:\/\/visitbaskavoda.hr\/accommodation\/\",\"url\":\"https:\/\/visitbaskavoda.hr\/accommodation\/\",\"name\":\"H\u00e9bergement - House Juri\u0161i\u0107\",\"isPartOf\":{\"@id\":\"https:\/\/visitbaskavoda.hr\/#website\"},\"datePublished\":\"2017-07-21T08:49:02+00:00\",\"dateModified\":\"2017-07-21T10:51:37+00:00\",\"breadcrumb\":{\"@id\":\"https:\/\/visitbaskavoda.hr\/accommodation\/#breadcrumb\"},\"inLanguage\":\"fr-FR\",\"potentialAction\":[{\"@type\":\"ReadAction\",\"target\":[\"https:\/\/visitbaskavoda.hr\/accommodation\/\"]}]},{\"@type\":\"BreadcrumbList\",\"@id\":\"https:\/\/visitbaskavoda.hr\/accommodation\/#breadcrumb\",\"itemListElement\":[{\"@type\":\"ListItem\",\"position\":1,\"name\":\"Home\",\"item\":\"https:\/\/visitbaskavoda.hr\/\"},{\"@type\":\"ListItem\",\"position\":2,\"name\":\"H\u00e9bergement\"}]},{\"@type\":\"WebSite\",\"@id\":\"https:\/\/visitbaskavoda.hr\/#website\",\"url\":\"https:\/\/visitbaskavoda.hr\/\",\"name\":\"House Juri\u0161i\u0107\",\"description\":\"Ba\u0161ka Voda\",\"potentialAction\":[{\"@type\":\"SearchAction\",\"target\":{\"@type\":\"EntryPoint\",\"urlTemplate\":\"https:\/\/visitbaskavoda.hr\/?s={search_term_string}\"},\"query-input\":\"required name=search_term_string\"}],\"inLanguage\":\"fr-FR\"}]}<\/script>\n<!-- \/ Yoast SEO plugin. -->","yoast_head_json":{"title":"H\u00e9bergement - House Juri\u0161i\u0107","robots":{"index":"index","follow":"follow","max-snippet":"max-snippet:-1","max-image-preview":"max-image-preview:large","max-video-preview":"max-video-preview:-1"},"canonical":"https:\/\/visitbaskavoda.hr\/accommodation\/","og_locale":"fr_FR","og_type":"article","og_title":"H\u00e9bergement - House Juri\u0161i\u0107","og_description":"[vc_row][vc_column][vc_empty_space][\/vc_column][\/vc_row][vc_row][vc_column width=\u00a0\u00bb1\/3&Prime;][\/vc_column][vc_column width=\u00a0\u00bb1\/3&Prime;][\/vc_column][vc_column width=\u00a0\u00bb1\/3&Prime;][\/vc_column][\/vc_row][vc_row][vc_column][vc_empty_space][\/vc_column][\/vc_row]","og_url":"https:\/\/visitbaskavoda.hr\/accommodation\/","og_site_name":"House Juri\u0161i\u0107","article_modified_time":"2017-07-21T10:51:37+00:00","twitter_card":"summary_large_image","schema":{"@context":"https:\/\/schema.org","@graph":[{"@type":"WebPage","@id":"https:\/\/visitbaskavoda.hr\/accommodation\/","url":"https:\/\/visitbaskavoda.hr\/accommodation\/","name":"H\u00e9bergement - House Juri\u0161i\u0107","isPartOf":{"@id":"https:\/\/visitbaskavoda.hr\/#website"},"datePublished":"2017-07-21T08:49:02+00:00","dateModified":"2017-07-21T10:51:37+00:00","breadcrumb":{"@id":"https:\/\/visitbaskavoda.hr\/accommodation\/#breadcrumb"},"inLanguage":"fr-FR","potentialAction":[{"@type":"ReadAction","target":["https:\/\/visitbaskavoda.hr\/accommodation\/"]}]},{"@type":"BreadcrumbList","@id":"https:\/\/visitbaskavoda.hr\/accommodation\/#breadcrumb","itemListElement":[{"@type":"ListItem","position":1,"name":"Home","item":"https:\/\/visitbaskavoda.hr\/"},{"@type":"ListItem","position":2,"name":"H\u00e9bergement"}]},{"@type":"WebSite","@id":"https:\/\/visitbaskavoda.hr\/#website","url":"https:\/\/visitbaskavoda.hr\/","name":"House Juri\u0161i\u0107","description":"Ba\u0161ka Voda","potentialAction":[{"@type":"SearchAction","target":{"@type":"EntryPoint","urlTemplate":"https:\/\/visitbaskavoda.hr\/?s={search_term_string}"},"query-input":"required name=search_term_string"}],"inLanguage":"fr-FR"}]}},"_links":{"self":[{"href":"https:\/\/visitbaskavoda.hr\/fr\/wp-json\/wp\/v2\/pages\/598"}],"collection":[{"href":"https:\/\/visitbaskavoda.hr\/fr\/wp-json\/wp\/v2\/pages"}],"about":[{"href":"https:\/\/visitbaskavoda.hr\/fr\/wp-json\/wp\/v2\/types\/page"}],"author":[{"embeddable":true,"href":"https:\/\/visitbaskavoda.hr\/fr\/wp-json\/wp\/v2\/users\/1"}],"replies":[{"embeddable":true,"href":"https:\/\/visitbaskavoda.hr\/fr\/wp-json\/wp\/v2\/comments?post=598"}],"version-history":[{"count":3,"href":"https:\/\/visitbaskavoda.hr\/fr\/wp-json\/wp\/v2\/pages\/598\/revisions"}],"predecessor-version":[{"id":626,"href":"https:\/\/visitbaskavoda.hr\/fr\/wp-json\/wp\/v2\/pages\/598\/revisions\/626"}],"wp:attachment":[{"href":"https:\/\/visitbaskavoda.hr\/fr\/wp-json\/wp\/v2\/media?parent=598"}],"curies":[{"name":"wp","href":"https:\/\/api.w.org\/{rel}","templated":true}]}}