{"id":143,"date":"2017-05-11T06:51:12","date_gmt":"2017-05-11T06:51:12","guid":{"rendered":"http:\/\/dev.visitbaskavoda.hr\/?page_id=143\/"},"modified":"2018-03-23T12:34:33","modified_gmt":"2018-03-23T12:34:33","slug":"pocetna","status":"publish","type":"page","link":"https:\/\/visitbaskavoda.hr\/hr\/","title":{"rendered":"Po\u010detna"},"content":{"rendered":"<section class=\"wpb-content-wrapper\"><p>[vc_row][vc_column]\n\t\t\t<!-- START header REVOLUTION SLIDER 6.3.5 --><p class=\"rs-p-wp-fix\"><\/p>\n\t\t\t<rs-module-wrap id=\"rev_slider_1_1_wrapper\" data-source=\"gallery\" style=\"background:transparent;padding:0;margin:0px auto;margin-top:0;margin-bottom:0;\">\n\t\t\t\t<rs-module id=\"rev_slider_1_1\" style=\"\" data-version=\"6.3.5\">\n\t\t\t\t\t<rs-slides>\n\t\t\t\t\t\t<rs-slide data-key=\"rs-1\" data-title=\"Slide\" data-anim=\"ei:d;eo:d;s:600;t:fade;sl:d;\">\n\t\t\t\t\t\t\t<img decoding=\"async\" src=\"\/\/visitbaskavoda.hr\/wp-content\/uploads\/2017\/05\/baska-voda-naslovna.jpg\" title=\"Po\u010detna\" class=\"rev-slidebg\" data-no-retina>\n<!---->\t\t\t\t\t\t<\/rs-slide>\n\t\t\t\t\t<\/rs-slides>\n\t\t\t\t<\/rs-module>\n\t\t\t\t<script type=\"text\/javascript\">\n\t\t\t\t\tsetREVStartSize({c: 'rev_slider_1_1',rl:[1240,1024,778,480],el:[],gw:[1240],gh:[700],type:'standard',justify:'',layout:'fullwidth',mh:\"0\"});\n\t\t\t\t\tvar\trevapi1,\n\t\t\t\t\t\ttpj;\n\t\t\t\t\tfunction revinit_revslider11() {\n\t\t\t\t\tjQuery(function() {\n\t\t\t\t\t\ttpj = jQuery;\n\t\t\t\t\t\trevapi1 = tpj(\"#rev_slider_1_1\");\n\t\t\t\t\t\tif(revapi1==undefined || revapi1.revolution == undefined){\n\t\t\t\t\t\t\trevslider_showDoubleJqueryError(\"rev_slider_1_1\");\n\t\t\t\t\t\t}else{\n\t\t\t\t\t\t\trevapi1.revolution({\n\t\t\t\t\t\t\t\tsliderLayout:\"fullwidth\",\n\t\t\t\t\t\t\t\tvisibilityLevels:\"1240,1024,778,480\",\n\t\t\t\t\t\t\t\tgridwidth:1240,\n\t\t\t\t\t\t\t\tgridheight:700,\n\t\t\t\t\t\t\t\tspinner:\"spinner0\",\n\t\t\t\t\t\t\t\tperspectiveType:\"local\",\n\t\t\t\t\t\t\t\tresponsiveLevels:\"1240,1024,778,480\",\n\t\t\t\t\t\t\t\tprogressBar:{disableProgressBar:true},\n\t\t\t\t\t\t\t\tnavigation: {\n\t\t\t\t\t\t\t\t\tonHoverStop:false\n\t\t\t\t\t\t\t\t},\n\t\t\t\t\t\t\t\tfallbacks: {\n\t\t\t\t\t\t\t\t\tallowHTML5AutoPlayOnAndroid:true\n\t\t\t\t\t\t\t\t},\n\t\t\t\t\t\t\t});\n\t\t\t\t\t\t}\n\t\t\t\t\t\t\n\t\t\t\t\t});\n\t\t\t\t\t} \/\/ End of RevInitScript\n\t\t\t\tvar once_revslider11 = false;\n\t\t\t\tif (document.readyState === \"loading\") {document.addEventListener('readystatechange',function() { if((document.readyState === \"interactive\" || document.readyState === \"complete\") && !once_revslider11 ) { once_revslider11 = true; revinit_revslider11();}});} else {once_revslider11 = true; revinit_revslider11();}\n\t\t\t\t<\/script>\n\t\t\t<\/rs-module-wrap>\n\t\t\t<!-- END REVOLUTION SLIDER -->\n[\/vc_column][\/vc_row][vc_row css=&#8221;.vc_custom_1493981301181{padding-top: 50px !important;padding-bottom: 50px !important;}&#8221;][vc_column][vc_column_text]<\/p>\n<h1>Dobro do\u0161li!<\/h1>\n<p>Dragi gosti! Posjetite Ba\u0161ku Vodu, mjesto gdje Jadran nje\u017eno ljubi biserne pla\u017ee, a Sunce radosno prostire \u017eivotvorne zrake po sagu zelenila u podno\u017eju veli\u010danstvenoga Biokova. Dobar odmor jam\u010de obiteljske ku\u0107e ispunjene toplinom i gostoljubivo\u0161\u0107u, a more zove na u\u017eivanje u sretnim trenucima koji ostaju zauvijek u srcima i o\u010dima zaljubljenih u \u017eivot. Posjetite Ba\u0161ku Vodu, opustite se i zaboravite sve brige u hladu palmi i borova, u laganoj \u0161etnji uz more, u dru\u0161tvu onih koji Vas vole. Udahnite zdravlje punim plu\u0107ima i zaronite u mirise rose na iglicama borova, listu loze i maslina i otkrijte za\u0161to je davno napisano da ovdje i \u010dovjek na umoru ponovno o\u017eivljava! Ba\u0161ka Voda je poznata kao idealno turisti\u010dko mjesto za obiteljski odmor i kao savr\u0161eno polazi\u0161te za mnoge privla\u010dne i nezaboravne izlete (Dubrovnik, otoci Bra\u010d, Hvar i Kor\u010dula, Split, Slapovi Krke, Me\u0111ugorje, Mostar itd). Posjetite Ba\u0161ku Vodu i otkrijte za\u0161to se toliko puno turista vra\u0107a\u00a0 iz godine u godinu, \u010dine\u0107i Ba\u0161ku Vodu najpopularnijim uristi\u010dkim odredi\u0161tem Srednje Dalmacije! Do\u0111ite u Ba\u0161ku Vodu i provedite ugodan odmor! Dobro do\u0161li<br \/>\n&#8230;<br \/>\nKu\u0107a Juri\u0161i\u0107 nalazi se u sredi\u0161njem dijelu mjesta, u blizini bijele \u0161ljun\u010dane pla\u017ee s Plavom zastavom, pogodnom za sve uzraste. S balkona se pru\u017ea prekrasan pogled na otoke i predivno plavo more s najljep\u0161im zalascima. U ku\u0107i iznajmljujemo tri apartmana za dvije do \u010detiri osobe. Posjetite Ba\u0161ku Vodu i budite na\u0161i gosti! Radujemo se \u0161to \u0107emo Vas upoznati!<br \/>\n&#8230;<br \/>\nMolimo, ovu stranicu preporu\u010dite Va\u0161im prijateljima!<br \/>\nObitelj Juri\u0161i\u0107 \u017eeli Vam dobrodo\u0161licu![\/vc_column_text][\/vc_column][\/vc_row][vc_row full_width=&#8221;stretch_row&#8221; css=&#8221;.vc_custom_1493981714753{padding-top: 50px !important;padding-bottom: 15px !important;background-color: #dbdbdb !important;}&#8221;][vc_column width=&#8221;1\/3&#8243;][vc_single_image image=&#8221;41&#8243; img_size=&#8221;full&#8221; alignment=&#8221;center&#8221; onclick=&#8221;link_image&#8221;][\/vc_column][vc_column width=&#8221;1\/3&#8243;][vc_single_image image=&#8221;48&#8243; img_size=&#8221;full&#8221; alignment=&#8221;center&#8221; onclick=&#8221;link_image&#8221;][\/vc_column][vc_column width=&#8221;1\/3&#8243;][vc_single_image image=&#8221;49&#8243; img_size=&#8221;full&#8221; alignment=&#8221;center&#8221; onclick=&#8221;link_image&#8221;][\/vc_column][\/vc_row][vc_row css=&#8221;.vc_custom_1494236623958{padding-top: 50px !important;padding-bottom: 50px !important;}&#8221;][vc_column][vc_custom_heading text=&#8221;Zadnje vijesti&#8221; use_theme_fonts=&#8221;yes&#8221;][vc_basic_grid post_type=&#8221;post&#8221; max_items=&#8221;3&#8243; grid_id=&#8221;vc_gid:1521808451649-7db3f1ac-576d-2&#8243; taxonomies=&#8221;14&#8243;][\/vc_column][\/vc_row][vc_row full_width=&#8221;stretch_row&#8221; css=&#8221;.vc_custom_1494236782510{padding-top: 50px !important;background-color: #deebf5 !important;}&#8221;][vc_column width=&#8221;1\/2&#8243;][vc_custom_heading text=&#8221;Vrijeme Ba\u0161ka Voda&#8221; font_container=&#8221;tag:h3|text_align:left&#8221; use_theme_fonts=&#8221;yes&#8221;][vc_column_text]<div id=\"wpc-weather-id-52\" class=\"wpc-weather-id\" data_id=\"52\" data_post_id=\"143\" data_map=\"\" data_detect_geolocation=\"\" data_manual_geolocation=\"\" data_wpc_lat=\"\" data_wpc_lon=\"\" data_wpc_city_id=\"\" data_wpc_city_name=\"\" data_custom_font=\"\"><\/div>[\/vc_column_text][\/vc_column][vc_column width=&#8221;1\/2&#8243;][vc_custom_heading text=&#8221;Webcam&#8221; font_container=&#8221;tag:h3|text_align:left&#8221; use_theme_fonts=&#8221;yes&#8221;][vc_single_image image=&#8221;903&#8243; img_size=&#8221;full&#8221; onclick=&#8221;custom_link&#8221; img_link_target=&#8221;_blank&#8221; link=&#8221;https:\/\/www.whatsupcams.com\/wgt\/hr_baskavoda1\/768\/480\/&#8221;][\/vc_column][\/vc_row]<\/p>\n<\/section>","protected":false},"excerpt":{"rendered":"<p>[vc_row][vc_column][\/vc_column][\/vc_row][vc_row css=&#8221;.vc_custom_1493981301181{padding-top: 50px !important;padding-bottom: 50px !important;}&#8221;][vc_column][vc_column_text] Dobro do\u0161li! Dragi gosti! Posjetite Ba\u0161ku Vodu, mjesto gdje Jadran nje\u017eno ljubi biserne pla\u017ee, a Sunce radosno prostire \u017eivotvorne zrake po sagu zelenila u podno\u017eju veli\u010danstvenoga Biokova. Dobar odmor jam\u010de obiteljske ku\u0107e ispunjene toplinom i gostoljubivo\u0161\u0107u, a more zove na u\u017eivanje u sretnim trenucima koji ostaju zauvijek u srcima [&hellip;]<\/p>\n","protected":false},"author":1,"featured_media":0,"parent":0,"menu_order":0,"comment_status":"closed","ping_status":"closed","template":"","meta":{"footnotes":""},"yoast_head":"<!-- This site is optimized with the Yoast SEO plugin v22.8 - https:\/\/yoast.com\/wordpress\/plugins\/seo\/ -->\n<title>House Juri\u0161i\u0107 Ba\u0161ka Voda - Dobro do\u0161li u Ba\u0161ku Vodu!<\/title>\n<meta name=\"description\" content=\"Ku\u0107a Juri\u0161i\u0107 nalazi se u sredi\u0161njem dijelu mjesta Ba\u0161ka Voda. Iznajmljujemo 3 apartmana za dvije do \u010detiri osobe. Posjetite Ba\u0161ku Vodu i budite na\u0161i gosti!\" \/>\n<meta name=\"robots\" content=\"index, follow, max-snippet:-1, max-image-preview:large, max-video-preview:-1\" \/>\n<link rel=\"canonical\" href=\"https:\/\/visitbaskavoda.hr\/hr\/\" \/>\n<meta property=\"og:locale\" content=\"hr_HR\" \/>\n<meta property=\"og:type\" content=\"article\" \/>\n<meta property=\"og:title\" content=\"House Juri\u0161i\u0107 Ba\u0161ka Voda - Dobro do\u0161li u Ba\u0161ku Vodu!\" \/>\n<meta property=\"og:description\" content=\"Ku\u0107a Juri\u0161i\u0107 nalazi se u sredi\u0161njem dijelu mjesta Ba\u0161ka Voda. Iznajmljujemo 3 apartmana za dvije do \u010detiri osobe. Posjetite Ba\u0161ku Vodu i budite na\u0161i gosti!\" \/>\n<meta property=\"og:url\" content=\"https:\/\/visitbaskavoda.hr\/hr\/\" \/>\n<meta property=\"og:site_name\" content=\"House Juri\u0161i\u0107\" \/>\n<meta property=\"article:modified_time\" content=\"2018-03-23T12:34:33+00:00\" \/>\n<meta name=\"twitter:card\" content=\"summary_large_image\" \/>\n<meta name=\"twitter:label1\" content=\"Procijenjeno vrijeme \u010ditanja\" \/>\n\t<meta name=\"twitter:data1\" content=\"3 minute\" \/>\n<script type=\"application\/ld+json\" class=\"yoast-schema-graph\">{\"@context\":\"https:\/\/schema.org\",\"@graph\":[{\"@type\":\"WebPage\",\"@id\":\"https:\/\/visitbaskavoda.hr\/hr\/\",\"url\":\"https:\/\/visitbaskavoda.hr\/hr\/\",\"name\":\"House Juri\u0161i\u0107 Ba\u0161ka Voda - Dobro do\u0161li u Ba\u0161ku Vodu!\",\"isPartOf\":{\"@id\":\"https:\/\/visitbaskavoda.hr\/#website\"},\"datePublished\":\"2017-05-11T06:51:12+00:00\",\"dateModified\":\"2018-03-23T12:34:33+00:00\",\"description\":\"Ku\u0107a Juri\u0161i\u0107 nalazi se u sredi\u0161njem dijelu mjesta Ba\u0161ka Voda. Iznajmljujemo 3 apartmana za dvije do \u010detiri osobe. Posjetite Ba\u0161ku Vodu i budite na\u0161i gosti!\",\"breadcrumb\":{\"@id\":\"https:\/\/visitbaskavoda.hr\/hr\/#breadcrumb\"},\"inLanguage\":\"hr\",\"potentialAction\":[{\"@type\":\"ReadAction\",\"target\":[\"https:\/\/visitbaskavoda.hr\/hr\/\"]}]},{\"@type\":\"BreadcrumbList\",\"@id\":\"https:\/\/visitbaskavoda.hr\/hr\/#breadcrumb\",\"itemListElement\":[{\"@type\":\"ListItem\",\"position\":1,\"name\":\"Home\",\"item\":\"https:\/\/visitbaskavoda.hr\/hr\/\"},{\"@type\":\"ListItem\",\"position\":2,\"name\":\"Po\u010detna\"}]},{\"@type\":\"WebSite\",\"@id\":\"https:\/\/visitbaskavoda.hr\/#website\",\"url\":\"https:\/\/visitbaskavoda.hr\/\",\"name\":\"House Juri\u0161i\u0107\",\"description\":\"Ba\u0161ka Voda\",\"potentialAction\":[{\"@type\":\"SearchAction\",\"target\":{\"@type\":\"EntryPoint\",\"urlTemplate\":\"https:\/\/visitbaskavoda.hr\/?s={search_term_string}\"},\"query-input\":\"required name=search_term_string\"}],\"inLanguage\":\"hr\"}]}<\/script>\n<!-- \/ Yoast SEO plugin. -->","yoast_head_json":{"title":"House Juri\u0161i\u0107 Ba\u0161ka Voda - Dobro do\u0161li u Ba\u0161ku Vodu!","description":"Ku\u0107a Juri\u0161i\u0107 nalazi se u sredi\u0161njem dijelu mjesta Ba\u0161ka Voda. Iznajmljujemo 3 apartmana za dvije do \u010detiri osobe. Posjetite Ba\u0161ku Vodu i budite na\u0161i gosti!","robots":{"index":"index","follow":"follow","max-snippet":"max-snippet:-1","max-image-preview":"max-image-preview:large","max-video-preview":"max-video-preview:-1"},"canonical":"https:\/\/visitbaskavoda.hr\/hr\/","og_locale":"hr_HR","og_type":"article","og_title":"House Juri\u0161i\u0107 Ba\u0161ka Voda - Dobro do\u0161li u Ba\u0161ku Vodu!","og_description":"Ku\u0107a Juri\u0161i\u0107 nalazi se u sredi\u0161njem dijelu mjesta Ba\u0161ka Voda. Iznajmljujemo 3 apartmana za dvije do \u010detiri osobe. Posjetite Ba\u0161ku Vodu i budite na\u0161i gosti!","og_url":"https:\/\/visitbaskavoda.hr\/hr\/","og_site_name":"House Juri\u0161i\u0107","article_modified_time":"2018-03-23T12:34:33+00:00","twitter_card":"summary_large_image","twitter_misc":{"Procijenjeno vrijeme \u010ditanja":"3 minute"},"schema":{"@context":"https:\/\/schema.org","@graph":[{"@type":"WebPage","@id":"https:\/\/visitbaskavoda.hr\/hr\/","url":"https:\/\/visitbaskavoda.hr\/hr\/","name":"House Juri\u0161i\u0107 Ba\u0161ka Voda - Dobro do\u0161li u Ba\u0161ku Vodu!","isPartOf":{"@id":"https:\/\/visitbaskavoda.hr\/#website"},"datePublished":"2017-05-11T06:51:12+00:00","dateModified":"2018-03-23T12:34:33+00:00","description":"Ku\u0107a Juri\u0161i\u0107 nalazi se u sredi\u0161njem dijelu mjesta Ba\u0161ka Voda. Iznajmljujemo 3 apartmana za dvije do \u010detiri osobe. Posjetite Ba\u0161ku Vodu i budite na\u0161i gosti!","breadcrumb":{"@id":"https:\/\/visitbaskavoda.hr\/hr\/#breadcrumb"},"inLanguage":"hr","potentialAction":[{"@type":"ReadAction","target":["https:\/\/visitbaskavoda.hr\/hr\/"]}]},{"@type":"BreadcrumbList","@id":"https:\/\/visitbaskavoda.hr\/hr\/#breadcrumb","itemListElement":[{"@type":"ListItem","position":1,"name":"Home","item":"https:\/\/visitbaskavoda.hr\/hr\/"},{"@type":"ListItem","position":2,"name":"Po\u010detna"}]},{"@type":"WebSite","@id":"https:\/\/visitbaskavoda.hr\/#website","url":"https:\/\/visitbaskavoda.hr\/","name":"House Juri\u0161i\u0107","description":"Ba\u0161ka Voda","potentialAction":[{"@type":"SearchAction","target":{"@type":"EntryPoint","urlTemplate":"https:\/\/visitbaskavoda.hr\/?s={search_term_string}"},"query-input":"required name=search_term_string"}],"inLanguage":"hr"}]}},"_links":{"self":[{"href":"https:\/\/visitbaskavoda.hr\/hr\/wp-json\/wp\/v2\/pages\/143"}],"collection":[{"href":"https:\/\/visitbaskavoda.hr\/hr\/wp-json\/wp\/v2\/pages"}],"about":[{"href":"https:\/\/visitbaskavoda.hr\/hr\/wp-json\/wp\/v2\/types\/page"}],"author":[{"embeddable":true,"href":"https:\/\/visitbaskavoda.hr\/hr\/wp-json\/wp\/v2\/users\/1"}],"replies":[{"embeddable":true,"href":"https:\/\/visitbaskavoda.hr\/hr\/wp-json\/wp\/v2\/comments?post=143"}],"version-history":[{"count":5,"href":"https:\/\/visitbaskavoda.hr\/hr\/wp-json\/wp\/v2\/pages\/143\/revisions"}],"predecessor-version":[{"id":908,"href":"https:\/\/visitbaskavoda.hr\/hr\/wp-json\/wp\/v2\/pages\/143\/revisions\/908"}],"wp:attachment":[{"href":"https:\/\/visitbaskavoda.hr\/hr\/wp-json\/wp\/v2\/media?parent=143"}],"curies":[{"name":"wp","href":"https:\/\/api.w.org\/{rel}","templated":true}]}}