{"id":235,"date":"2017-05-05T10:31:31","date_gmt":"2017-05-05T10:31:31","guid":{"rendered":"http:\/\/dev.visitbaskavoda.hr\/gallery\/"},"modified":"2017-07-21T13:14:16","modified_gmt":"2017-07-21T13:14:16","slug":"gallery","status":"publish","type":"page","link":"https:\/\/visitbaskavoda.hr\/hr\/gallery\/","title":{"rendered":"Foto"},"content":{"rendered":"<section class=\"wpb-content-wrapper\"><p>[vc_row css=&#8221;.vc_custom_1494404746710{padding-top: 30px !important;}&#8221;][vc_column][vc_media_grid gap=&#8221;0&#8243; grid_id=&#8221;vc_gid:1494404721953-b2911a54-d4c6-3&#8243; include=&#8221;112,113,114,115,116,117,118,119,120,121,122,123,124,125,127&#8243;][\/vc_column][\/vc_row]<\/p>\n<\/section>","protected":false},"excerpt":{"rendered":"<p>[vc_row css=&#8221;.vc_custom_1494404746710{padding-top: 30px !important;}&#8221;][vc_column][vc_media_grid gap=&#8221;0&#8243; grid_id=&#8221;vc_gid:1494404721953-b2911a54-d4c6-3&#8243; include=&#8221;112,113,114,115,116,117,118,119,120,121,122,123,124,125,127&#8243;][\/vc_column][\/vc_row]<\/p>\n","protected":false},"author":1,"featured_media":0,"parent":0,"menu_order":0,"comment_status":"closed","ping_status":"closed","template":"","meta":{"footnotes":""},"yoast_head":"<!-- This site is optimized with the Yoast SEO plugin v22.8 - https:\/\/yoast.com\/wordpress\/plugins\/seo\/ -->\n<title>Foto - House Juri\u0161i\u0107<\/title>\n<meta name=\"robots\" content=\"index, follow, max-snippet:-1, max-image-preview:large, max-video-preview:-1\" \/>\n<link rel=\"canonical\" href=\"https:\/\/visitbaskavoda.hr\/gallery\/\" \/>\n<meta property=\"og:locale\" content=\"hr_HR\" \/>\n<meta property=\"og:type\" content=\"article\" \/>\n<meta property=\"og:title\" content=\"Foto - House Juri\u0161i\u0107\" \/>\n<meta property=\"og:description\" content=\"[vc_row css=&#8221;.vc_custom_1494404746710{padding-top: 30px !important;}&#8221;][vc_column][vc_media_grid gap=&#8221;0&#8243; grid_id=&#8221;vc_gid:1494404721953-b2911a54-d4c6-3&#8243; include=&#8221;112,113,114,115,116,117,118,119,120,121,122,123,124,125,127&#8243;][\/vc_column][\/vc_row]\" \/>\n<meta property=\"og:url\" content=\"https:\/\/visitbaskavoda.hr\/gallery\/\" \/>\n<meta property=\"og:site_name\" content=\"House Juri\u0161i\u0107\" \/>\n<meta property=\"article:modified_time\" content=\"2017-07-21T13:14:16+00:00\" \/>\n<meta name=\"twitter:card\" content=\"summary_large_image\" \/>\n<script type=\"application\/ld+json\" class=\"yoast-schema-graph\">{\"@context\":\"https:\/\/schema.org\",\"@graph\":[{\"@type\":\"WebPage\",\"@id\":\"https:\/\/visitbaskavoda.hr\/gallery\/\",\"url\":\"https:\/\/visitbaskavoda.hr\/gallery\/\",\"name\":\"Foto - House Juri\u0161i\u0107\",\"isPartOf\":{\"@id\":\"https:\/\/visitbaskavoda.hr\/#website\"},\"datePublished\":\"2017-05-05T10:31:31+00:00\",\"dateModified\":\"2017-07-21T13:14:16+00:00\",\"breadcrumb\":{\"@id\":\"https:\/\/visitbaskavoda.hr\/gallery\/#breadcrumb\"},\"inLanguage\":\"hr\",\"potentialAction\":[{\"@type\":\"ReadAction\",\"target\":[\"https:\/\/visitbaskavoda.hr\/gallery\/\"]}]},{\"@type\":\"BreadcrumbList\",\"@id\":\"https:\/\/visitbaskavoda.hr\/gallery\/#breadcrumb\",\"itemListElement\":[{\"@type\":\"ListItem\",\"position\":1,\"name\":\"Home\",\"item\":\"https:\/\/visitbaskavoda.hr\/hr\/\"},{\"@type\":\"ListItem\",\"position\":2,\"name\":\"Foto\"}]},{\"@type\":\"WebSite\",\"@id\":\"https:\/\/visitbaskavoda.hr\/#website\",\"url\":\"https:\/\/visitbaskavoda.hr\/\",\"name\":\"House Juri\u0161i\u0107\",\"description\":\"Ba\u0161ka Voda\",\"potentialAction\":[{\"@type\":\"SearchAction\",\"target\":{\"@type\":\"EntryPoint\",\"urlTemplate\":\"https:\/\/visitbaskavoda.hr\/?s={search_term_string}\"},\"query-input\":\"required name=search_term_string\"}],\"inLanguage\":\"hr\"}]}<\/script>\n<!-- \/ Yoast SEO plugin. -->","yoast_head_json":{"title":"Foto - House Juri\u0161i\u0107","robots":{"index":"index","follow":"follow","max-snippet":"max-snippet:-1","max-image-preview":"max-image-preview:large","max-video-preview":"max-video-preview:-1"},"canonical":"https:\/\/visitbaskavoda.hr\/gallery\/","og_locale":"hr_HR","og_type":"article","og_title":"Foto - House Juri\u0161i\u0107","og_description":"[vc_row css=&#8221;.vc_custom_1494404746710{padding-top: 30px !important;}&#8221;][vc_column][vc_media_grid gap=&#8221;0&#8243; grid_id=&#8221;vc_gid:1494404721953-b2911a54-d4c6-3&#8243; include=&#8221;112,113,114,115,116,117,118,119,120,121,122,123,124,125,127&#8243;][\/vc_column][\/vc_row]","og_url":"https:\/\/visitbaskavoda.hr\/gallery\/","og_site_name":"House Juri\u0161i\u0107","article_modified_time":"2017-07-21T13:14:16+00:00","twitter_card":"summary_large_image","schema":{"@context":"https:\/\/schema.org","@graph":[{"@type":"WebPage","@id":"https:\/\/visitbaskavoda.hr\/gallery\/","url":"https:\/\/visitbaskavoda.hr\/gallery\/","name":"Foto - House Juri\u0161i\u0107","isPartOf":{"@id":"https:\/\/visitbaskavoda.hr\/#website"},"datePublished":"2017-05-05T10:31:31+00:00","dateModified":"2017-07-21T13:14:16+00:00","breadcrumb":{"@id":"https:\/\/visitbaskavoda.hr\/gallery\/#breadcrumb"},"inLanguage":"hr","potentialAction":[{"@type":"ReadAction","target":["https:\/\/visitbaskavoda.hr\/gallery\/"]}]},{"@type":"BreadcrumbList","@id":"https:\/\/visitbaskavoda.hr\/gallery\/#breadcrumb","itemListElement":[{"@type":"ListItem","position":1,"name":"Home","item":"https:\/\/visitbaskavoda.hr\/hr\/"},{"@type":"ListItem","position":2,"name":"Foto"}]},{"@type":"WebSite","@id":"https:\/\/visitbaskavoda.hr\/#website","url":"https:\/\/visitbaskavoda.hr\/","name":"House Juri\u0161i\u0107","description":"Ba\u0161ka Voda","potentialAction":[{"@type":"SearchAction","target":{"@type":"EntryPoint","urlTemplate":"https:\/\/visitbaskavoda.hr\/?s={search_term_string}"},"query-input":"required name=search_term_string"}],"inLanguage":"hr"}]}},"_links":{"self":[{"href":"https:\/\/visitbaskavoda.hr\/hr\/wp-json\/wp\/v2\/pages\/235"}],"collection":[{"href":"https:\/\/visitbaskavoda.hr\/hr\/wp-json\/wp\/v2\/pages"}],"about":[{"href":"https:\/\/visitbaskavoda.hr\/hr\/wp-json\/wp\/v2\/types\/page"}],"author":[{"embeddable":true,"href":"https:\/\/visitbaskavoda.hr\/hr\/wp-json\/wp\/v2\/users\/1"}],"replies":[{"embeddable":true,"href":"https:\/\/visitbaskavoda.hr\/hr\/wp-json\/wp\/v2\/comments?post=235"}],"version-history":[{"count":2,"href":"https:\/\/visitbaskavoda.hr\/hr\/wp-json\/wp\/v2\/pages\/235\/revisions"}],"predecessor-version":[{"id":778,"href":"https:\/\/visitbaskavoda.hr\/hr\/wp-json\/wp\/v2\/pages\/235\/revisions\/778"}],"wp:attachment":[{"href":"https:\/\/visitbaskavoda.hr\/hr\/wp-json\/wp\/v2\/media?parent=235"}],"curies":[{"name":"wp","href":"https:\/\/api.w.org\/{rel}","templated":true}]}}