{"id":363,"date":"2017-05-10T08:07:55","date_gmt":"2017-05-10T08:07:55","guid":{"rendered":"http:\/\/dev.visitbaskavoda.hr\/apartment-3\/"},"modified":"2025-04-11T10:17:35","modified_gmt":"2025-04-11T10:17:35","slug":"apartment-3","status":"publish","type":"page","link":"https:\/\/visitbaskavoda.hr\/it\/apartment-3\/","title":{"rendered":"Appartamento 3"},"content":{"rendered":"<section class=\"wpb-content-wrapper\"><p>[vc_row css=&#8221;.vc_custom_1494403509546{padding-top: 50px !important;}&#8221;][vc_column width=&#8221;1\/4&#8243;][vc_single_image image=&#8221;96&#8243; img_size=&#8221;full&#8221;][\/vc_column][vc_column width=&#8221;3\/4&#8243;][vc_column_text]<\/p>\n<div class=\"vc_btn3-container prettyphoto vc_btn3-right\"><a class=\"vc_general vc_btn3 vc_btn3-size-md vc_btn3-shape-rounded vc_btn3-style-modern vc_btn3-color-grey \" href=\"http:\/\/www.visitbaskavoda.hr\/walks\/Jurisisc_app_3.html\" target=\"_blank\" rel=\"noopener noreferrer\">Virtual tour<\/a><\/div>\n<p>[\/vc_column_text][vc_empty_space][vc_column_text]The apartment N.3*** (3rd floor, two rooms apartment) offers: double room, double room with a\u00a0 kitchenette and dining area, air condition, SAT TV, safe deposit box, Wi-Fi Internet access, bathroom, large balcony, sea view. Both beds are matrimonial.<br \/>\n&#8230;<br \/>\nThe private parking is not far from the house. Some distances from the house: beach 40 m, town centre 100 m, shop 100 m, post 80 m, Wellness 200 m, restaurant 50 m, green market 300 m, butcher 80 m etc.<br \/>\n&#8230;<br \/>\nVisit Baska Voda and have nice holidays!<br \/>\nFamily Jurisic welcomes you![\/vc_column_text][\/vc_column][\/vc_row][vc_row][vc_column][vc_media_grid gap=&#8221;0&#8243; grid_id=&#8221;vc_gid:1744366610071-cc477f49-ecb4-1&#8243; include=&#8221;97,98,99,100,102,1900&#8243;][\/vc_column][\/vc_row][vc_row][vc_column][vc_btn title=&#8221;Calendar&#8221; link=&#8221;url:http%3A%2F%2F%3Ciframe%20name%3D%22calendar_frame%22%20src%3D%22https%3A%2F%2Fwww.reklamauceskoj.cz%2Fklijent%2Fkalendar_dostupnosti.php%3Fid%3D4268044%22%20style%3D%22width%3A%20100%25%3B%20height%3A%20250px%3B%20position%3A%20relative%22%20frameborder%3D%220%22%3E%3C%2Fiframe%3E|title:Calendar|target:_blank|&#8221;][\/vc_column][\/vc_row]<\/p>\n<\/section>","protected":false},"excerpt":{"rendered":"<p>[vc_row css=&#8221;.vc_custom_1494403509546{padding-top: 50px !important;}&#8221;][vc_column width=&#8221;1\/4&#8243;][vc_single_image image=&#8221;96&#8243; img_size=&#8221;full&#8221;][\/vc_column][vc_column width=&#8221;3\/4&#8243;][vc_column_text] Virtual tour [\/vc_column_text][vc_empty_space][vc_column_text]The apartment N.3*** (3rd floor, two rooms apartment) offers: double room, double room with a\u00a0 kitchenette and dining area, air condition, SAT TV, safe deposit box, Wi-Fi Internet access, bathroom, large balcony, sea view. Both beds are matrimonial. &#8230; The private parking is not far [&hellip;]<\/p>\n","protected":false},"author":1,"featured_media":0,"parent":0,"menu_order":0,"comment_status":"closed","ping_status":"closed","template":"","meta":{"footnotes":""},"yoast_head":"<!-- This site is optimized with the Yoast SEO plugin v22.8 - https:\/\/yoast.com\/wordpress\/plugins\/seo\/ -->\n<title>Appartamento 3 - House Juri\u0161i\u0107<\/title>\n<meta name=\"robots\" content=\"index, follow, max-snippet:-1, max-image-preview:large, max-video-preview:-1\" \/>\n<link rel=\"canonical\" href=\"https:\/\/visitbaskavoda.hr\/it\/apartment-3\/\" \/>\n<meta property=\"og:locale\" content=\"it_IT\" \/>\n<meta property=\"og:type\" content=\"article\" \/>\n<meta property=\"og:title\" content=\"Appartamento 3 - House Juri\u0161i\u0107\" \/>\n<meta property=\"og:description\" content=\"[vc_row css=&#8221;.vc_custom_1494403509546{padding-top: 50px !important;}&#8221;][vc_column width=&#8221;1\/4&#8243;][vc_single_image image=&#8221;96&#8243; img_size=&#8221;full&#8221;][\/vc_column][vc_column width=&#8221;3\/4&#8243;][vc_column_text] Virtual tour [\/vc_column_text][vc_empty_space][vc_column_text]The apartment N.3*** (3rd floor, two rooms apartment) offers: double room, double room with a\u00a0 kitchenette and dining area, air condition, SAT TV, safe deposit box, Wi-Fi Internet access, bathroom, large balcony, sea view. Both beds are matrimonial. &#8230; The private parking is not far [&hellip;]\" \/>\n<meta property=\"og:url\" content=\"https:\/\/visitbaskavoda.hr\/it\/apartment-3\/\" \/>\n<meta property=\"og:site_name\" content=\"House Juri\u0161i\u0107\" \/>\n<meta property=\"article:modified_time\" content=\"2025-04-11T10:17:35+00:00\" \/>\n<meta name=\"twitter:card\" content=\"summary_large_image\" \/>\n<meta name=\"twitter:label1\" content=\"Tempo di lettura stimato\" \/>\n\t<meta name=\"twitter:data1\" content=\"1 minuto\" \/>\n<script type=\"application\/ld+json\" class=\"yoast-schema-graph\">{\"@context\":\"https:\/\/schema.org\",\"@graph\":[{\"@type\":\"WebPage\",\"@id\":\"https:\/\/visitbaskavoda.hr\/it\/apartment-3\/\",\"url\":\"https:\/\/visitbaskavoda.hr\/it\/apartment-3\/\",\"name\":\"Appartamento 3 - House Juri\u0161i\u0107\",\"isPartOf\":{\"@id\":\"https:\/\/visitbaskavoda.hr\/#website\"},\"datePublished\":\"2017-05-10T08:07:55+00:00\",\"dateModified\":\"2025-04-11T10:17:35+00:00\",\"breadcrumb\":{\"@id\":\"https:\/\/visitbaskavoda.hr\/it\/apartment-3\/#breadcrumb\"},\"inLanguage\":\"it-IT\",\"potentialAction\":[{\"@type\":\"ReadAction\",\"target\":[\"https:\/\/visitbaskavoda.hr\/it\/apartment-3\/\"]}]},{\"@type\":\"BreadcrumbList\",\"@id\":\"https:\/\/visitbaskavoda.hr\/it\/apartment-3\/#breadcrumb\",\"itemListElement\":[{\"@type\":\"ListItem\",\"position\":1,\"name\":\"Home\",\"item\":\"https:\/\/visitbaskavoda.hr\/it\/\"},{\"@type\":\"ListItem\",\"position\":2,\"name\":\"Appartamento 3\"}]},{\"@type\":\"WebSite\",\"@id\":\"https:\/\/visitbaskavoda.hr\/#website\",\"url\":\"https:\/\/visitbaskavoda.hr\/\",\"name\":\"House Juri\u0161i\u0107\",\"description\":\"Ba\u0161ka Voda\",\"potentialAction\":[{\"@type\":\"SearchAction\",\"target\":{\"@type\":\"EntryPoint\",\"urlTemplate\":\"https:\/\/visitbaskavoda.hr\/?s={search_term_string}\"},\"query-input\":\"required name=search_term_string\"}],\"inLanguage\":\"it-IT\"}]}<\/script>\n<!-- \/ Yoast SEO plugin. -->","yoast_head_json":{"title":"Appartamento 3 - House Juri\u0161i\u0107","robots":{"index":"index","follow":"follow","max-snippet":"max-snippet:-1","max-image-preview":"max-image-preview:large","max-video-preview":"max-video-preview:-1"},"canonical":"https:\/\/visitbaskavoda.hr\/it\/apartment-3\/","og_locale":"it_IT","og_type":"article","og_title":"Appartamento 3 - House Juri\u0161i\u0107","og_description":"[vc_row css=&#8221;.vc_custom_1494403509546{padding-top: 50px !important;}&#8221;][vc_column width=&#8221;1\/4&#8243;][vc_single_image image=&#8221;96&#8243; img_size=&#8221;full&#8221;][\/vc_column][vc_column width=&#8221;3\/4&#8243;][vc_column_text] Virtual tour [\/vc_column_text][vc_empty_space][vc_column_text]The apartment N.3*** (3rd floor, two rooms apartment) offers: double room, double room with a\u00a0 kitchenette and dining area, air condition, SAT TV, safe deposit box, Wi-Fi Internet access, bathroom, large balcony, sea view. Both beds are matrimonial. &#8230; The private parking is not far [&hellip;]","og_url":"https:\/\/visitbaskavoda.hr\/it\/apartment-3\/","og_site_name":"House Juri\u0161i\u0107","article_modified_time":"2025-04-11T10:17:35+00:00","twitter_card":"summary_large_image","twitter_misc":{"Tempo di lettura stimato":"1 minuto"},"schema":{"@context":"https:\/\/schema.org","@graph":[{"@type":"WebPage","@id":"https:\/\/visitbaskavoda.hr\/it\/apartment-3\/","url":"https:\/\/visitbaskavoda.hr\/it\/apartment-3\/","name":"Appartamento 3 - House Juri\u0161i\u0107","isPartOf":{"@id":"https:\/\/visitbaskavoda.hr\/#website"},"datePublished":"2017-05-10T08:07:55+00:00","dateModified":"2025-04-11T10:17:35+00:00","breadcrumb":{"@id":"https:\/\/visitbaskavoda.hr\/it\/apartment-3\/#breadcrumb"},"inLanguage":"it-IT","potentialAction":[{"@type":"ReadAction","target":["https:\/\/visitbaskavoda.hr\/it\/apartment-3\/"]}]},{"@type":"BreadcrumbList","@id":"https:\/\/visitbaskavoda.hr\/it\/apartment-3\/#breadcrumb","itemListElement":[{"@type":"ListItem","position":1,"name":"Home","item":"https:\/\/visitbaskavoda.hr\/it\/"},{"@type":"ListItem","position":2,"name":"Appartamento 3"}]},{"@type":"WebSite","@id":"https:\/\/visitbaskavoda.hr\/#website","url":"https:\/\/visitbaskavoda.hr\/","name":"House Juri\u0161i\u0107","description":"Ba\u0161ka Voda","potentialAction":[{"@type":"SearchAction","target":{"@type":"EntryPoint","urlTemplate":"https:\/\/visitbaskavoda.hr\/?s={search_term_string}"},"query-input":"required name=search_term_string"}],"inLanguage":"it-IT"}]}},"_links":{"self":[{"href":"https:\/\/visitbaskavoda.hr\/it\/wp-json\/wp\/v2\/pages\/363"}],"collection":[{"href":"https:\/\/visitbaskavoda.hr\/it\/wp-json\/wp\/v2\/pages"}],"about":[{"href":"https:\/\/visitbaskavoda.hr\/it\/wp-json\/wp\/v2\/types\/page"}],"author":[{"embeddable":true,"href":"https:\/\/visitbaskavoda.hr\/it\/wp-json\/wp\/v2\/users\/1"}],"replies":[{"embeddable":true,"href":"https:\/\/visitbaskavoda.hr\/it\/wp-json\/wp\/v2\/comments?post=363"}],"version-history":[{"count":5,"href":"https:\/\/visitbaskavoda.hr\/it\/wp-json\/wp\/v2\/pages\/363\/revisions"}],"predecessor-version":[{"id":2002,"href":"https:\/\/visitbaskavoda.hr\/it\/wp-json\/wp\/v2\/pages\/363\/revisions\/2002"}],"wp:attachment":[{"href":"https:\/\/visitbaskavoda.hr\/it\/wp-json\/wp\/v2\/media?parent=363"}],"curies":[{"name":"wp","href":"https:\/\/api.w.org\/{rel}","templated":true}]}}