{"id":426,"date":"2017-05-05T10:31:19","date_gmt":"2017-05-05T10:31:19","guid":{"rendered":"http:\/\/dev.visitbaskavoda.hr\/prices\/"},"modified":"2026-01-11T09:45:24","modified_gmt":"2026-01-11T09:45:24","slug":"prices","status":"publish","type":"page","link":"https:\/\/visitbaskavoda.hr\/pl\/prices\/","title":{"rendered":"Ceny"},"content":{"rendered":"<section class=\"wpb-content-wrapper\"><p>[vc_row css=&#8221;.vc_custom_1494404459991{padding-bottom: 30px !important;}&#8221;][vc_column][vc_column_text css_animation=&#8221;bounceInDown&#8221;]<\/p>\n<table class=\"prices\">\n<tbody>\n<tr>\n<td rowspan=\"4\" width=\"32%\">Popis<\/td>\n<td colspan=\"5\" align=\"right\">EUR<\/td>\n<\/tr>\n<tr>\n<td colspan=\"5\" align=\"center\"><strong>Sez\u00f3ny<\/strong><\/td>\n<\/tr>\n<tr>\n<td align=\"center\" width=\"13%\"><strong>E<\/strong><\/td>\n<td align=\"center\" width=\"13%\"><strong>D<\/strong><\/td>\n<td align=\"center\" width=\"13%\"><strong>C<\/strong><\/td>\n<td align=\"center\" width=\"13%\"><strong>B<\/strong><\/td>\n<td align=\"center\" width=\"13%\"><strong>A<\/strong><\/td>\n<\/tr>\n<tr>\n<td align=\"center\" width=\"13%\"><strong>&#8211; <\/strong><\/td>\n<td align=\"center\" width=\"13%\"><strong> 10. 9 &#8211; 20. 6<\/strong><\/td>\n<td align=\"center\" width=\"13%\"><strong> 20. 6 &#8211; 1. 7<br \/>\n1 &#8211; 10. 9 <\/strong><\/td>\n<td align=\"center\" width=\"13%\"><strong> 1 &#8211; 10. 7<br \/>\n20. 8- 1. 9<\/strong><\/td>\n<td align=\"center\" width=\"13%\"><strong> 10. 7 &#8211; 20. 8<\/strong><\/td>\n<\/tr>\n<tr>\n<td>1\/2 Apartament<\/td>\n<td align=\"center\">&#8211;<\/td>\n<td align=\"center\">65<\/td>\n<td align=\"center\">75<\/td>\n<td align=\"center\">85<\/td>\n<td align=\"center\">95<\/td>\n<\/tr>\n<tr>\n<td>1\/4 Apartament<\/td>\n<td align=\"center\">&#8211;<\/td>\n<td align=\"center\">100<\/td>\n<td align=\"center\">120<\/td>\n<td align=\"center\">140<\/td>\n<td align=\"center\">170<\/td>\n<\/tr>\n<tr>\n<td colspan=\"6\" align=\"center\">nnie za apartament:<\/td>\n<\/tr>\n<tr>\n<td>\u0141\u00f3\u017cko pomocnicze<\/td>\n<td align=\"center\">&#8211;<\/td>\n<td align=\"center\">30<\/td>\n<td align=\"center\">30<\/td>\n<td align=\"center\">30<\/td>\n<td align=\"center\">30<\/td>\n<\/tr>\n<tr>\n<td>\u0141\u00f3\u017cko dzieci\u0119ce<\/td>\n<td align=\"center\">&#8211;<\/td>\n<td align=\"center\">25<\/td>\n<td align=\"center\">25<\/td>\n<td align=\"center\">25<\/td>\n<td align=\"center\">25<\/td>\n<\/tr>\n<tr>\n<td>Dziecko do lat 6 w \u0142\u00f3\u017cku z dwiema doros\u0142ymi osobami<\/td>\n<td align=\"center\">&#8211;<\/td>\n<td align=\"center\">25<\/td>\n<td align=\"center\">25<\/td>\n<td align=\"center\">25<\/td>\n<td align=\"center\">25<\/td>\n<\/tr>\n<tr>\n<td>1 * 3 nocy<\/td>\n<td colspan=\"5\" align=\"center\">+30 %<\/td>\n<\/tr>\n<tr>\n<td colspan=\"6\">\n<p align=\"center\">W tym: podatek turystyczny, rejestracja, podatek, parking, po\u015bciel, klimatyzacja, Wi-Fi Internet, SAT TV, itp<\/p>\n<\/td>\n<\/tr>\n<tr>\n<td colspan=\"6\" align=\"center\">Przyjazd: 14.00 h. Wyjazd: 10.00 h.<\/td>\n<\/tr>\n<\/tbody>\n<\/table>\n<p>[\/vc_column_text][\/vc_column][\/vc_row][vc_row css=&#8221;.vc_custom_1494404450552{padding-bottom: 50px !important;}&#8221;][vc_column][vc_custom_heading text=&#8221;Rezerwacje&#8221; use_theme_fonts=&#8221;yes&#8221;][vc_column_text]<\/p>\n<table class=\"prices\">\n<tbody>\n<tr>\n<td rowspan=\"2\" width=\"32%\">Popis<\/td>\n<td colspan=\"2\" align=\"center\"><strong>Sez\u00f3ny<\/strong><\/td>\n<\/tr>\n<tr>\n<td align=\"center\" width=\"34%\"><strong>A-B<\/strong><\/td>\n<td align=\"center\" width=\"34%\"><strong>C-D<\/strong><\/td>\n<\/tr>\n<tr>\n<td rowspan=\"1\" width=\"32%\">Spos\u00f3b rezerwacji<\/td>\n<td align=\"center\" width=\"34%\"><\/td>\n<td align=\"center\" width=\"34%\"><\/td>\n<\/tr>\n<tr>\n<td rowspan=\"1\" width=\"32%\">Potwierdzenie rezerwacji<\/td>\n<td colspan=\"2\" align=\"center\">Po zap\u0142aceniu 30% zaliczki (na koszt p\u0142ac\u0105cego)<\/td>\n<\/tr>\n<tr>\n<td rowspan=\"1\" width=\"32%\">Odszkodowanie w wyniku rezygnacji<\/td>\n<td colspan=\"2\" align=\"center\">90 dni lub p\u00f3\u017aniej = 30%, 91 dni lub wcze\u015bniej = 15% + koszty przelewu<\/td>\n<\/tr>\n<tr>\n<td rowspan=\"1\" width=\"32%\">Odszkod. za niewykorzystane a zarezer. dni<\/td>\n<td colspan=\"2\" align=\"center\">100%<\/td>\n<\/tr>\n<\/tbody>\n<\/table>\n<p>[\/vc_column_text][\/vc_column][\/vc_row]<\/p>\n<\/section>","protected":false},"excerpt":{"rendered":"<p>[vc_row css=&#8221;.vc_custom_1494404459991{padding-bottom: 30px !important;}&#8221;][vc_column][vc_column_text css_animation=&#8221;bounceInDown&#8221;] Popis EUR Sez\u00f3ny E D C B A &#8211; 10. 9 &#8211; 20. 6 20. 6 &#8211; 1. 7 1 &#8211; 10. 9 1 &#8211; 10. 7 20. 8- 1. 9 10. 7 &#8211; 20. 8 1\/2 Apartament &#8211; 65 75 85 95 1\/4 Apartament &#8211; 100 120 140 170 [&hellip;]<\/p>\n","protected":false},"author":1,"featured_media":0,"parent":0,"menu_order":0,"comment_status":"closed","ping_status":"closed","template":"","meta":{"footnotes":""},"yoast_head":"<!-- This site is optimized with the Yoast SEO plugin v22.8 - https:\/\/yoast.com\/wordpress\/plugins\/seo\/ -->\n<title>Ceny - House Juri\u0161i\u0107<\/title>\n<meta name=\"robots\" content=\"index, follow, max-snippet:-1, max-image-preview:large, max-video-preview:-1\" \/>\n<link rel=\"canonical\" href=\"https:\/\/visitbaskavoda.hr\/pl\/prices\/\" \/>\n<meta property=\"og:locale\" content=\"pl_PL\" \/>\n<meta property=\"og:type\" content=\"article\" \/>\n<meta property=\"og:title\" content=\"Ceny - House Juri\u0161i\u0107\" \/>\n<meta property=\"og:description\" content=\"[vc_row css=&#8221;.vc_custom_1494404459991{padding-bottom: 30px !important;}&#8221;][vc_column][vc_column_text css_animation=&#8221;bounceInDown&#8221;] Popis EUR Sez\u00f3ny E D C B A &#8211; 10. 9 &#8211; 20. 6 20. 6 &#8211; 1. 7 1 &#8211; 10. 9 1 &#8211; 10. 7 20. 8- 1. 9 10. 7 &#8211; 20. 8 1\/2 Apartament &#8211; 65 75 85 95 1\/4 Apartament &#8211; 100 120 140 170 [&hellip;]\" \/>\n<meta property=\"og:url\" content=\"https:\/\/visitbaskavoda.hr\/pl\/prices\/\" \/>\n<meta property=\"og:site_name\" content=\"House Juri\u0161i\u0107\" \/>\n<meta property=\"article:modified_time\" content=\"2026-01-11T09:45:24+00:00\" \/>\n<meta name=\"twitter:card\" content=\"summary_large_image\" \/>\n<meta name=\"twitter:label1\" content=\"Szacowany czas czytania\" \/>\n\t<meta name=\"twitter:data1\" content=\"1 minuta\" \/>\n<script type=\"application\/ld+json\" class=\"yoast-schema-graph\">{\"@context\":\"https:\/\/schema.org\",\"@graph\":[{\"@type\":\"WebPage\",\"@id\":\"https:\/\/visitbaskavoda.hr\/pl\/prices\/\",\"url\":\"https:\/\/visitbaskavoda.hr\/pl\/prices\/\",\"name\":\"Ceny - House Juri\u0161i\u0107\",\"isPartOf\":{\"@id\":\"https:\/\/visitbaskavoda.hr\/#website\"},\"datePublished\":\"2017-05-05T10:31:19+00:00\",\"dateModified\":\"2026-01-11T09:45:24+00:00\",\"breadcrumb\":{\"@id\":\"https:\/\/visitbaskavoda.hr\/pl\/prices\/#breadcrumb\"},\"inLanguage\":\"pl-PL\",\"potentialAction\":[{\"@type\":\"ReadAction\",\"target\":[\"https:\/\/visitbaskavoda.hr\/pl\/prices\/\"]}]},{\"@type\":\"BreadcrumbList\",\"@id\":\"https:\/\/visitbaskavoda.hr\/pl\/prices\/#breadcrumb\",\"itemListElement\":[{\"@type\":\"ListItem\",\"position\":1,\"name\":\"Home\",\"item\":\"https:\/\/visitbaskavoda.hr\/\"},{\"@type\":\"ListItem\",\"position\":2,\"name\":\"Ceny\"}]},{\"@type\":\"WebSite\",\"@id\":\"https:\/\/visitbaskavoda.hr\/#website\",\"url\":\"https:\/\/visitbaskavoda.hr\/\",\"name\":\"House Juri\u0161i\u0107\",\"description\":\"Ba\u0161ka Voda\",\"potentialAction\":[{\"@type\":\"SearchAction\",\"target\":{\"@type\":\"EntryPoint\",\"urlTemplate\":\"https:\/\/visitbaskavoda.hr\/?s={search_term_string}\"},\"query-input\":\"required name=search_term_string\"}],\"inLanguage\":\"pl-PL\"}]}<\/script>\n<!-- \/ Yoast SEO plugin. -->","yoast_head_json":{"title":"Ceny - House Juri\u0161i\u0107","robots":{"index":"index","follow":"follow","max-snippet":"max-snippet:-1","max-image-preview":"max-image-preview:large","max-video-preview":"max-video-preview:-1"},"canonical":"https:\/\/visitbaskavoda.hr\/pl\/prices\/","og_locale":"pl_PL","og_type":"article","og_title":"Ceny - House Juri\u0161i\u0107","og_description":"[vc_row css=&#8221;.vc_custom_1494404459991{padding-bottom: 30px !important;}&#8221;][vc_column][vc_column_text css_animation=&#8221;bounceInDown&#8221;] Popis EUR Sez\u00f3ny E D C B A &#8211; 10. 9 &#8211; 20. 6 20. 6 &#8211; 1. 7 1 &#8211; 10. 9 1 &#8211; 10. 7 20. 8- 1. 9 10. 7 &#8211; 20. 8 1\/2 Apartament &#8211; 65 75 85 95 1\/4 Apartament &#8211; 100 120 140 170 [&hellip;]","og_url":"https:\/\/visitbaskavoda.hr\/pl\/prices\/","og_site_name":"House Juri\u0161i\u0107","article_modified_time":"2026-01-11T09:45:24+00:00","twitter_card":"summary_large_image","twitter_misc":{"Szacowany czas czytania":"1 minuta"},"schema":{"@context":"https:\/\/schema.org","@graph":[{"@type":"WebPage","@id":"https:\/\/visitbaskavoda.hr\/pl\/prices\/","url":"https:\/\/visitbaskavoda.hr\/pl\/prices\/","name":"Ceny - House Juri\u0161i\u0107","isPartOf":{"@id":"https:\/\/visitbaskavoda.hr\/#website"},"datePublished":"2017-05-05T10:31:19+00:00","dateModified":"2026-01-11T09:45:24+00:00","breadcrumb":{"@id":"https:\/\/visitbaskavoda.hr\/pl\/prices\/#breadcrumb"},"inLanguage":"pl-PL","potentialAction":[{"@type":"ReadAction","target":["https:\/\/visitbaskavoda.hr\/pl\/prices\/"]}]},{"@type":"BreadcrumbList","@id":"https:\/\/visitbaskavoda.hr\/pl\/prices\/#breadcrumb","itemListElement":[{"@type":"ListItem","position":1,"name":"Home","item":"https:\/\/visitbaskavoda.hr\/"},{"@type":"ListItem","position":2,"name":"Ceny"}]},{"@type":"WebSite","@id":"https:\/\/visitbaskavoda.hr\/#website","url":"https:\/\/visitbaskavoda.hr\/","name":"House Juri\u0161i\u0107","description":"Ba\u0161ka Voda","potentialAction":[{"@type":"SearchAction","target":{"@type":"EntryPoint","urlTemplate":"https:\/\/visitbaskavoda.hr\/?s={search_term_string}"},"query-input":"required name=search_term_string"}],"inLanguage":"pl-PL"}]}},"_links":{"self":[{"href":"https:\/\/visitbaskavoda.hr\/pl\/wp-json\/wp\/v2\/pages\/426"}],"collection":[{"href":"https:\/\/visitbaskavoda.hr\/pl\/wp-json\/wp\/v2\/pages"}],"about":[{"href":"https:\/\/visitbaskavoda.hr\/pl\/wp-json\/wp\/v2\/types\/page"}],"author":[{"embeddable":true,"href":"https:\/\/visitbaskavoda.hr\/pl\/wp-json\/wp\/v2\/users\/1"}],"replies":[{"embeddable":true,"href":"https:\/\/visitbaskavoda.hr\/pl\/wp-json\/wp\/v2\/comments?post=426"}],"version-history":[{"count":13,"href":"https:\/\/visitbaskavoda.hr\/pl\/wp-json\/wp\/v2\/pages\/426\/revisions"}],"predecessor-version":[{"id":2022,"href":"https:\/\/visitbaskavoda.hr\/pl\/wp-json\/wp\/v2\/pages\/426\/revisions\/2022"}],"wp:attachment":[{"href":"https:\/\/visitbaskavoda.hr\/pl\/wp-json\/wp\/v2\/media?parent=426"}],"curies":[{"name":"wp","href":"https:\/\/api.w.org\/{rel}","templated":true}]}}