{"id":285,"date":"2017-05-05T10:33:00","date_gmt":"2017-05-05T10:33:00","guid":{"rendered":"http:\/\/dev.visitbaskavoda.hr\/find-us\/"},"modified":"2021-10-18T11:17:57","modified_gmt":"2021-10-18T11:17:57","slug":"kak-k-nam","status":"publish","type":"page","link":"https:\/\/visitbaskavoda.hr\/ru\/kak-k-nam\/","title":{"rendered":"\u041a\u0430\u043a \u043a \u043d\u0430\u043c"},"content":{"rendered":"<section class=\"wpb-content-wrapper\"><p>[vc_row css=&#187;.vc_custom_1494405401522{padding-top: 50px !important;padding-bottom: 50px !important;}&#187;][vc_column width=&#187;1\/2&#8243;][vc_column_text 0=&#187;&#187;]\u0414\u043e\u043c \u042e\u0440\u0438\u0448\u0438\u0447<br \/>\nHR \u2013 21320 \u0411\u0430\u0448\u043a\u0430 \u0412\u043e\u0434a<br \/>\n\u041a\u043d\u0435\u0437\u0430 \u0414\u043e\u043c\u0430\u0433\u043e\u044f 25<br \/>\n\u0425\u043e\u0440\u0432\u0430\u0442\u0438\u044f<\/p>\n<p>&nbsp;<\/p>\n<p>\u0422\u0435\u043b.: +385 21 620329<br \/>\nViber: +385 99 833 97 33<br \/>\n<a href=\"mailto:info@visitbaskavoda.hr\">info@visitbaskavoda.hr<\/a><br \/>\n<a href=\"http:\/\/www.visitbaskavoda.hr\/\" target=\"_blank\" rel=\"noopener noreferrer\">www.visitbaskavoda.hr<br \/>\n<\/a><\/p>\n<p>&nbsp;<\/p>\n<p><span id=\"result_box\" class=\"short_text\" lang=\"ru\"><span class=\"\">\u0410\u043d\u0442\u043e\u043d\u0438\u043d\u0430 \u0438 \u0410\u043d\u0442\u0435 \u042e\u0440\u0438\u0448\u0438\u0447<\/span><\/span>[\/vc_column_text][vc_empty_space 0=&#187;&#187;][vc_btn title=&#187;\u043a\u0430\u0440\u0442\u0430 \u0433\u043e\u0440\u043e\u0434\u0430 \u0441 \u0443\u043a\u0430\u0437\u0430\u043d\u0438\u044f\u043c\u0438&#187; link=&#187;url:https%3A%2F%2Fvisitbaskavoda.hr%2Fwp-content%2Fuploads%2F2017%2F05%2F2622.pdf||target:%20_blank|&#187;][\/vc_column][vc_column width=&#187;1\/2&#8243;][vc_gmaps link=&#187;#E-8_JTNDaWZyYW1lJTIwc3JjJTNEJTIyaHR0cHMlM0ElMkYlMkZ3d3cuZ29vZ2xlLmNvbSUyRm1hcHMlMkZlbWJlZCUzRnBiJTNEJTIxMW0xOCUyMTFtMTIlMjExbTMlMjExZDgyMDUuMTUxMjYwNTUwODclMjEyZDE2Ljk0MjgwOTk0NDYzNTI2JTIxM2Q0My4zNTY5NjcxOTM2NDQ3MyUyMTJtMyUyMTFmMCUyMTJmMCUyMTNmMCUyMTNtMiUyMTFpMTAyNCUyMTJpNzY4JTIxNGYxMy4xJTIxM20zJTIxMW0yJTIxMXMweDAlMjUzQTB4MCUyMTJ6TkRQQ3NESXhKekkwTGpraVRpQXhOc0t3TlRZbk5UZ3VOeUpGJTIxNWUwJTIxM20yJTIxMXNociUyMTJzaHIlMjE0djE0OTg1NTk2NzE1NjAlMjIlMjB3aWR0aCUzRCUyMjEwMCUyNSUyMiUyMGhlaWdodCUzRCUyMjQ1MCUyMiUyMGZyYW1lYm9yZGVyJTNEJTIyMCUyMiUyMHN0eWxlJTNEJTIyYm9yZGVyJTNBMCUyMiUyMGFsbG93ZnVsbHNjcmVlbiUzRSUzQyUyRmlmcmFtZSUzRQ==&#187; size=&#187;&#187;][\/vc_column][\/vc_row]<\/p>\n<\/section>","protected":false},"excerpt":{"rendered":"<p>[vc_row css=&#187;.vc_custom_1494405401522{padding-top: 50px !important;padding-bottom: 50px !important;}&#187;][vc_column width=&#187;1\/2&#8243;][vc_column_text 0=&#187;&#187;]\u0414\u043e\u043c \u042e\u0440\u0438\u0448\u0438\u0447 HR \u2013 21320 \u0411\u0430\u0448\u043a\u0430 \u0412\u043e\u0434a \u041a\u043d\u0435\u0437\u0430 \u0414\u043e\u043c\u0430\u0433\u043e\u044f 25 \u0425\u043e\u0440\u0432\u0430\u0442\u0438\u044f &nbsp; \u0422\u0435\u043b.: +385 21 620329 Viber: +385 99 833 97 33 info@visitbaskavoda.hr www.visitbaskavoda.hr &nbsp; \u0410\u043d\u0442\u043e\u043d\u0438\u043d\u0430 \u0438 \u0410\u043d\u0442\u0435 \u042e\u0440\u0438\u0448\u0438\u0447[\/vc_column_text][vc_empty_space 0=&#187;&#187;][vc_btn title=&#187;\u043a\u0430\u0440\u0442\u0430 \u0433\u043e\u0440\u043e\u0434\u0430 \u0441 \u0443\u043a\u0430\u0437\u0430\u043d\u0438\u044f\u043c\u0438&#187; link=&#187;url:https%3A%2F%2Fvisitbaskavoda.hr%2Fwp-content%2Fuploads%2F2017%2F05%2F2622.pdf||target:%20_blank|&#187;][\/vc_column][vc_column width=&#187;1\/2&#8243;][vc_gmaps link=&#187;#E-8_JTNDaWZyYW1lJTIwc3JjJTNEJTIyaHR0cHMlM0ElMkYlMkZ3d3cuZ29vZ2xlLmNvbSUyRm1hcHMlMkZlbWJlZCUzRnBiJTNEJTIxMW0xOCUyMTFtMTIlMjExbTMlMjExZDgyMDUuMTUxMjYwNTUwODclMjEyZDE2Ljk0MjgwOTk0NDYzNTI2JTIxM2Q0My4zNTY5NjcxOTM2NDQ3MyUyMTJtMyUyMTFmMCUyMTJmMCUyMTNmMCUyMTNtMiUyMTFpMTAyNCUyMTJpNzY4JTIxNGYxMy4xJTIxM20zJTIxMW0yJTIxMXMweDAlMjUzQTB4MCUyMTJ6TkRQQ3NESXhKekkwTGpraVRpQXhOc0t3TlRZbk5UZ3VOeUpGJTIxNWUwJTIxM20yJTIxMXNociUyMTJzaHIlMjE0djE0OTg1NTk2NzE1NjAlMjIlMjB3aWR0aCUzRCUyMjEwMCUyNSUyMiUyMGhlaWdodCUzRCUyMjQ1MCUyMiUyMGZyYW1lYm9yZGVyJTNEJTIyMCUyMiUyMHN0eWxlJTNEJTIyYm9yZGVyJTNBMCUyMiUyMGFsbG93ZnVsbHNjcmVlbiUzRSUzQyUyRmlmcmFtZSUzRQ==&#187; size=&#187;&#187;][\/vc_column][\/vc_row]<\/p>\n","protected":false},"author":1,"featured_media":0,"parent":0,"menu_order":0,"comment_status":"closed","ping_status":"closed","template":"","meta":{"footnotes":""},"yoast_head":"<!-- This site is optimized with the Yoast SEO plugin v22.8 - https:\/\/yoast.com\/wordpress\/plugins\/seo\/ -->\n<title>\u041a\u0430\u043a \u043a \u043d\u0430\u043c - \u0414\u043e\u043c \u042e\u0440\u0438\u0448\u0438\u0447 \u0411\u0430\u0448\u043a\u0430 \u0412\u043e\u0434\u0430<\/title>\n<meta name=\"robots\" content=\"index, follow, max-snippet:-1, max-image-preview:large, max-video-preview:-1\" \/>\n<link rel=\"canonical\" href=\"https:\/\/visitbaskavoda.hr\/find-us\/\" \/>\n<meta property=\"og:locale\" content=\"ru_RU\" \/>\n<meta property=\"og:type\" content=\"article\" \/>\n<meta property=\"og:title\" content=\"\u041a\u0430\u043a \u043a \u043d\u0430\u043c - \u0414\u043e\u043c \u042e\u0440\u0438\u0448\u0438\u0447 \u0411\u0430\u0448\u043a\u0430 \u0412\u043e\u0434\u0430\" \/>\n<meta property=\"og:description\" content=\"[vc_row css=&#187;.vc_custom_1494405401522{padding-top: 50px !important;padding-bottom: 50px !important;}&#187;][vc_column width=&#187;1\/2&#8243;][vc_column_text 0=&#187;&#187;]\u0414\u043e\u043c \u042e\u0440\u0438\u0448\u0438\u0447 HR \u2013 21320 \u0411\u0430\u0448\u043a\u0430 \u0412\u043e\u0434a \u041a\u043d\u0435\u0437\u0430 \u0414\u043e\u043c\u0430\u0433\u043e\u044f 25 \u0425\u043e\u0440\u0432\u0430\u0442\u0438\u044f &nbsp; \u0422\u0435\u043b.: +385 21 620329 Viber: +385 99 833 97 33 info@visitbaskavoda.hr www.visitbaskavoda.hr &nbsp; \u0410\u043d\u0442\u043e\u043d\u0438\u043d\u0430 \u0438 \u0410\u043d\u0442\u0435 \u042e\u0440\u0438\u0448\u0438\u0447[\/vc_column_text][vc_empty_space 0=&#187;&#187;][vc_btn title=&#187;\u043a\u0430\u0440\u0442\u0430 \u0433\u043e\u0440\u043e\u0434\u0430 \u0441 \u0443\u043a\u0430\u0437\u0430\u043d\u0438\u044f\u043c\u0438&#187; link=&#187;url:https%3A%2F%2Fvisitbaskavoda.hr%2Fwp-content%2Fuploads%2F2017%2F05%2F2622.pdf||target:%20_blank|&#187;][\/vc_column][vc_column width=&#187;1\/2&#8243;][vc_gmaps link=&#187;#E-8_JTNDaWZyYW1lJTIwc3JjJTNEJTIyaHR0cHMlM0ElMkYlMkZ3d3cuZ29vZ2xlLmNvbSUyRm1hcHMlMkZlbWJlZCUzRnBiJTNEJTIxMW0xOCUyMTFtMTIlMjExbTMlMjExZDgyMDUuMTUxMjYwNTUwODclMjEyZDE2Ljk0MjgwOTk0NDYzNTI2JTIxM2Q0My4zNTY5NjcxOTM2NDQ3MyUyMTJtMyUyMTFmMCUyMTJmMCUyMTNmMCUyMTNtMiUyMTFpMTAyNCUyMTJpNzY4JTIxNGYxMy4xJTIxM20zJTIxMW0yJTIxMXMweDAlMjUzQTB4MCUyMTJ6TkRQQ3NESXhKekkwTGpraVRpQXhOc0t3TlRZbk5UZ3VOeUpGJTIxNWUwJTIxM20yJTIxMXNociUyMTJzaHIlMjE0djE0OTg1NTk2NzE1NjAlMjIlMjB3aWR0aCUzRCUyMjEwMCUyNSUyMiUyMGhlaWdodCUzRCUyMjQ1MCUyMiUyMGZyYW1lYm9yZGVyJTNEJTIyMCUyMiUyMHN0eWxlJTNEJTIyYm9yZGVyJTNBMCUyMiUyMGFsbG93ZnVsbHNjcmVlbiUzRSUzQyUyRmlmcmFtZSUzRQ==&#187; size=&#187;&#187;][\/vc_column][\/vc_row]\" \/>\n<meta property=\"og:url\" content=\"https:\/\/visitbaskavoda.hr\/find-us\/\" \/>\n<meta property=\"og:site_name\" content=\"House Juri\u0161i\u0107\" \/>\n<meta property=\"article:modified_time\" content=\"2021-10-18T11:17:57+00:00\" \/>\n<meta name=\"twitter:card\" content=\"summary_large_image\" \/>\n<meta name=\"twitter:label1\" content=\"\u041f\u0440\u0438\u043c\u0435\u0440\u043d\u043e\u0435 \u0432\u0440\u0435\u043c\u044f \u0434\u043b\u044f \u0447\u0442\u0435\u043d\u0438\u044f\" \/>\n\t<meta name=\"twitter:data1\" content=\"1 \u043c\u0438\u043d\u0443\u0442\u0430\" \/>\n<script type=\"application\/ld+json\" class=\"yoast-schema-graph\">{\"@context\":\"https:\/\/schema.org\",\"@graph\":[{\"@type\":\"WebPage\",\"@id\":\"https:\/\/visitbaskavoda.hr\/find-us\/\",\"url\":\"https:\/\/visitbaskavoda.hr\/find-us\/\",\"name\":\"\u041a\u0430\u043a \u043a \u043d\u0430\u043c - \u0414\u043e\u043c \u042e\u0440\u0438\u0448\u0438\u0447 \u0411\u0430\u0448\u043a\u0430 \u0412\u043e\u0434\u0430\",\"isPartOf\":{\"@id\":\"https:\/\/visitbaskavoda.hr\/#website\"},\"datePublished\":\"2017-05-05T10:33:00+00:00\",\"dateModified\":\"2021-10-18T11:17:57+00:00\",\"breadcrumb\":{\"@id\":\"https:\/\/visitbaskavoda.hr\/find-us\/#breadcrumb\"},\"inLanguage\":\"ru-RU\",\"potentialAction\":[{\"@type\":\"ReadAction\",\"target\":[\"https:\/\/visitbaskavoda.hr\/find-us\/\"]}]},{\"@type\":\"BreadcrumbList\",\"@id\":\"https:\/\/visitbaskavoda.hr\/find-us\/#breadcrumb\",\"itemListElement\":[{\"@type\":\"ListItem\",\"position\":1,\"name\":\"Home\",\"item\":\"https:\/\/visitbaskavoda.hr\/ru\/\"},{\"@type\":\"ListItem\",\"position\":2,\"name\":\"\u041a\u0430\u043a \u043a \u043d\u0430\u043c\"}]},{\"@type\":\"WebSite\",\"@id\":\"https:\/\/visitbaskavoda.hr\/#website\",\"url\":\"https:\/\/visitbaskavoda.hr\/\",\"name\":\"House Juri\u0161i\u0107\",\"description\":\"Ba\u0161ka Voda\",\"potentialAction\":[{\"@type\":\"SearchAction\",\"target\":{\"@type\":\"EntryPoint\",\"urlTemplate\":\"https:\/\/visitbaskavoda.hr\/?s={search_term_string}\"},\"query-input\":\"required name=search_term_string\"}],\"inLanguage\":\"ru-RU\"}]}<\/script>\n<!-- \/ Yoast SEO plugin. -->","yoast_head_json":{"title":"\u041a\u0430\u043a \u043a \u043d\u0430\u043c - \u0414\u043e\u043c \u042e\u0440\u0438\u0448\u0438\u0447 \u0411\u0430\u0448\u043a\u0430 \u0412\u043e\u0434\u0430","robots":{"index":"index","follow":"follow","max-snippet":"max-snippet:-1","max-image-preview":"max-image-preview:large","max-video-preview":"max-video-preview:-1"},"canonical":"https:\/\/visitbaskavoda.hr\/find-us\/","og_locale":"ru_RU","og_type":"article","og_title":"\u041a\u0430\u043a \u043a \u043d\u0430\u043c - \u0414\u043e\u043c \u042e\u0440\u0438\u0448\u0438\u0447 \u0411\u0430\u0448\u043a\u0430 \u0412\u043e\u0434\u0430","og_description":"[vc_row css=&#187;.vc_custom_1494405401522{padding-top: 50px !important;padding-bottom: 50px !important;}&#187;][vc_column width=&#187;1\/2&#8243;][vc_column_text 0=&#187;&#187;]\u0414\u043e\u043c \u042e\u0440\u0438\u0448\u0438\u0447 HR \u2013 21320 \u0411\u0430\u0448\u043a\u0430 \u0412\u043e\u0434a \u041a\u043d\u0435\u0437\u0430 \u0414\u043e\u043c\u0430\u0433\u043e\u044f 25 \u0425\u043e\u0440\u0432\u0430\u0442\u0438\u044f &nbsp; \u0422\u0435\u043b.: +385 21 620329 Viber: +385 99 833 97 33 info@visitbaskavoda.hr www.visitbaskavoda.hr &nbsp; \u0410\u043d\u0442\u043e\u043d\u0438\u043d\u0430 \u0438 \u0410\u043d\u0442\u0435 \u042e\u0440\u0438\u0448\u0438\u0447[\/vc_column_text][vc_empty_space 0=&#187;&#187;][vc_btn title=&#187;\u043a\u0430\u0440\u0442\u0430 \u0433\u043e\u0440\u043e\u0434\u0430 \u0441 \u0443\u043a\u0430\u0437\u0430\u043d\u0438\u044f\u043c\u0438&#187; link=&#187;url:https%3A%2F%2Fvisitbaskavoda.hr%2Fwp-content%2Fuploads%2F2017%2F05%2F2622.pdf||target:%20_blank|&#187;][\/vc_column][vc_column width=&#187;1\/2&#8243;][vc_gmaps link=&#187;#E-8_JTNDaWZyYW1lJTIwc3JjJTNEJTIyaHR0cHMlM0ElMkYlMkZ3d3cuZ29vZ2xlLmNvbSUyRm1hcHMlMkZlbWJlZCUzRnBiJTNEJTIxMW0xOCUyMTFtMTIlMjExbTMlMjExZDgyMDUuMTUxMjYwNTUwODclMjEyZDE2Ljk0MjgwOTk0NDYzNTI2JTIxM2Q0My4zNTY5NjcxOTM2NDQ3MyUyMTJtMyUyMTFmMCUyMTJmMCUyMTNmMCUyMTNtMiUyMTFpMTAyNCUyMTJpNzY4JTIxNGYxMy4xJTIxM20zJTIxMW0yJTIxMXMweDAlMjUzQTB4MCUyMTJ6TkRQQ3NESXhKekkwTGpraVRpQXhOc0t3TlRZbk5UZ3VOeUpGJTIxNWUwJTIxM20yJTIxMXNociUyMTJzaHIlMjE0djE0OTg1NTk2NzE1NjAlMjIlMjB3aWR0aCUzRCUyMjEwMCUyNSUyMiUyMGhlaWdodCUzRCUyMjQ1MCUyMiUyMGZyYW1lYm9yZGVyJTNEJTIyMCUyMiUyMHN0eWxlJTNEJTIyYm9yZGVyJTNBMCUyMiUyMGFsbG93ZnVsbHNjcmVlbiUzRSUzQyUyRmlmcmFtZSUzRQ==&#187; size=&#187;&#187;][\/vc_column][\/vc_row]","og_url":"https:\/\/visitbaskavoda.hr\/find-us\/","og_site_name":"House Juri\u0161i\u0107","article_modified_time":"2021-10-18T11:17:57+00:00","twitter_card":"summary_large_image","twitter_misc":{"\u041f\u0440\u0438\u043c\u0435\u0440\u043d\u043e\u0435 \u0432\u0440\u0435\u043c\u044f \u0434\u043b\u044f \u0447\u0442\u0435\u043d\u0438\u044f":"1 \u043c\u0438\u043d\u0443\u0442\u0430"},"schema":{"@context":"https:\/\/schema.org","@graph":[{"@type":"WebPage","@id":"https:\/\/visitbaskavoda.hr\/find-us\/","url":"https:\/\/visitbaskavoda.hr\/find-us\/","name":"\u041a\u0430\u043a \u043a \u043d\u0430\u043c - \u0414\u043e\u043c \u042e\u0440\u0438\u0448\u0438\u0447 \u0411\u0430\u0448\u043a\u0430 \u0412\u043e\u0434\u0430","isPartOf":{"@id":"https:\/\/visitbaskavoda.hr\/#website"},"datePublished":"2017-05-05T10:33:00+00:00","dateModified":"2021-10-18T11:17:57+00:00","breadcrumb":{"@id":"https:\/\/visitbaskavoda.hr\/find-us\/#breadcrumb"},"inLanguage":"ru-RU","potentialAction":[{"@type":"ReadAction","target":["https:\/\/visitbaskavoda.hr\/find-us\/"]}]},{"@type":"BreadcrumbList","@id":"https:\/\/visitbaskavoda.hr\/find-us\/#breadcrumb","itemListElement":[{"@type":"ListItem","position":1,"name":"Home","item":"https:\/\/visitbaskavoda.hr\/ru\/"},{"@type":"ListItem","position":2,"name":"\u041a\u0430\u043a \u043a \u043d\u0430\u043c"}]},{"@type":"WebSite","@id":"https:\/\/visitbaskavoda.hr\/#website","url":"https:\/\/visitbaskavoda.hr\/","name":"House Juri\u0161i\u0107","description":"Ba\u0161ka Voda","potentialAction":[{"@type":"SearchAction","target":{"@type":"EntryPoint","urlTemplate":"https:\/\/visitbaskavoda.hr\/?s={search_term_string}"},"query-input":"required name=search_term_string"}],"inLanguage":"ru-RU"}]}},"_links":{"self":[{"href":"https:\/\/visitbaskavoda.hr\/ru\/wp-json\/wp\/v2\/pages\/285"}],"collection":[{"href":"https:\/\/visitbaskavoda.hr\/ru\/wp-json\/wp\/v2\/pages"}],"about":[{"href":"https:\/\/visitbaskavoda.hr\/ru\/wp-json\/wp\/v2\/types\/page"}],"author":[{"embeddable":true,"href":"https:\/\/visitbaskavoda.hr\/ru\/wp-json\/wp\/v2\/users\/1"}],"replies":[{"embeddable":true,"href":"https:\/\/visitbaskavoda.hr\/ru\/wp-json\/wp\/v2\/comments?post=285"}],"version-history":[{"count":4,"href":"https:\/\/visitbaskavoda.hr\/ru\/wp-json\/wp\/v2\/pages\/285\/revisions"}],"predecessor-version":[{"id":1106,"href":"https:\/\/visitbaskavoda.hr\/ru\/wp-json\/wp\/v2\/pages\/285\/revisions\/1106"}],"wp:attachment":[{"href":"https:\/\/visitbaskavoda.hr\/ru\/wp-json\/wp\/v2\/media?parent=285"}],"curies":[{"name":"wp","href":"https:\/\/api.w.org\/{rel}","templated":true}]}}