{"id":427,"date":"2017-05-05T10:31:19","date_gmt":"2017-05-05T10:31:19","guid":{"rendered":"http:\/\/dev.visitbaskavoda.hr\/prices\/"},"modified":"2026-01-11T09:47:30","modified_gmt":"2026-01-11T09:47:30","slug":"cenji","status":"publish","type":"page","link":"https:\/\/visitbaskavoda.hr\/ru\/cenji\/","title":{"rendered":"\u0426\u0435\u043d\u044b"},"content":{"rendered":"<section class=\"wpb-content-wrapper\"><p>[vc_row css=&#187;.vc_custom_1494404459991{padding-bottom: 30px !important;}&#187;][vc_column][vc_column_text]<\/p>\n<table class=\"prices\">\n<tbody>\n<tr>\n<td rowspan=\"4\" width=\"32%\">\u041e\u043f\u0438\u0441\u0430\u043d\u0438\u0435<\/td>\n<td colspan=\"5\" align=\"right\">EUR<\/td>\n<\/tr>\n<tr>\n<td colspan=\"5\" align=\"center\"><strong>\u0421\u0435\u0437\u043e\u043d\u044b<\/strong><\/td>\n<\/tr>\n<tr>\n<td align=\"center\" width=\"13%\"><strong>E<\/strong><\/td>\n<td align=\"center\" width=\"13%\"><strong>D<\/strong><\/td>\n<td align=\"center\" width=\"13%\"><strong>C<\/strong><\/td>\n<td align=\"center\" width=\"13%\"><strong>B<\/strong><\/td>\n<td align=\"center\" width=\"13%\"><strong>A<\/strong><\/td>\n<\/tr>\n<tr>\n<td align=\"center\" width=\"13%\"><strong>&#8212; <\/strong><\/td>\n<td align=\"center\" width=\"13%\"><strong> 10. 9 &#8212; 20. 6<\/strong><\/td>\n<td align=\"center\" width=\"13%\"><strong> 20. 6 &#8212; 1. 7<br \/>\n1 &#8212; 10. 9<\/strong><\/td>\n<td align=\"center\" width=\"13%\"><strong> 1 &#8212; 10. 7<br \/>\n20. 8- 1. 9<\/strong><\/td>\n<td align=\"center\" width=\"13%\"><strong> 10. 7 &#8212; 20. 8<\/strong><\/td>\n<\/tr>\n<tr>\n<td>1\/2 A\u043f\u0430\u0440\u0442\u0430\u043c\u0435\u043d\u0442<\/td>\n<td align=\"center\">&#8212;<\/td>\n<td align=\"center\">65<\/td>\n<td align=\"center\">75<\/td>\n<td align=\"center\">85<\/td>\n<td align=\"center\">95<\/td>\n<\/tr>\n<tr>\n<td>1\/4 A\u043f\u0430\u0440\u0442\u0430\u043c\u0435\u043d\u0442<\/td>\n<td align=\"center\">&#8212;<\/td>\n<td align=\"center\">100<\/td>\n<td align=\"center\">120<\/td>\n<td align=\"center\">140<\/td>\n<td align=\"center\">170<\/td>\n<\/tr>\n<tr>\n<td colspan=\"6\" align=\"center\">\u0414\u043e\u043f\u043b\u0430\u0442\u044b, \u0437\u0430\u00a0\u0441\u0443\u0442\u043a\u0438:<\/td>\n<\/tr>\n<tr>\n<td>\u0414\u043e\u043f\u043e\u043b\u043d\u0438\u0442\u0435\u043b\u044c\u043d\u0430\u044f \u0440\u0430\u0437\u0434\u0432\u0438\u0436\u043d\u0430\u044f \u043a\u0440\u043e\u0432\u0430\u0442\u044c<\/td>\n<td align=\"center\">&#8212;<\/td>\n<td align=\"center\">30<\/td>\n<td align=\"center\">30<\/td>\n<td align=\"center\">30<\/td>\n<td align=\"center\">30<\/td>\n<\/tr>\n<tr>\n<td>\u0414\u0435\u0442\u0441\u043a\u0430\u044f \u043a\u0440\u043e\u0432\u0430\u0442\u044c<\/td>\n<td align=\"center\">&#8212;<\/td>\n<td align=\"center\">25<\/td>\n<td align=\"center\">25<\/td>\n<td align=\"center\">25<\/td>\n<td align=\"center\">25<\/td>\n<\/tr>\n<tr>\n<td>\u0420\u0435\u0431\u0435\u043d\u043e\u043a \u0434\u043e 6 \u043b\u0435\u0442 (\u0431\u0435\u0437 \u043f\u0440\u0435\u0434\u043e\u0441\u0442\u0430\u0432\u043b\u0435\u043d\u0438\u044f \u043e\u0442\u0434\u0435\u043b\u044c\u043d\u043e\u0433\u043e \u0441\u043f\u0430\u043b\u044c\u043d\u043e\u0433\u043e \u043c\u0435\u0441\u0442\u0430)<\/td>\n<td align=\"center\">&#8212;<\/td>\n<td align=\"center\">25<\/td>\n<td align=\"center\">25<\/td>\n<td align=\"center\">25<\/td>\n<td align=\"center\">25<\/td>\n<\/tr>\n<tr>\n<td>1 * 3 \u043d\u043e\u0447\u0438<\/td>\n<td colspan=\"5\" align=\"center\">+30 %<\/td>\n<\/tr>\n<tr>\n<td colspan=\"6\">\n<p align=\"center\">\u0412\u043a\u043b\u044e\u0447\u0435\u043d\u043e: \u043d\u0430\u043b\u043e\u0433, \u0440\u0435\u0433\u0438\u0441\u0442\u0440\u0430\u0446\u0438\u044f, \u043c\u0443\u043d\u0438\u0446\u0438\u043f\u0430\u043b\u044c\u043d\u0430\u044f \u0442\u0430\u043a\u0441\u0430, \u043f\u0430\u0440\u043a\u043e\u0432\u043a\u0430, \u043f\u043e\u0441\u0442\u0435\u043b\u044c\u043d\u043e\u0435 \u0431\u0435\u043b\u044c\u0435, \u043f\u043e\u043b\u043e\u0442\u0435\u043d\u0446\u0430, \u043a\u043e\u043d\u0434\u0438\u0446\u0438\u043e\u043d\u0435\u0440, \u0418\u043d\u0442\u0435\u0440\u043d\u0435\u0442, \u0441\u043f\u0443\u0442\u043d\u0438\u043a\u043e\u0432\u043e\u0435 \u0422\u0412, \u0441\u0435\u0439\u0444<\/p>\n<\/td>\n<\/tr>\n<tr>\n<td colspan=\"6\" align=\"center\">\u0417\u0430\u0435\u0437\u0434: \u043e\u0442 14.00. \u041e\u0441\u0432\u043e\u0431\u043e\u0436\u0434\u0435\u043d\u0438\u0435 \u0430\u043f\u0430\u0440\u0442\u0430\u043c\u0435\u043d\u0442\u043e\u0432: \u0434\u043e 10.00.<\/td>\n<\/tr>\n<\/tbody>\n<\/table>\n<p>[\/vc_column_text][\/vc_column][\/vc_row][vc_row css=&#187;.vc_custom_1494404450552{padding-bottom: 50px !important;}&#187;][vc_column][vc_custom_heading text=&#187;\u0423\u0421\u041b\u041e\u0412\u0418\u042f \u0411\u0420\u041e\u041d\u0418\u0420\u041e\u0412\u0410\u041d\u0418\u042f&#187; use_theme_fonts=&#187;yes&#187;][vc_column_text]<\/p>\n<table class=\"prices\">\n<tbody>\n<tr>\n<td rowspan=\"2\" width=\"32%\">\u041e\u043f\u0438\u0441\u0430\u043d\u0438\u0435<\/td>\n<td colspan=\"2\" align=\"center\"><strong>\u0421\u0435\u0437\u043e\u043d\u044b<\/strong><\/td>\n<\/tr>\n<tr>\n<td align=\"center\" width=\"34%\"><strong>A-B<\/strong><\/td>\n<td align=\"center\" width=\"34%\"><strong>C-D<\/strong><\/td>\n<\/tr>\n<tr>\n<td rowspan=\"1\" width=\"32%\">\u041f\u0440\u0438\u043d\u0446\u0438\u043f\u044b \u0431\u0440\u043e\u043d\u0438\u0440\u043e\u0432\u0430\u043d\u0438\u044f<\/td>\n<td align=\"center\" width=\"34%\"><\/td>\n<td align=\"center\" width=\"34%\"><\/td>\n<\/tr>\n<tr>\n<td rowspan=\"1\" width=\"32%\">\u041f\u043e\u0434\u0442\u0432\u0435\u0440\u0436\u0434\u0435\u043d\u0438\u0435 \u0431\u0440\u043e\u043d\u0438<\/td>\n<td colspan=\"2\" align=\"center\">\u041f\u043e\u0441\u043b\u0435 \u043e\u043f\u043b\u0430\u0442\u044b 30% \u0430\u0432\u0430\u043d\u0441\u0430 (\u043e\u043f\u043b\u0430\u0447\u0438\u0432\u0430\u0435\u0442 \u0437\u0430\u043a\u0430\u0437\u0447\u0438\u043a)<\/td>\n<\/tr>\n<tr>\n<td rowspan=\"1\" width=\"32%\">\u0428\u0442\u0440\u0430\u0444\u043d\u044b\u0435 \u0441\u0430\u043d\u043a\u0446\u0438\u0438 \u0437\u0430 \u043e\u0442\u043a\u0430\u0437 \u043e\u0442 \u0431\u0440\u043e\u043d\u0438<\/td>\n<td colspan=\"2\" align=\"center\">90 \u0434\u043d\u0435\u0439 \u0438\u043b\u0438 \u043f\u043e\u0437\u0436\u0435 = 30%, 91 \u0434\u0435\u043d\u044c \u0438\u043b\u0438 \u0440\u0430\u043d\u044c\u0448\u0435 = 15% + \u0440\u0430\u0441\u0445\u043e\u0434\u044b \u043f\u043e \u043f\u0435\u0440\u0435\u0432\u043e\u0434\u0443 \u0441\u0440\u0435\u0434\u0441\u0442\u0432<\/td>\n<\/tr>\n<tr>\n<td rowspan=\"1\" width=\"32%\">\u0428\u0442\u0440\u0430\u0444\u043d\u044b\u0435 \u0441\u0430\u043d\u043a\u0446\u0438\u0438 \u0437\u0430 \u043d\u0435\u0438\u0441\u043f\u043e\u043b\u044c\u0437\u043e\u0432\u0430\u043d\u043d\u044b\u0435 \u0434\u043d\u0438<\/td>\n<td colspan=\"2\" align=\"center\">100%<\/td>\n<\/tr>\n<\/tbody>\n<\/table>\n<p>[\/vc_column_text][\/vc_column][\/vc_row]<\/p>\n<\/section>","protected":false},"excerpt":{"rendered":"<p>[vc_row css=&#187;.vc_custom_1494404459991{padding-bottom: 30px !important;}&#187;][vc_column][vc_column_text] \u041e\u043f\u0438\u0441\u0430\u043d\u0438\u0435 EUR \u0421\u0435\u0437\u043e\u043d\u044b E D C B A &#8212; 10. 9 &#8212; 20. 6 20. 6 &#8212; 1. 7 1 &#8212; 10. 9 1 &#8212; 10. 7 20. 8- 1. 9 10. 7 &#8212; 20. 8 1\/2 A\u043f\u0430\u0440\u0442\u0430\u043c\u0435\u043d\u0442 &#8212; 65 75 85 95 1\/4 A\u043f\u0430\u0440\u0442\u0430\u043c\u0435\u043d\u0442 &#8212; 100 120 140 170 \u0414\u043e\u043f\u043b\u0430\u0442\u044b, [&hellip;]<\/p>\n","protected":false},"author":1,"featured_media":0,"parent":0,"menu_order":0,"comment_status":"closed","ping_status":"closed","template":"","meta":{"footnotes":""},"yoast_head":"<!-- This site is optimized with the Yoast SEO plugin v22.8 - https:\/\/yoast.com\/wordpress\/plugins\/seo\/ -->\n<title>\u0426\u0435\u043d\u044b - \u0414\u043e\u043c \u042e\u0440\u0438\u0448\u0438\u0447 \u0411\u0430\u0448\u043a\u0430 \u0412\u043e\u0434\u0430<\/title>\n<meta name=\"robots\" content=\"index, follow, max-snippet:-1, max-image-preview:large, max-video-preview:-1\" \/>\n<link rel=\"canonical\" href=\"https:\/\/visitbaskavoda.hr\/ru\/cenji\/\" \/>\n<meta property=\"og:locale\" content=\"ru_RU\" \/>\n<meta property=\"og:type\" content=\"article\" \/>\n<meta property=\"og:title\" content=\"\u0426\u0435\u043d\u044b - \u0414\u043e\u043c \u042e\u0440\u0438\u0448\u0438\u0447 \u0411\u0430\u0448\u043a\u0430 \u0412\u043e\u0434\u0430\" \/>\n<meta property=\"og:description\" content=\"[vc_row css=&#187;.vc_custom_1494404459991{padding-bottom: 30px !important;}&#187;][vc_column][vc_column_text] \u041e\u043f\u0438\u0441\u0430\u043d\u0438\u0435 EUR \u0421\u0435\u0437\u043e\u043d\u044b E D C B A &#8212; 10. 9 &#8212; 20. 6 20. 6 &#8212; 1. 7 1 &#8212; 10. 9 1 &#8212; 10. 7 20. 8- 1. 9 10. 7 &#8212; 20. 8 1\/2 A\u043f\u0430\u0440\u0442\u0430\u043c\u0435\u043d\u0442 &#8212; 65 75 85 95 1\/4 A\u043f\u0430\u0440\u0442\u0430\u043c\u0435\u043d\u0442 &#8212; 100 120 140 170 \u0414\u043e\u043f\u043b\u0430\u0442\u044b, [&hellip;]\" \/>\n<meta property=\"og:url\" content=\"https:\/\/visitbaskavoda.hr\/ru\/cenji\/\" \/>\n<meta property=\"og:site_name\" content=\"House Juri\u0161i\u0107\" \/>\n<meta property=\"article:modified_time\" content=\"2026-01-11T09:47:30+00:00\" \/>\n<meta name=\"twitter:card\" content=\"summary_large_image\" \/>\n<meta name=\"twitter:label1\" content=\"\u041f\u0440\u0438\u043c\u0435\u0440\u043d\u043e\u0435 \u0432\u0440\u0435\u043c\u044f \u0434\u043b\u044f \u0447\u0442\u0435\u043d\u0438\u044f\" \/>\n\t<meta name=\"twitter:data1\" content=\"1 \u043c\u0438\u043d\u0443\u0442\u0430\" \/>\n<script type=\"application\/ld+json\" class=\"yoast-schema-graph\">{\"@context\":\"https:\/\/schema.org\",\"@graph\":[{\"@type\":\"WebPage\",\"@id\":\"https:\/\/visitbaskavoda.hr\/ru\/cenji\/\",\"url\":\"https:\/\/visitbaskavoda.hr\/ru\/cenji\/\",\"name\":\"\u0426\u0435\u043d\u044b - \u0414\u043e\u043c \u042e\u0440\u0438\u0448\u0438\u0447 \u0411\u0430\u0448\u043a\u0430 \u0412\u043e\u0434\u0430\",\"isPartOf\":{\"@id\":\"https:\/\/visitbaskavoda.hr\/#website\"},\"datePublished\":\"2017-05-05T10:31:19+00:00\",\"dateModified\":\"2026-01-11T09:47:30+00:00\",\"breadcrumb\":{\"@id\":\"https:\/\/visitbaskavoda.hr\/ru\/cenji\/#breadcrumb\"},\"inLanguage\":\"ru-RU\",\"potentialAction\":[{\"@type\":\"ReadAction\",\"target\":[\"https:\/\/visitbaskavoda.hr\/ru\/cenji\/\"]}]},{\"@type\":\"BreadcrumbList\",\"@id\":\"https:\/\/visitbaskavoda.hr\/ru\/cenji\/#breadcrumb\",\"itemListElement\":[{\"@type\":\"ListItem\",\"position\":1,\"name\":\"Home\",\"item\":\"https:\/\/visitbaskavoda.hr\/ru\/\"},{\"@type\":\"ListItem\",\"position\":2,\"name\":\"\u0426\u0435\u043d\u044b\"}]},{\"@type\":\"WebSite\",\"@id\":\"https:\/\/visitbaskavoda.hr\/#website\",\"url\":\"https:\/\/visitbaskavoda.hr\/\",\"name\":\"House Juri\u0161i\u0107\",\"description\":\"Ba\u0161ka Voda\",\"potentialAction\":[{\"@type\":\"SearchAction\",\"target\":{\"@type\":\"EntryPoint\",\"urlTemplate\":\"https:\/\/visitbaskavoda.hr\/?s={search_term_string}\"},\"query-input\":\"required name=search_term_string\"}],\"inLanguage\":\"ru-RU\"}]}<\/script>\n<!-- \/ Yoast SEO plugin. -->","yoast_head_json":{"title":"\u0426\u0435\u043d\u044b - \u0414\u043e\u043c \u042e\u0440\u0438\u0448\u0438\u0447 \u0411\u0430\u0448\u043a\u0430 \u0412\u043e\u0434\u0430","robots":{"index":"index","follow":"follow","max-snippet":"max-snippet:-1","max-image-preview":"max-image-preview:large","max-video-preview":"max-video-preview:-1"},"canonical":"https:\/\/visitbaskavoda.hr\/ru\/cenji\/","og_locale":"ru_RU","og_type":"article","og_title":"\u0426\u0435\u043d\u044b - \u0414\u043e\u043c \u042e\u0440\u0438\u0448\u0438\u0447 \u0411\u0430\u0448\u043a\u0430 \u0412\u043e\u0434\u0430","og_description":"[vc_row css=&#187;.vc_custom_1494404459991{padding-bottom: 30px !important;}&#187;][vc_column][vc_column_text] \u041e\u043f\u0438\u0441\u0430\u043d\u0438\u0435 EUR \u0421\u0435\u0437\u043e\u043d\u044b E D C B A &#8212; 10. 9 &#8212; 20. 6 20. 6 &#8212; 1. 7 1 &#8212; 10. 9 1 &#8212; 10. 7 20. 8- 1. 9 10. 7 &#8212; 20. 8 1\/2 A\u043f\u0430\u0440\u0442\u0430\u043c\u0435\u043d\u0442 &#8212; 65 75 85 95 1\/4 A\u043f\u0430\u0440\u0442\u0430\u043c\u0435\u043d\u0442 &#8212; 100 120 140 170 \u0414\u043e\u043f\u043b\u0430\u0442\u044b, [&hellip;]","og_url":"https:\/\/visitbaskavoda.hr\/ru\/cenji\/","og_site_name":"House Juri\u0161i\u0107","article_modified_time":"2026-01-11T09:47:30+00:00","twitter_card":"summary_large_image","twitter_misc":{"\u041f\u0440\u0438\u043c\u0435\u0440\u043d\u043e\u0435 \u0432\u0440\u0435\u043c\u044f \u0434\u043b\u044f \u0447\u0442\u0435\u043d\u0438\u044f":"1 \u043c\u0438\u043d\u0443\u0442\u0430"},"schema":{"@context":"https:\/\/schema.org","@graph":[{"@type":"WebPage","@id":"https:\/\/visitbaskavoda.hr\/ru\/cenji\/","url":"https:\/\/visitbaskavoda.hr\/ru\/cenji\/","name":"\u0426\u0435\u043d\u044b - \u0414\u043e\u043c \u042e\u0440\u0438\u0448\u0438\u0447 \u0411\u0430\u0448\u043a\u0430 \u0412\u043e\u0434\u0430","isPartOf":{"@id":"https:\/\/visitbaskavoda.hr\/#website"},"datePublished":"2017-05-05T10:31:19+00:00","dateModified":"2026-01-11T09:47:30+00:00","breadcrumb":{"@id":"https:\/\/visitbaskavoda.hr\/ru\/cenji\/#breadcrumb"},"inLanguage":"ru-RU","potentialAction":[{"@type":"ReadAction","target":["https:\/\/visitbaskavoda.hr\/ru\/cenji\/"]}]},{"@type":"BreadcrumbList","@id":"https:\/\/visitbaskavoda.hr\/ru\/cenji\/#breadcrumb","itemListElement":[{"@type":"ListItem","position":1,"name":"Home","item":"https:\/\/visitbaskavoda.hr\/ru\/"},{"@type":"ListItem","position":2,"name":"\u0426\u0435\u043d\u044b"}]},{"@type":"WebSite","@id":"https:\/\/visitbaskavoda.hr\/#website","url":"https:\/\/visitbaskavoda.hr\/","name":"House Juri\u0161i\u0107","description":"Ba\u0161ka Voda","potentialAction":[{"@type":"SearchAction","target":{"@type":"EntryPoint","urlTemplate":"https:\/\/visitbaskavoda.hr\/?s={search_term_string}"},"query-input":"required name=search_term_string"}],"inLanguage":"ru-RU"}]}},"_links":{"self":[{"href":"https:\/\/visitbaskavoda.hr\/ru\/wp-json\/wp\/v2\/pages\/427"}],"collection":[{"href":"https:\/\/visitbaskavoda.hr\/ru\/wp-json\/wp\/v2\/pages"}],"about":[{"href":"https:\/\/visitbaskavoda.hr\/ru\/wp-json\/wp\/v2\/types\/page"}],"author":[{"embeddable":true,"href":"https:\/\/visitbaskavoda.hr\/ru\/wp-json\/wp\/v2\/users\/1"}],"replies":[{"embeddable":true,"href":"https:\/\/visitbaskavoda.hr\/ru\/wp-json\/wp\/v2\/comments?post=427"}],"version-history":[{"count":13,"href":"https:\/\/visitbaskavoda.hr\/ru\/wp-json\/wp\/v2\/pages\/427\/revisions"}],"predecessor-version":[{"id":2023,"href":"https:\/\/visitbaskavoda.hr\/ru\/wp-json\/wp\/v2\/pages\/427\/revisions\/2023"}],"wp:attachment":[{"href":"https:\/\/visitbaskavoda.hr\/ru\/wp-json\/wp\/v2\/media?parent=427"}],"curies":[{"name":"wp","href":"https:\/\/api.w.org\/{rel}","templated":true}]}}