{"id":602,"date":"2017-07-21T08:49:02","date_gmt":"2017-07-21T08:49:02","guid":{"rendered":"http:\/\/visitbaskavoda.hr\/accommodation\/"},"modified":"2017-08-22T11:41:33","modified_gmt":"2017-08-22T11:41:33","slug":"%d0%bf%d1%80%d0%be%d0%b6%d0%b8%d0%b2%d0%b0%d0%bd%d0%b8%d0%b5","status":"publish","type":"page","link":"https:\/\/visitbaskavoda.hr\/ru\/%d0%bf%d1%80%d0%be%d0%b6%d0%b8%d0%b2%d0%b0%d0%bd%d0%b8%d0%b5\/","title":{"rendered":"\u041f\u0440\u043e\u0436\u0438\u0432\u0430\u043d\u0438\u0435"},"content":{"rendered":"<section class=\"wpb-content-wrapper\"><p>[vc_row][vc_column][vc_empty_space][\/vc_column][\/vc_row][vc_row][vc_column width=&#187;1\/3&#8243;]\r\n\t<ul class=\"photo-gallery\">\r\n\t\t<li>\r\n\t\t\t<img decoding=\"async\" src=\"https:\/\/visitbaskavoda.hr\/wp-content\/uploads\/2017\/05\/30581.jpg\" alt=\"A\u043f\u0430\u0440\u0442\u0430\u043c\u0435\u043d\u0442 1\" \/>\r\n\t\t\t<div class=\"gallery-overlay\">\r\n\t\t\t\t<a href=\"https:\/\/visitbaskavoda.hr\/ru\/apartment-1\/\" target=\"_blank\">\r\n\t\t\t\t\t<div class=\"gallery-overlay-caption\" >\r\n\t\t\t\t\t\t<p>A\u043f\u0430\u0440\u0442\u0430\u043c\u0435\u043d\u0442 1<\/p>\r\n\t\t\t\t\t\t<p><i class=\"fa fa-search-plus\" aria-hidden=\"true\"><\/i><\/p>\r\n\t\t\t\t\t<\/div>\r\n\t\t\t\t<\/a>\r\n\t\t\t<\/div>\r\n\t\t<\/li>\r\n\t<\/ul>[\/vc_column][vc_column width=&#187;1\/3&#8243;]\r\n\t<ul class=\"photo-gallery\">\r\n\t\t<li>\r\n\t\t\t<img decoding=\"async\" src=\"https:\/\/visitbaskavoda.hr\/wp-content\/uploads\/2017\/05\/34396.jpg\" alt=\"A\u043f\u0430\u0440\u0442\u0430\u043c\u0435\u043d\u0442 2\" \/>\r\n\t\t\t<div class=\"gallery-overlay\">\r\n\t\t\t\t<a href=\"https:\/\/visitbaskavoda.hr\/ru\/apartment-2\/\" target=\"_blank\">\r\n\t\t\t\t\t<div class=\"gallery-overlay-caption\" >\r\n\t\t\t\t\t\t<p>A\u043f\u0430\u0440\u0442\u0430\u043c\u0435\u043d\u0442 2<\/p>\r\n\t\t\t\t\t\t<p><i class=\"fa fa-search-plus\" aria-hidden=\"true\"><\/i><\/p>\r\n\t\t\t\t\t<\/div>\r\n\t\t\t\t<\/a>\r\n\t\t\t<\/div>\r\n\t\t<\/li>\r\n\t<\/ul>[\/vc_column][vc_column width=&#187;1\/3&#8243;]\r\n\t<ul class=\"photo-gallery\">\r\n\t\t<li>\r\n\t\t\t<img decoding=\"async\" src=\"https:\/\/visitbaskavoda.hr\/wp-content\/uploads\/2017\/05\/34377.jpg\" alt=\"A\u043f\u0430\u0440\u0442\u0430\u043c\u0435\u043d\u0442 3\" \/>\r\n\t\t\t<div class=\"gallery-overlay\">\r\n\t\t\t\t<a href=\"https:\/\/visitbaskavoda.hr\/ru\/apartment-3\/\" target=\"_blank\">\r\n\t\t\t\t\t<div class=\"gallery-overlay-caption\" >\r\n\t\t\t\t\t\t<p>A\u043f\u0430\u0440\u0442\u0430\u043c\u0435\u043d\u0442 3<\/p>\r\n\t\t\t\t\t\t<p><i class=\"fa fa-search-plus\" aria-hidden=\"true\"><\/i><\/p>\r\n\t\t\t\t\t<\/div>\r\n\t\t\t\t<\/a>\r\n\t\t\t<\/div>\r\n\t\t<\/li>\r\n\t<\/ul>[\/vc_column][\/vc_row][vc_row][vc_column][vc_empty_space][\/vc_column][\/vc_row]<\/p>\n<\/section>","protected":false},"excerpt":{"rendered":"<p>[vc_row][vc_column][vc_empty_space][\/vc_column][\/vc_row][vc_row][vc_column width=&#187;1\/3&#8243;][\/vc_column][vc_column width=&#187;1\/3&#8243;][\/vc_column][vc_column width=&#187;1\/3&#8243;][\/vc_column][\/vc_row][vc_row][vc_column][vc_empty_space][\/vc_column][\/vc_row]<\/p>\n","protected":false},"author":1,"featured_media":0,"parent":0,"menu_order":0,"comment_status":"closed","ping_status":"closed","template":"","meta":{"footnotes":""},"yoast_head":"<!-- This site is optimized with the Yoast SEO plugin v22.8 - https:\/\/yoast.com\/wordpress\/plugins\/seo\/ -->\n<title>\u041f\u0440\u043e\u0436\u0438\u0432\u0430\u043d\u0438\u0435 - \u0414\u043e\u043c \u042e\u0440\u0438\u0448\u0438\u0447 \u0411\u0430\u0448\u043a\u0430 \u0412\u043e\u0434\u0430<\/title>\n<meta name=\"robots\" content=\"index, follow, max-snippet:-1, max-image-preview:large, max-video-preview:-1\" \/>\n<link rel=\"canonical\" href=\"https:\/\/visitbaskavoda.hr\/ru\/\u043f\u0440\u043e\u0436\u0438\u0432\u0430\u043d\u0438\u0435\/\" \/>\n<meta property=\"og:locale\" content=\"ru_RU\" \/>\n<meta property=\"og:type\" content=\"article\" \/>\n<meta property=\"og:title\" content=\"\u041f\u0440\u043e\u0436\u0438\u0432\u0430\u043d\u0438\u0435 - \u0414\u043e\u043c \u042e\u0440\u0438\u0448\u0438\u0447 \u0411\u0430\u0448\u043a\u0430 \u0412\u043e\u0434\u0430\" \/>\n<meta property=\"og:description\" content=\"[vc_row][vc_column][vc_empty_space][\/vc_column][\/vc_row][vc_row][vc_column width=&#187;1\/3&#8243;][\/vc_column][vc_column width=&#187;1\/3&#8243;][\/vc_column][vc_column width=&#187;1\/3&#8243;][\/vc_column][\/vc_row][vc_row][vc_column][vc_empty_space][\/vc_column][\/vc_row]\" \/>\n<meta property=\"og:url\" content=\"https:\/\/visitbaskavoda.hr\/ru\/\u043f\u0440\u043e\u0436\u0438\u0432\u0430\u043d\u0438\u0435\/\" \/>\n<meta property=\"og:site_name\" content=\"House Juri\u0161i\u0107\" \/>\n<meta property=\"article:modified_time\" content=\"2017-08-22T11:41:33+00:00\" \/>\n<meta name=\"twitter:card\" content=\"summary_large_image\" \/>\n<script type=\"application\/ld+json\" class=\"yoast-schema-graph\">{\"@context\":\"https:\/\/schema.org\",\"@graph\":[{\"@type\":\"WebPage\",\"@id\":\"https:\/\/visitbaskavoda.hr\/ru\/%d0%bf%d1%80%d0%be%d0%b6%d0%b8%d0%b2%d0%b0%d0%bd%d0%b8%d0%b5\/\",\"url\":\"https:\/\/visitbaskavoda.hr\/ru\/%d0%bf%d1%80%d0%be%d0%b6%d0%b8%d0%b2%d0%b0%d0%bd%d0%b8%d0%b5\/\",\"name\":\"\u041f\u0440\u043e\u0436\u0438\u0432\u0430\u043d\u0438\u0435 - \u0414\u043e\u043c \u042e\u0440\u0438\u0448\u0438\u0447 \u0411\u0430\u0448\u043a\u0430 \u0412\u043e\u0434\u0430\",\"isPartOf\":{\"@id\":\"https:\/\/visitbaskavoda.hr\/#website\"},\"datePublished\":\"2017-07-21T08:49:02+00:00\",\"dateModified\":\"2017-08-22T11:41:33+00:00\",\"breadcrumb\":{\"@id\":\"https:\/\/visitbaskavoda.hr\/ru\/%d0%bf%d1%80%d0%be%d0%b6%d0%b8%d0%b2%d0%b0%d0%bd%d0%b8%d0%b5\/#breadcrumb\"},\"inLanguage\":\"ru-RU\",\"potentialAction\":[{\"@type\":\"ReadAction\",\"target\":[\"https:\/\/visitbaskavoda.hr\/ru\/%d0%bf%d1%80%d0%be%d0%b6%d0%b8%d0%b2%d0%b0%d0%bd%d0%b8%d0%b5\/\"]}]},{\"@type\":\"BreadcrumbList\",\"@id\":\"https:\/\/visitbaskavoda.hr\/ru\/%d0%bf%d1%80%d0%be%d0%b6%d0%b8%d0%b2%d0%b0%d0%bd%d0%b8%d0%b5\/#breadcrumb\",\"itemListElement\":[{\"@type\":\"ListItem\",\"position\":1,\"name\":\"Home\",\"item\":\"https:\/\/visitbaskavoda.hr\/ru\/\"},{\"@type\":\"ListItem\",\"position\":2,\"name\":\"\u041f\u0440\u043e\u0436\u0438\u0432\u0430\u043d\u0438\u0435\"}]},{\"@type\":\"WebSite\",\"@id\":\"https:\/\/visitbaskavoda.hr\/#website\",\"url\":\"https:\/\/visitbaskavoda.hr\/\",\"name\":\"House Juri\u0161i\u0107\",\"description\":\"Ba\u0161ka Voda\",\"potentialAction\":[{\"@type\":\"SearchAction\",\"target\":{\"@type\":\"EntryPoint\",\"urlTemplate\":\"https:\/\/visitbaskavoda.hr\/?s={search_term_string}\"},\"query-input\":\"required name=search_term_string\"}],\"inLanguage\":\"ru-RU\"}]}<\/script>\n<!-- \/ Yoast SEO plugin. -->","yoast_head_json":{"title":"\u041f\u0440\u043e\u0436\u0438\u0432\u0430\u043d\u0438\u0435 - \u0414\u043e\u043c \u042e\u0440\u0438\u0448\u0438\u0447 \u0411\u0430\u0448\u043a\u0430 \u0412\u043e\u0434\u0430","robots":{"index":"index","follow":"follow","max-snippet":"max-snippet:-1","max-image-preview":"max-image-preview:large","max-video-preview":"max-video-preview:-1"},"canonical":"https:\/\/visitbaskavoda.hr\/ru\/\u043f\u0440\u043e\u0436\u0438\u0432\u0430\u043d\u0438\u0435\/","og_locale":"ru_RU","og_type":"article","og_title":"\u041f\u0440\u043e\u0436\u0438\u0432\u0430\u043d\u0438\u0435 - \u0414\u043e\u043c \u042e\u0440\u0438\u0448\u0438\u0447 \u0411\u0430\u0448\u043a\u0430 \u0412\u043e\u0434\u0430","og_description":"[vc_row][vc_column][vc_empty_space][\/vc_column][\/vc_row][vc_row][vc_column width=&#187;1\/3&#8243;][\/vc_column][vc_column width=&#187;1\/3&#8243;][\/vc_column][vc_column width=&#187;1\/3&#8243;][\/vc_column][\/vc_row][vc_row][vc_column][vc_empty_space][\/vc_column][\/vc_row]","og_url":"https:\/\/visitbaskavoda.hr\/ru\/\u043f\u0440\u043e\u0436\u0438\u0432\u0430\u043d\u0438\u0435\/","og_site_name":"House Juri\u0161i\u0107","article_modified_time":"2017-08-22T11:41:33+00:00","twitter_card":"summary_large_image","schema":{"@context":"https:\/\/schema.org","@graph":[{"@type":"WebPage","@id":"https:\/\/visitbaskavoda.hr\/ru\/%d0%bf%d1%80%d0%be%d0%b6%d0%b8%d0%b2%d0%b0%d0%bd%d0%b8%d0%b5\/","url":"https:\/\/visitbaskavoda.hr\/ru\/%d0%bf%d1%80%d0%be%d0%b6%d0%b8%d0%b2%d0%b0%d0%bd%d0%b8%d0%b5\/","name":"\u041f\u0440\u043e\u0436\u0438\u0432\u0430\u043d\u0438\u0435 - \u0414\u043e\u043c \u042e\u0440\u0438\u0448\u0438\u0447 \u0411\u0430\u0448\u043a\u0430 \u0412\u043e\u0434\u0430","isPartOf":{"@id":"https:\/\/visitbaskavoda.hr\/#website"},"datePublished":"2017-07-21T08:49:02+00:00","dateModified":"2017-08-22T11:41:33+00:00","breadcrumb":{"@id":"https:\/\/visitbaskavoda.hr\/ru\/%d0%bf%d1%80%d0%be%d0%b6%d0%b8%d0%b2%d0%b0%d0%bd%d0%b8%d0%b5\/#breadcrumb"},"inLanguage":"ru-RU","potentialAction":[{"@type":"ReadAction","target":["https:\/\/visitbaskavoda.hr\/ru\/%d0%bf%d1%80%d0%be%d0%b6%d0%b8%d0%b2%d0%b0%d0%bd%d0%b8%d0%b5\/"]}]},{"@type":"BreadcrumbList","@id":"https:\/\/visitbaskavoda.hr\/ru\/%d0%bf%d1%80%d0%be%d0%b6%d0%b8%d0%b2%d0%b0%d0%bd%d0%b8%d0%b5\/#breadcrumb","itemListElement":[{"@type":"ListItem","position":1,"name":"Home","item":"https:\/\/visitbaskavoda.hr\/ru\/"},{"@type":"ListItem","position":2,"name":"\u041f\u0440\u043e\u0436\u0438\u0432\u0430\u043d\u0438\u0435"}]},{"@type":"WebSite","@id":"https:\/\/visitbaskavoda.hr\/#website","url":"https:\/\/visitbaskavoda.hr\/","name":"House Juri\u0161i\u0107","description":"Ba\u0161ka Voda","potentialAction":[{"@type":"SearchAction","target":{"@type":"EntryPoint","urlTemplate":"https:\/\/visitbaskavoda.hr\/?s={search_term_string}"},"query-input":"required name=search_term_string"}],"inLanguage":"ru-RU"}]}},"_links":{"self":[{"href":"https:\/\/visitbaskavoda.hr\/ru\/wp-json\/wp\/v2\/pages\/602"}],"collection":[{"href":"https:\/\/visitbaskavoda.hr\/ru\/wp-json\/wp\/v2\/pages"}],"about":[{"href":"https:\/\/visitbaskavoda.hr\/ru\/wp-json\/wp\/v2\/types\/page"}],"author":[{"embeddable":true,"href":"https:\/\/visitbaskavoda.hr\/ru\/wp-json\/wp\/v2\/users\/1"}],"replies":[{"embeddable":true,"href":"https:\/\/visitbaskavoda.hr\/ru\/wp-json\/wp\/v2\/comments?post=602"}],"version-history":[{"count":3,"href":"https:\/\/visitbaskavoda.hr\/ru\/wp-json\/wp\/v2\/pages\/602\/revisions"}],"predecessor-version":[{"id":630,"href":"https:\/\/visitbaskavoda.hr\/ru\/wp-json\/wp\/v2\/pages\/602\/revisions\/630"}],"wp:attachment":[{"href":"https:\/\/visitbaskavoda.hr\/ru\/wp-json\/wp\/v2\/media?parent=602"}],"curies":[{"name":"wp","href":"https:\/\/api.w.org\/{rel}","templated":true}]}}