{"id":286,"date":"2017-05-05T10:33:00","date_gmt":"2017-05-05T10:33:00","guid":{"rendered":"http:\/\/dev.visitbaskavoda.hr\/find-us\/"},"modified":"2021-10-18T11:20:16","modified_gmt":"2021-10-18T11:20:16","slug":"find-us","status":"publish","type":"page","link":"https:\/\/visitbaskavoda.hr\/sk\/find-us\/","title":{"rendered":"Ako k n\u00e1m"},"content":{"rendered":"<section class=\"wpb-content-wrapper\"><p>[vc_row css=&#8220;.vc_custom_1494405401522{padding-top: 50px !important;padding-bottom: 50px !important;}&#8220;][vc_column width=&#8220;1\/2&#8243;][vc_column_text 0=&#8220;&#8220;]HR \u2013 21320 Ba\u0161ka Voda<br \/>\nKneza Domagoja 25<br \/>\nChorvatsko<\/p>\n<p>&nbsp;<\/p>\n<p>Tel.: +385 21 620329<br \/>\nViber: +385 99 833 97 33<br \/>\n<a href=\"mailto:info@visitbaskavoda.hr\">info@visitbaskavoda.hr<\/a><br \/>\n<a href=\"http:\/\/www.visitbaskavoda.hr\/\" target=\"_blank\" rel=\"noopener noreferrer\">www.visitbaskavoda.hr<br \/>\n<\/a><\/p>\n<p>&nbsp;<\/p>\n<p>Antonina &amp; Ante Juri\u0161i\u0107[\/vc_column_text][vc_empty_space 0=&#8220;&#8220;][vc_btn title=&#8220;Mapa mesta s pokynmi&#8220; link=&#8220;url:https%3A%2F%2Fvisitbaskavoda.hr%2Fwp-content%2Fuploads%2F2017%2F05%2F2622.pdf||target:%20_blank|&#8220;][\/vc_column][vc_column width=&#8220;1\/2&#8243;][vc_gmaps link=&#8220;#E-8_JTNDaWZyYW1lJTIwc3JjJTNEJTIyaHR0cHMlM0ElMkYlMkZ3d3cuZ29vZ2xlLmNvbSUyRm1hcHMlMkZlbWJlZCUzRnBiJTNEJTIxMW0xOCUyMTFtMTIlMjExbTMlMjExZDgyMDUuMTUxMjYwNTUwODclMjEyZDE2Ljk0MjgwOTk0NDYzNTI2JTIxM2Q0My4zNTY5NjcxOTM2NDQ3MyUyMTJtMyUyMTFmMCUyMTJmMCUyMTNmMCUyMTNtMiUyMTFpMTAyNCUyMTJpNzY4JTIxNGYxMy4xJTIxM20zJTIxMW0yJTIxMXMweDAlMjUzQTB4MCUyMTJ6TkRQQ3NESXhKekkwTGpraVRpQXhOc0t3TlRZbk5UZ3VOeUpGJTIxNWUwJTIxM20yJTIxMXNociUyMTJzaHIlMjE0djE0OTg1NTk2NzE1NjAlMjIlMjB3aWR0aCUzRCUyMjEwMCUyNSUyMiUyMGhlaWdodCUzRCUyMjQ1MCUyMiUyMGZyYW1lYm9yZGVyJTNEJTIyMCUyMiUyMHN0eWxlJTNEJTIyYm9yZGVyJTNBMCUyMiUyMGFsbG93ZnVsbHNjcmVlbiUzRSUzQyUyRmlmcmFtZSUzRQ==&#8220; size=&#8220;&#8220;][\/vc_column][\/vc_row]<\/p>\n<\/section>","protected":false},"excerpt":{"rendered":"<p>[vc_row css=&#8220;.vc_custom_1494405401522{padding-top: 50px !important;padding-bottom: 50px !important;}&#8220;][vc_column width=&#8220;1\/2&#8243;][vc_column_text 0=&#8220;&#8220;]HR \u2013 21320 Ba\u0161ka Voda Kneza Domagoja 25 Chorvatsko &nbsp; Tel.: +385 21 620329 Viber: +385 99 833 97 33 info@visitbaskavoda.hr www.visitbaskavoda.hr &nbsp; Antonina &amp; Ante Juri\u0161i\u0107[\/vc_column_text][vc_empty_space 0=&#8220;&#8220;][vc_btn title=&#8220;Mapa mesta s pokynmi&#8220; link=&#8220;url:https%3A%2F%2Fvisitbaskavoda.hr%2Fwp-content%2Fuploads%2F2017%2F05%2F2622.pdf||target:%20_blank|&#8220;][\/vc_column][vc_column width=&#8220;1\/2&#8243;][vc_gmaps link=&#8220;#E-8_JTNDaWZyYW1lJTIwc3JjJTNEJTIyaHR0cHMlM0ElMkYlMkZ3d3cuZ29vZ2xlLmNvbSUyRm1hcHMlMkZlbWJlZCUzRnBiJTNEJTIxMW0xOCUyMTFtMTIlMjExbTMlMjExZDgyMDUuMTUxMjYwNTUwODclMjEyZDE2Ljk0MjgwOTk0NDYzNTI2JTIxM2Q0My4zNTY5NjcxOTM2NDQ3MyUyMTJtMyUyMTFmMCUyMTJmMCUyMTNmMCUyMTNtMiUyMTFpMTAyNCUyMTJpNzY4JTIxNGYxMy4xJTIxM20zJTIxMW0yJTIxMXMweDAlMjUzQTB4MCUyMTJ6TkRQQ3NESXhKekkwTGpraVRpQXhOc0t3TlRZbk5UZ3VOeUpGJTIxNWUwJTIxM20yJTIxMXNociUyMTJzaHIlMjE0djE0OTg1NTk2NzE1NjAlMjIlMjB3aWR0aCUzRCUyMjEwMCUyNSUyMiUyMGhlaWdodCUzRCUyMjQ1MCUyMiUyMGZyYW1lYm9yZGVyJTNEJTIyMCUyMiUyMHN0eWxlJTNEJTIyYm9yZGVyJTNBMCUyMiUyMGFsbG93ZnVsbHNjcmVlbiUzRSUzQyUyRmlmcmFtZSUzRQ==&#8220; size=&#8220;&#8220;][\/vc_column][\/vc_row]<\/p>\n","protected":false},"author":1,"featured_media":0,"parent":0,"menu_order":0,"comment_status":"closed","ping_status":"closed","template":"","meta":{"footnotes":""},"yoast_head":"<!-- This site is optimized with the Yoast SEO plugin v22.8 - https:\/\/yoast.com\/wordpress\/plugins\/seo\/ -->\n<title>Ako k n\u00e1m - House Juri\u0161i\u0107<\/title>\n<meta name=\"robots\" content=\"index, follow, max-snippet:-1, max-image-preview:large, max-video-preview:-1\" \/>\n<link rel=\"canonical\" href=\"https:\/\/visitbaskavoda.hr\/find-us\/\" \/>\n<meta property=\"og:locale\" content=\"sk_SK\" \/>\n<meta property=\"og:type\" content=\"article\" \/>\n<meta property=\"og:title\" content=\"Ako k n\u00e1m - House Juri\u0161i\u0107\" \/>\n<meta property=\"og:description\" content=\"[vc_row css=&#8220;.vc_custom_1494405401522{padding-top: 50px !important;padding-bottom: 50px !important;}&#8220;][vc_column width=&#8220;1\/2&#8243;][vc_column_text 0=&#8220;&#8220;]HR \u2013 21320 Ba\u0161ka Voda Kneza Domagoja 25 Chorvatsko &nbsp; Tel.: +385 21 620329 Viber: +385 99 833 97 33 info@visitbaskavoda.hr www.visitbaskavoda.hr &nbsp; Antonina &amp; Ante Juri\u0161i\u0107[\/vc_column_text][vc_empty_space 0=&#8220;&#8220;][vc_btn title=&#8220;Mapa mesta s pokynmi&#8220; link=&#8220;url:https%3A%2F%2Fvisitbaskavoda.hr%2Fwp-content%2Fuploads%2F2017%2F05%2F2622.pdf||target:%20_blank|&#8220;][\/vc_column][vc_column width=&#8220;1\/2&#8243;][vc_gmaps link=&#8220;#E-8_JTNDaWZyYW1lJTIwc3JjJTNEJTIyaHR0cHMlM0ElMkYlMkZ3d3cuZ29vZ2xlLmNvbSUyRm1hcHMlMkZlbWJlZCUzRnBiJTNEJTIxMW0xOCUyMTFtMTIlMjExbTMlMjExZDgyMDUuMTUxMjYwNTUwODclMjEyZDE2Ljk0MjgwOTk0NDYzNTI2JTIxM2Q0My4zNTY5NjcxOTM2NDQ3MyUyMTJtMyUyMTFmMCUyMTJmMCUyMTNmMCUyMTNtMiUyMTFpMTAyNCUyMTJpNzY4JTIxNGYxMy4xJTIxM20zJTIxMW0yJTIxMXMweDAlMjUzQTB4MCUyMTJ6TkRQQ3NESXhKekkwTGpraVRpQXhOc0t3TlRZbk5UZ3VOeUpGJTIxNWUwJTIxM20yJTIxMXNociUyMTJzaHIlMjE0djE0OTg1NTk2NzE1NjAlMjIlMjB3aWR0aCUzRCUyMjEwMCUyNSUyMiUyMGhlaWdodCUzRCUyMjQ1MCUyMiUyMGZyYW1lYm9yZGVyJTNEJTIyMCUyMiUyMHN0eWxlJTNEJTIyYm9yZGVyJTNBMCUyMiUyMGFsbG93ZnVsbHNjcmVlbiUzRSUzQyUyRmlmcmFtZSUzRQ==&#8220; size=&#8220;&#8220;][\/vc_column][\/vc_row]\" \/>\n<meta property=\"og:url\" content=\"https:\/\/visitbaskavoda.hr\/find-us\/\" \/>\n<meta property=\"og:site_name\" content=\"House Juri\u0161i\u0107\" \/>\n<meta property=\"article:modified_time\" content=\"2021-10-18T11:20:16+00:00\" \/>\n<meta name=\"twitter:card\" content=\"summary_large_image\" \/>\n<meta name=\"twitter:label1\" content=\"Predpokladan\u00fd \u010das \u010d\u00edtania\" \/>\n\t<meta name=\"twitter:data1\" content=\"1 min\u00fata\" \/>\n<script type=\"application\/ld+json\" class=\"yoast-schema-graph\">{\"@context\":\"https:\/\/schema.org\",\"@graph\":[{\"@type\":\"WebPage\",\"@id\":\"https:\/\/visitbaskavoda.hr\/find-us\/\",\"url\":\"https:\/\/visitbaskavoda.hr\/find-us\/\",\"name\":\"Ako k n\u00e1m - House Juri\u0161i\u0107\",\"isPartOf\":{\"@id\":\"https:\/\/visitbaskavoda.hr\/#website\"},\"datePublished\":\"2017-05-05T10:33:00+00:00\",\"dateModified\":\"2021-10-18T11:20:16+00:00\",\"breadcrumb\":{\"@id\":\"https:\/\/visitbaskavoda.hr\/find-us\/#breadcrumb\"},\"inLanguage\":\"sk-SK\",\"potentialAction\":[{\"@type\":\"ReadAction\",\"target\":[\"https:\/\/visitbaskavoda.hr\/find-us\/\"]}]},{\"@type\":\"BreadcrumbList\",\"@id\":\"https:\/\/visitbaskavoda.hr\/find-us\/#breadcrumb\",\"itemListElement\":[{\"@type\":\"ListItem\",\"position\":1,\"name\":\"Home\",\"item\":\"https:\/\/visitbaskavoda.hr\/\"},{\"@type\":\"ListItem\",\"position\":2,\"name\":\"Ako k n\u00e1m\"}]},{\"@type\":\"WebSite\",\"@id\":\"https:\/\/visitbaskavoda.hr\/#website\",\"url\":\"https:\/\/visitbaskavoda.hr\/\",\"name\":\"House Juri\u0161i\u0107\",\"description\":\"Ba\u0161ka Voda\",\"potentialAction\":[{\"@type\":\"SearchAction\",\"target\":{\"@type\":\"EntryPoint\",\"urlTemplate\":\"https:\/\/visitbaskavoda.hr\/?s={search_term_string}\"},\"query-input\":\"required name=search_term_string\"}],\"inLanguage\":\"sk-SK\"}]}<\/script>\n<!-- \/ Yoast SEO plugin. -->","yoast_head_json":{"title":"Ako k n\u00e1m - House Juri\u0161i\u0107","robots":{"index":"index","follow":"follow","max-snippet":"max-snippet:-1","max-image-preview":"max-image-preview:large","max-video-preview":"max-video-preview:-1"},"canonical":"https:\/\/visitbaskavoda.hr\/find-us\/","og_locale":"sk_SK","og_type":"article","og_title":"Ako k n\u00e1m - House Juri\u0161i\u0107","og_description":"[vc_row css=&#8220;.vc_custom_1494405401522{padding-top: 50px !important;padding-bottom: 50px !important;}&#8220;][vc_column width=&#8220;1\/2&#8243;][vc_column_text 0=&#8220;&#8220;]HR \u2013 21320 Ba\u0161ka Voda Kneza Domagoja 25 Chorvatsko &nbsp; Tel.: +385 21 620329 Viber: +385 99 833 97 33 info@visitbaskavoda.hr www.visitbaskavoda.hr &nbsp; Antonina &amp; Ante Juri\u0161i\u0107[\/vc_column_text][vc_empty_space 0=&#8220;&#8220;][vc_btn title=&#8220;Mapa mesta s pokynmi&#8220; link=&#8220;url:https%3A%2F%2Fvisitbaskavoda.hr%2Fwp-content%2Fuploads%2F2017%2F05%2F2622.pdf||target:%20_blank|&#8220;][\/vc_column][vc_column width=&#8220;1\/2&#8243;][vc_gmaps link=&#8220;#E-8_JTNDaWZyYW1lJTIwc3JjJTNEJTIyaHR0cHMlM0ElMkYlMkZ3d3cuZ29vZ2xlLmNvbSUyRm1hcHMlMkZlbWJlZCUzRnBiJTNEJTIxMW0xOCUyMTFtMTIlMjExbTMlMjExZDgyMDUuMTUxMjYwNTUwODclMjEyZDE2Ljk0MjgwOTk0NDYzNTI2JTIxM2Q0My4zNTY5NjcxOTM2NDQ3MyUyMTJtMyUyMTFmMCUyMTJmMCUyMTNmMCUyMTNtMiUyMTFpMTAyNCUyMTJpNzY4JTIxNGYxMy4xJTIxM20zJTIxMW0yJTIxMXMweDAlMjUzQTB4MCUyMTJ6TkRQQ3NESXhKekkwTGpraVRpQXhOc0t3TlRZbk5UZ3VOeUpGJTIxNWUwJTIxM20yJTIxMXNociUyMTJzaHIlMjE0djE0OTg1NTk2NzE1NjAlMjIlMjB3aWR0aCUzRCUyMjEwMCUyNSUyMiUyMGhlaWdodCUzRCUyMjQ1MCUyMiUyMGZyYW1lYm9yZGVyJTNEJTIyMCUyMiUyMHN0eWxlJTNEJTIyYm9yZGVyJTNBMCUyMiUyMGFsbG93ZnVsbHNjcmVlbiUzRSUzQyUyRmlmcmFtZSUzRQ==&#8220; size=&#8220;&#8220;][\/vc_column][\/vc_row]","og_url":"https:\/\/visitbaskavoda.hr\/find-us\/","og_site_name":"House Juri\u0161i\u0107","article_modified_time":"2021-10-18T11:20:16+00:00","twitter_card":"summary_large_image","twitter_misc":{"Predpokladan\u00fd \u010das \u010d\u00edtania":"1 min\u00fata"},"schema":{"@context":"https:\/\/schema.org","@graph":[{"@type":"WebPage","@id":"https:\/\/visitbaskavoda.hr\/find-us\/","url":"https:\/\/visitbaskavoda.hr\/find-us\/","name":"Ako k n\u00e1m - House Juri\u0161i\u0107","isPartOf":{"@id":"https:\/\/visitbaskavoda.hr\/#website"},"datePublished":"2017-05-05T10:33:00+00:00","dateModified":"2021-10-18T11:20:16+00:00","breadcrumb":{"@id":"https:\/\/visitbaskavoda.hr\/find-us\/#breadcrumb"},"inLanguage":"sk-SK","potentialAction":[{"@type":"ReadAction","target":["https:\/\/visitbaskavoda.hr\/find-us\/"]}]},{"@type":"BreadcrumbList","@id":"https:\/\/visitbaskavoda.hr\/find-us\/#breadcrumb","itemListElement":[{"@type":"ListItem","position":1,"name":"Home","item":"https:\/\/visitbaskavoda.hr\/"},{"@type":"ListItem","position":2,"name":"Ako k n\u00e1m"}]},{"@type":"WebSite","@id":"https:\/\/visitbaskavoda.hr\/#website","url":"https:\/\/visitbaskavoda.hr\/","name":"House Juri\u0161i\u0107","description":"Ba\u0161ka Voda","potentialAction":[{"@type":"SearchAction","target":{"@type":"EntryPoint","urlTemplate":"https:\/\/visitbaskavoda.hr\/?s={search_term_string}"},"query-input":"required name=search_term_string"}],"inLanguage":"sk-SK"}]}},"_links":{"self":[{"href":"https:\/\/visitbaskavoda.hr\/sk\/wp-json\/wp\/v2\/pages\/286"}],"collection":[{"href":"https:\/\/visitbaskavoda.hr\/sk\/wp-json\/wp\/v2\/pages"}],"about":[{"href":"https:\/\/visitbaskavoda.hr\/sk\/wp-json\/wp\/v2\/types\/page"}],"author":[{"embeddable":true,"href":"https:\/\/visitbaskavoda.hr\/sk\/wp-json\/wp\/v2\/users\/1"}],"replies":[{"embeddable":true,"href":"https:\/\/visitbaskavoda.hr\/sk\/wp-json\/wp\/v2\/comments?post=286"}],"version-history":[{"count":3,"href":"https:\/\/visitbaskavoda.hr\/sk\/wp-json\/wp\/v2\/pages\/286\/revisions"}],"predecessor-version":[{"id":1107,"href":"https:\/\/visitbaskavoda.hr\/sk\/wp-json\/wp\/v2\/pages\/286\/revisions\/1107"}],"wp:attachment":[{"href":"https:\/\/visitbaskavoda.hr\/sk\/wp-json\/wp\/v2\/media?parent=286"}],"curies":[{"name":"wp","href":"https:\/\/api.w.org\/{rel}","templated":true}]}}