{"id":310,"date":"2017-05-05T10:31:09","date_gmt":"2017-05-05T10:31:09","guid":{"rendered":"http:\/\/dev.visitbaskavoda.hr\/apartment-1\/"},"modified":"2024-11-20T20:18:10","modified_gmt":"2024-11-20T20:18:10","slug":"apartment-1","status":"publish","type":"page","link":"https:\/\/visitbaskavoda.hr\/sk\/apartment-1\/","title":{"rendered":"Apartman 1"},"content":{"rendered":"<section class=\"wpb-content-wrapper\"><p>[vc_row css=&#8220;.vc_custom_1494401633793{padding-top: 50px !important;}&#8220;][vc_column width=&#8220;1\/4&#8243;][vc_single_image image=&#8220;75&#8243; img_size=&#8220;full&#8220; onclick=&#8220;link_image&#8220;][\/vc_column][vc_column width=&#8220;3\/4&#8243;][vc_column_text]<\/p>\n<div class=\"vc_btn3-container prettyphoto vc_btn3-right\"><a class=\"vc_general vc_btn3 vc_btn3-size-md vc_btn3-shape-rounded vc_btn3-style-modern vc_btn3-color-grey \" href=\"https:\/\/visitbaskavoda.hr\/walks\/jurisic_app1\/index.html\" target=\"_blank\" rel=\"noopener noreferrer\">Virtual tour<\/a><\/div>\n<p>[\/vc_column_text][vc_empty_space][vc_column_text]The apartment N.1*** (1st floor, one room apartment) offers: double room with a kitchenette and dining area, armchair convertible to single bed, air condition, SAT TV, safe deposit box, Wi-Fi Internet access, bathroom, balcony, sea view.<br \/>\n&#8230;<br \/>\nThe private parking is not far from the house. Some distances from the house: beach 40 m, town centre 100 m, shop 100 m, post 80 m, Wellness 200 m, restaurant 50 m, green market 300 m, butcher 80 m etc.<br \/>\n&#8230;<br \/>\nVisit Baska Voda and have nice holidays!<br \/>\nFamily Jurisic welcomes you![\/vc_column_text][\/vc_column][\/vc_row][vc_row][vc_column][vc_media_grid gap=&#8220;0&#8243; grid_id=&#8220;vc_gid:1732133556015-cac29da2-3b1d-3&#8243; include=&#8220;81,80,79,78,77,76&#8243;][\/vc_column][\/vc_row][vc_row][vc_column][vc_btn title=&#8220;Calendar&#8220; link=&#8220;url:http%3A%2F%2F%3Ciframe%20name%3D%22calendar_frame%22%20src%3D%22https%3A%2F%2Fwww.reklamauceskoj.cz%2Fklijent%2Fkalendar_dostupnosti.php%3Fid%3D4268042%22%20style%3D%22width%3A%20100%25%3B%20height%3A%20250px%3B%20position%3A%20relative%22%20frameborder%3D%220%22%3E%3C%2Fiframe%3E|title:Calendar|target:_blank|&#8220;][\/vc_column][\/vc_row]<\/p>\n<\/section>","protected":false},"excerpt":{"rendered":"<p>[vc_row css=&#8220;.vc_custom_1494401633793{padding-top: 50px !important;}&#8220;][vc_column width=&#8220;1\/4&#8243;][vc_single_image image=&#8220;75&#8243; img_size=&#8220;full&#8220; onclick=&#8220;link_image&#8220;][\/vc_column][vc_column width=&#8220;3\/4&#8243;][vc_column_text] Virtual tour [\/vc_column_text][vc_empty_space][vc_column_text]The apartment N.1*** (1st floor, one room apartment) offers: double room with a kitchenette and dining area, armchair convertible to single bed, air condition, SAT TV, safe deposit box, Wi-Fi Internet access, bathroom, balcony, sea view. &#8230; The private parking is not far from [&hellip;]<\/p>\n","protected":false},"author":1,"featured_media":0,"parent":0,"menu_order":0,"comment_status":"closed","ping_status":"closed","template":"","meta":{"footnotes":""},"yoast_head":"<!-- This site is optimized with the Yoast SEO plugin v22.8 - https:\/\/yoast.com\/wordpress\/plugins\/seo\/ -->\n<title>Apartman 1 - House Juri\u0161i\u0107<\/title>\n<meta name=\"robots\" content=\"index, follow, max-snippet:-1, max-image-preview:large, max-video-preview:-1\" \/>\n<link rel=\"canonical\" href=\"https:\/\/visitbaskavoda.hr\/sk\/apartment-1\/\" \/>\n<meta property=\"og:locale\" content=\"sk_SK\" \/>\n<meta property=\"og:type\" content=\"article\" \/>\n<meta property=\"og:title\" content=\"Apartman 1 - House Juri\u0161i\u0107\" \/>\n<meta property=\"og:description\" content=\"[vc_row css=&#8220;.vc_custom_1494401633793{padding-top: 50px !important;}&#8220;][vc_column width=&#8220;1\/4&#8243;][vc_single_image image=&#8220;75&#8243; img_size=&#8220;full&#8220; onclick=&#8220;link_image&#8220;][\/vc_column][vc_column width=&#8220;3\/4&#8243;][vc_column_text] Virtual tour [\/vc_column_text][vc_empty_space][vc_column_text]The apartment N.1*** (1st floor, one room apartment) offers: double room with a kitchenette and dining area, armchair convertible to single bed, air condition, SAT TV, safe deposit box, Wi-Fi Internet access, bathroom, balcony, sea view. &#8230; The private parking is not far from [&hellip;]\" \/>\n<meta property=\"og:url\" content=\"https:\/\/visitbaskavoda.hr\/sk\/apartment-1\/\" \/>\n<meta property=\"og:site_name\" content=\"House Juri\u0161i\u0107\" \/>\n<meta property=\"article:modified_time\" content=\"2024-11-20T20:18:10+00:00\" \/>\n<meta name=\"twitter:card\" content=\"summary_large_image\" \/>\n<meta name=\"twitter:label1\" content=\"Predpokladan\u00fd \u010das \u010d\u00edtania\" \/>\n\t<meta name=\"twitter:data1\" content=\"1 min\u00fata\" \/>\n<script type=\"application\/ld+json\" class=\"yoast-schema-graph\">{\"@context\":\"https:\/\/schema.org\",\"@graph\":[{\"@type\":\"WebPage\",\"@id\":\"https:\/\/visitbaskavoda.hr\/sk\/apartment-1\/\",\"url\":\"https:\/\/visitbaskavoda.hr\/sk\/apartment-1\/\",\"name\":\"Apartman 1 - House Juri\u0161i\u0107\",\"isPartOf\":{\"@id\":\"https:\/\/visitbaskavoda.hr\/#website\"},\"datePublished\":\"2017-05-05T10:31:09+00:00\",\"dateModified\":\"2024-11-20T20:18:10+00:00\",\"breadcrumb\":{\"@id\":\"https:\/\/visitbaskavoda.hr\/sk\/apartment-1\/#breadcrumb\"},\"inLanguage\":\"sk-SK\",\"potentialAction\":[{\"@type\":\"ReadAction\",\"target\":[\"https:\/\/visitbaskavoda.hr\/sk\/apartment-1\/\"]}]},{\"@type\":\"BreadcrumbList\",\"@id\":\"https:\/\/visitbaskavoda.hr\/sk\/apartment-1\/#breadcrumb\",\"itemListElement\":[{\"@type\":\"ListItem\",\"position\":1,\"name\":\"Home\",\"item\":\"https:\/\/visitbaskavoda.hr\/\"},{\"@type\":\"ListItem\",\"position\":2,\"name\":\"Apartman 1\"}]},{\"@type\":\"WebSite\",\"@id\":\"https:\/\/visitbaskavoda.hr\/#website\",\"url\":\"https:\/\/visitbaskavoda.hr\/\",\"name\":\"House Juri\u0161i\u0107\",\"description\":\"Ba\u0161ka Voda\",\"potentialAction\":[{\"@type\":\"SearchAction\",\"target\":{\"@type\":\"EntryPoint\",\"urlTemplate\":\"https:\/\/visitbaskavoda.hr\/?s={search_term_string}\"},\"query-input\":\"required name=search_term_string\"}],\"inLanguage\":\"sk-SK\"}]}<\/script>\n<!-- \/ Yoast SEO plugin. -->","yoast_head_json":{"title":"Apartman 1 - House Juri\u0161i\u0107","robots":{"index":"index","follow":"follow","max-snippet":"max-snippet:-1","max-image-preview":"max-image-preview:large","max-video-preview":"max-video-preview:-1"},"canonical":"https:\/\/visitbaskavoda.hr\/sk\/apartment-1\/","og_locale":"sk_SK","og_type":"article","og_title":"Apartman 1 - House Juri\u0161i\u0107","og_description":"[vc_row css=&#8220;.vc_custom_1494401633793{padding-top: 50px !important;}&#8220;][vc_column width=&#8220;1\/4&#8243;][vc_single_image image=&#8220;75&#8243; img_size=&#8220;full&#8220; onclick=&#8220;link_image&#8220;][\/vc_column][vc_column width=&#8220;3\/4&#8243;][vc_column_text] Virtual tour [\/vc_column_text][vc_empty_space][vc_column_text]The apartment N.1*** (1st floor, one room apartment) offers: double room with a kitchenette and dining area, armchair convertible to single bed, air condition, SAT TV, safe deposit box, Wi-Fi Internet access, bathroom, balcony, sea view. &#8230; The private parking is not far from [&hellip;]","og_url":"https:\/\/visitbaskavoda.hr\/sk\/apartment-1\/","og_site_name":"House Juri\u0161i\u0107","article_modified_time":"2024-11-20T20:18:10+00:00","twitter_card":"summary_large_image","twitter_misc":{"Predpokladan\u00fd \u010das \u010d\u00edtania":"1 min\u00fata"},"schema":{"@context":"https:\/\/schema.org","@graph":[{"@type":"WebPage","@id":"https:\/\/visitbaskavoda.hr\/sk\/apartment-1\/","url":"https:\/\/visitbaskavoda.hr\/sk\/apartment-1\/","name":"Apartman 1 - House Juri\u0161i\u0107","isPartOf":{"@id":"https:\/\/visitbaskavoda.hr\/#website"},"datePublished":"2017-05-05T10:31:09+00:00","dateModified":"2024-11-20T20:18:10+00:00","breadcrumb":{"@id":"https:\/\/visitbaskavoda.hr\/sk\/apartment-1\/#breadcrumb"},"inLanguage":"sk-SK","potentialAction":[{"@type":"ReadAction","target":["https:\/\/visitbaskavoda.hr\/sk\/apartment-1\/"]}]},{"@type":"BreadcrumbList","@id":"https:\/\/visitbaskavoda.hr\/sk\/apartment-1\/#breadcrumb","itemListElement":[{"@type":"ListItem","position":1,"name":"Home","item":"https:\/\/visitbaskavoda.hr\/"},{"@type":"ListItem","position":2,"name":"Apartman 1"}]},{"@type":"WebSite","@id":"https:\/\/visitbaskavoda.hr\/#website","url":"https:\/\/visitbaskavoda.hr\/","name":"House Juri\u0161i\u0107","description":"Ba\u0161ka Voda","potentialAction":[{"@type":"SearchAction","target":{"@type":"EntryPoint","urlTemplate":"https:\/\/visitbaskavoda.hr\/?s={search_term_string}"},"query-input":"required name=search_term_string"}],"inLanguage":"sk-SK"}]}},"_links":{"self":[{"href":"https:\/\/visitbaskavoda.hr\/sk\/wp-json\/wp\/v2\/pages\/310"}],"collection":[{"href":"https:\/\/visitbaskavoda.hr\/sk\/wp-json\/wp\/v2\/pages"}],"about":[{"href":"https:\/\/visitbaskavoda.hr\/sk\/wp-json\/wp\/v2\/types\/page"}],"author":[{"embeddable":true,"href":"https:\/\/visitbaskavoda.hr\/sk\/wp-json\/wp\/v2\/users\/1"}],"replies":[{"embeddable":true,"href":"https:\/\/visitbaskavoda.hr\/sk\/wp-json\/wp\/v2\/comments?post=310"}],"version-history":[{"count":5,"href":"https:\/\/visitbaskavoda.hr\/sk\/wp-json\/wp\/v2\/pages\/310\/revisions"}],"predecessor-version":[{"id":1808,"href":"https:\/\/visitbaskavoda.hr\/sk\/wp-json\/wp\/v2\/pages\/310\/revisions\/1808"}],"wp:attachment":[{"href":"https:\/\/visitbaskavoda.hr\/sk\/wp-json\/wp\/v2\/media?parent=310"}],"curies":[{"name":"wp","href":"https:\/\/api.w.org\/{rel}","templated":true}]}}