{"id":399,"date":"2017-05-05T09:32:47","date_gmt":"2017-05-05T09:32:47","guid":{"rendered":"http:\/\/dev.visitbaskavoda.hr\/pocetna\/"},"modified":"2018-03-23T12:40:42","modified_gmt":"2018-03-23T12:40:42","slug":"pocetna","status":"publish","type":"page","link":"https:\/\/visitbaskavoda.hr\/sk\/","title":{"rendered":"Home"},"content":{"rendered":"<section class=\"wpb-content-wrapper\"><p>[vc_row][vc_column]\n\t\t\t<!-- START header REVOLUTION SLIDER 6.3.5 --><p class=\"rs-p-wp-fix\"><\/p>\n\t\t\t<rs-module-wrap id=\"rev_slider_1_1_wrapper\" data-source=\"gallery\" style=\"background:transparent;padding:0;margin:0px auto;margin-top:0;margin-bottom:0;\">\n\t\t\t\t<rs-module id=\"rev_slider_1_1\" style=\"\" data-version=\"6.3.5\">\n\t\t\t\t\t<rs-slides>\n\t\t\t\t\t\t<rs-slide data-key=\"rs-1\" data-title=\"Slide\" data-anim=\"ei:d;eo:d;s:600;t:fade;sl:d;\">\n\t\t\t\t\t\t\t<img decoding=\"async\" src=\"\/\/visitbaskavoda.hr\/wp-content\/uploads\/2017\/05\/baska-voda-naslovna.jpg\" title=\"Home\" class=\"rev-slidebg\" data-no-retina>\n<!---->\t\t\t\t\t\t<\/rs-slide>\n\t\t\t\t\t<\/rs-slides>\n\t\t\t\t<\/rs-module>\n\t\t\t\t<script type=\"text\/javascript\">\n\t\t\t\t\tsetREVStartSize({c: 'rev_slider_1_1',rl:[1240,1024,778,480],el:[],gw:[1240],gh:[700],type:'standard',justify:'',layout:'fullwidth',mh:\"0\"});\n\t\t\t\t\tvar\trevapi1,\n\t\t\t\t\t\ttpj;\n\t\t\t\t\tfunction revinit_revslider11() {\n\t\t\t\t\tjQuery(function() {\n\t\t\t\t\t\ttpj = jQuery;\n\t\t\t\t\t\trevapi1 = tpj(\"#rev_slider_1_1\");\n\t\t\t\t\t\tif(revapi1==undefined || revapi1.revolution == undefined){\n\t\t\t\t\t\t\trevslider_showDoubleJqueryError(\"rev_slider_1_1\");\n\t\t\t\t\t\t}else{\n\t\t\t\t\t\t\trevapi1.revolution({\n\t\t\t\t\t\t\t\tsliderLayout:\"fullwidth\",\n\t\t\t\t\t\t\t\tvisibilityLevels:\"1240,1024,778,480\",\n\t\t\t\t\t\t\t\tgridwidth:1240,\n\t\t\t\t\t\t\t\tgridheight:700,\n\t\t\t\t\t\t\t\tspinner:\"spinner0\",\n\t\t\t\t\t\t\t\tperspectiveType:\"local\",\n\t\t\t\t\t\t\t\tresponsiveLevels:\"1240,1024,778,480\",\n\t\t\t\t\t\t\t\tprogressBar:{disableProgressBar:true},\n\t\t\t\t\t\t\t\tnavigation: {\n\t\t\t\t\t\t\t\t\tonHoverStop:false\n\t\t\t\t\t\t\t\t},\n\t\t\t\t\t\t\t\tfallbacks: {\n\t\t\t\t\t\t\t\t\tallowHTML5AutoPlayOnAndroid:true\n\t\t\t\t\t\t\t\t},\n\t\t\t\t\t\t\t});\n\t\t\t\t\t\t}\n\t\t\t\t\t\t\n\t\t\t\t\t});\n\t\t\t\t\t} \/\/ End of RevInitScript\n\t\t\t\tvar once_revslider11 = false;\n\t\t\t\tif (document.readyState === \"loading\") {document.addEventListener('readystatechange',function() { if((document.readyState === \"interactive\" || document.readyState === \"complete\") && !once_revslider11 ) { once_revslider11 = true; revinit_revslider11();}});} else {once_revslider11 = true; revinit_revslider11();}\n\t\t\t\t<\/script>\n\t\t\t<\/rs-module-wrap>\n\t\t\t<!-- END REVOLUTION SLIDER -->\n[\/vc_column][\/vc_row][vc_row css=&#8220;.vc_custom_1493981301181{padding-top: 50px !important;padding-bottom: 50px !important;}&#8220;][vc_column][vc_column_text]<\/p>\n<h1>Vitajte!<\/h1>\n<p>Mil\u00ed hostia! Nav\u0161t\u00edvte Ba\u0161ku Vodu, miesto kde Jadran ne\u017ene bozk\u00e1va perlivo biele pl\u00e1\u017ee a Slnko veselo prestiera \u017eivotod\u00e1rne l\u00fa\u010de po zelenom koberci v \u00fap\u00e4t\u00ed ve\u013ekolep\u00e9ho Biokova. Pr\u00edjemn\u00fd oddych ru\u010dia rodinn\u00e9 domy, pln\u00e9 tepla a pohostinnosti a more vol\u00e1 na u\u017e\u00edvanie\u00a0 \u0161\u0165astn\u00fdch chv\u00ed\u013e, ktor\u00e9 ost\u00e1vaj\u00fa nav\u017edy v srdciach a o\u010diach milovn\u00edkov\u00a0 \u017eivota. Nav\u0161t\u00edvte Ba\u0161ku Vodu, relaxujte a zabudnite na v\u0161etky starosti, v chl\u00e1dku paliem a stromov, v pomalej prech\u00e1dzke pri mori, v spolo\u010dnosti t\u00fdch, ktor\u00ed V\u00e1s maj\u00fa radi. Vd\u00fdchnite zdravie pln\u00fdmi p\u013e\u00facami a ponorte sa do v\u00f4ne rosy na ihli\u010d\u00ed smrekov, listoch vinn\u00fdch \u0161tepov, ol\u00edv a paliem, a n\u00e1jdite, pre\u010do je u\u017e d\u00e1vno nap\u00edsan\u00e9, \u017ee tu aj \u010dlovek pred smr\u0165ou znovu o\u017eije! Ba\u0161ka Voda je zn\u00e1ma ako ide\u00e1lne turistick\u00e9 miesto na rodinn\u00fa dovolenku a ako dokonal\u00e9 v\u00fdchodisko nezabudnute\u013en\u00fdch a pr\u00ed\u0165a\u017eliv\u00fdch v\u00fdletov (Dubrovn\u00edk, ostrovy Bra\u010d, Hvar a Kor\u010dula, Split, vodop\u00e1dy rieky Krky, Medjugorje a in\u00e9). Nav\u0161t\u00edvte Ba\u0161ku Vodu a odha\u013ete, pre\u010do sa to\u013eko turistov ka\u017ed\u00fd rok znova vracia, a tak robia Ba\u0161ku Vodu najpopul\u00e1rnej\u0161\u00edm turistick\u00fdm miestom v strednej Dalm\u00e1cii. Pr\u00eddte do Ba\u0161kej Vody a str\u00e1vte pr\u00edjemn\u00fa dovolenku! Vitajte!<br \/>\n&#8230;<br \/>\nDom Juri\u0161i\u0107 sa nach\u00e1dza v strede miesta v bl\u00edzkosti bielej \u0161trkovitej pl\u00e1\u017ee, vhodnou pre ka\u017ed\u00fd vek, a s Modrou z\u00e1stavou. Z balk\u00f3na je n\u00e1dhern\u00fd v\u00fdh\u013ead na ostrovy a prekr\u00e1sne modr\u00e9 more s n\u00e1dhern\u00fdm z\u00e1padom Slnka. V dome prenaj\u00edmame tri apartm\u00e1ny pre dve a\u017e \u0161tyri osoby. Nav\u0161t\u00edvte Ba\u0161ku Vodu a budte na\u0161imi hos\u0165ami. Te\u0161\u00edme sa na zozn\u00e1menie s Vami.<br \/>\n&#8230;<br \/>\nPros\u00edme, aby ste t\u00fato str\u00e1nku doporu\u010dili\u00a0 svojim priate\u013eom!<br \/>\nRodina Juri\u0161i\u0107 V\u00e1s srde\u010dne v\u00edta![\/vc_column_text][\/vc_column][\/vc_row][vc_row full_width=&#8220;stretch_row&#8220; css=&#8220;.vc_custom_1493981714753{padding-top: 50px !important;padding-bottom: 15px !important;background-color: #dbdbdb !important;}&#8220;][vc_column width=&#8220;1\/3&#8243;][vc_single_image image=&#8220;41&#8243; img_size=&#8220;full&#8220; alignment=&#8220;center&#8220; onclick=&#8220;link_image&#8220;][\/vc_column][vc_column width=&#8220;1\/3&#8243;][vc_single_image image=&#8220;48&#8243; img_size=&#8220;full&#8220; alignment=&#8220;center&#8220; onclick=&#8220;link_image&#8220;][\/vc_column][vc_column width=&#8220;1\/3&#8243;][vc_single_image image=&#8220;49&#8243; img_size=&#8220;full&#8220; alignment=&#8220;center&#8220; onclick=&#8220;link_image&#8220;][\/vc_column][\/vc_row][vc_row css=&#8220;.vc_custom_1494236623958{padding-top: 50px !important;padding-bottom: 50px !important;}&#8220;][vc_column][vc_custom_heading text=&#8220;Najnov\u0161ie spr\u00e1vy&#8220; use_theme_fonts=&#8220;yes&#8220;][vc_basic_grid post_type=&#8220;post&#8220; max_items=&#8220;3&#8243; grid_id=&#8220;vc_gid:1521808806933-5d5874ff-a3f1-2&#8243; taxonomies=&#8220;14&#8243;][\/vc_column][\/vc_row][vc_row full_width=&#8220;stretch_row&#8220; css=&#8220;.vc_custom_1494236782510{padding-top: 50px !important;background-color: #deebf5 !important;}&#8220;][vc_column width=&#8220;1\/2&#8243;][vc_custom_heading text=&#8220;Po\u010dasie Ba\u0161ka Voda&#8220; font_container=&#8220;tag:h3|text_align:left&#8220; use_theme_fonts=&#8220;yes&#8220;][vc_column_text]<div id=\"wpc-weather-id-52\" class=\"wpc-weather-id\" data_id=\"52\" data_post_id=\"399\" data_map=\"\" data_detect_geolocation=\"\" data_manual_geolocation=\"\" data_wpc_lat=\"\" data_wpc_lon=\"\" data_wpc_city_id=\"\" data_wpc_city_name=\"\" data_custom_font=\"\"><\/div>[\/vc_column_text][\/vc_column][vc_column width=&#8220;1\/2&#8243;][vc_custom_heading text=&#8220;Webcam&#8220; font_container=&#8220;tag:h3|text_align:left&#8220; use_theme_fonts=&#8220;yes&#8220;][vc_single_image image=&#8220;903&#8243; img_size=&#8220;full&#8220; onclick=&#8220;custom_link&#8220; img_link_target=&#8220;_blank&#8220; link=&#8220;https:\/\/www.whatsupcams.com\/wgt\/hr_baskavoda1\/768\/480\/&#8220;][\/vc_column][\/vc_row]<\/p>\n<\/section>","protected":false},"excerpt":{"rendered":"<p>[vc_row][vc_column][\/vc_column][\/vc_row][vc_row css=&#8220;.vc_custom_1493981301181{padding-top: 50px !important;padding-bottom: 50px !important;}&#8220;][vc_column][vc_column_text] Vitajte! Mil\u00ed hostia! Nav\u0161t\u00edvte Ba\u0161ku Vodu, miesto kde Jadran ne\u017ene bozk\u00e1va perlivo biele pl\u00e1\u017ee a Slnko veselo prestiera \u017eivotod\u00e1rne l\u00fa\u010de po zelenom koberci v \u00fap\u00e4t\u00ed ve\u013ekolep\u00e9ho Biokova. Pr\u00edjemn\u00fd oddych ru\u010dia rodinn\u00e9 domy, pln\u00e9 tepla a pohostinnosti a more vol\u00e1 na u\u017e\u00edvanie\u00a0 \u0161\u0165astn\u00fdch chv\u00ed\u013e, ktor\u00e9 ost\u00e1vaj\u00fa nav\u017edy v srdciach a [&hellip;]<\/p>\n","protected":false},"author":1,"featured_media":0,"parent":0,"menu_order":0,"comment_status":"closed","ping_status":"closed","template":"","meta":{"footnotes":""},"yoast_head":"<!-- This site is optimized with the Yoast SEO plugin v22.8 - https:\/\/yoast.com\/wordpress\/plugins\/seo\/ -->\n<title>Home - House Juri\u0161i\u0107<\/title>\n<meta name=\"robots\" content=\"index, follow, max-snippet:-1, max-image-preview:large, max-video-preview:-1\" \/>\n<link rel=\"canonical\" href=\"https:\/\/visitbaskavoda.hr\/\" \/>\n<meta property=\"og:locale\" content=\"sk_SK\" \/>\n<meta property=\"og:type\" content=\"article\" \/>\n<meta property=\"og:title\" content=\"Home - House Juri\u0161i\u0107\" \/>\n<meta property=\"og:description\" content=\"[vc_row][vc_column][\/vc_column][\/vc_row][vc_row css=&#8220;.vc_custom_1493981301181{padding-top: 50px !important;padding-bottom: 50px !important;}&#8220;][vc_column][vc_column_text] Vitajte! Mil\u00ed hostia! Nav\u0161t\u00edvte Ba\u0161ku Vodu, miesto kde Jadran ne\u017ene bozk\u00e1va perlivo biele pl\u00e1\u017ee a Slnko veselo prestiera \u017eivotod\u00e1rne l\u00fa\u010de po zelenom koberci v \u00fap\u00e4t\u00ed ve\u013ekolep\u00e9ho Biokova. Pr\u00edjemn\u00fd oddych ru\u010dia rodinn\u00e9 domy, pln\u00e9 tepla a pohostinnosti a more vol\u00e1 na u\u017e\u00edvanie\u00a0 \u0161\u0165astn\u00fdch chv\u00ed\u013e, ktor\u00e9 ost\u00e1vaj\u00fa nav\u017edy v srdciach a [&hellip;]\" \/>\n<meta property=\"og:url\" content=\"https:\/\/visitbaskavoda.hr\/\" \/>\n<meta property=\"og:site_name\" content=\"House Juri\u0161i\u0107\" \/>\n<meta property=\"article:modified_time\" content=\"2018-03-23T12:40:42+00:00\" \/>\n<meta name=\"twitter:card\" content=\"summary_large_image\" \/>\n<meta name=\"twitter:label1\" content=\"Predpokladan\u00fd \u010das \u010d\u00edtania\" \/>\n\t<meta name=\"twitter:data1\" content=\"3 min\u00faty\" \/>\n<script type=\"application\/ld+json\" class=\"yoast-schema-graph\">{\"@context\":\"https:\/\/schema.org\",\"@graph\":[{\"@type\":\"WebPage\",\"@id\":\"https:\/\/visitbaskavoda.hr\/\",\"url\":\"https:\/\/visitbaskavoda.hr\/\",\"name\":\"Home - House Juri\u0161i\u0107\",\"isPartOf\":{\"@id\":\"https:\/\/visitbaskavoda.hr\/#website\"},\"datePublished\":\"2017-05-05T09:32:47+00:00\",\"dateModified\":\"2018-03-23T12:40:42+00:00\",\"breadcrumb\":{\"@id\":\"https:\/\/visitbaskavoda.hr\/#breadcrumb\"},\"inLanguage\":\"sk-SK\",\"potentialAction\":[{\"@type\":\"ReadAction\",\"target\":[\"https:\/\/visitbaskavoda.hr\/\"]}]},{\"@type\":\"BreadcrumbList\",\"@id\":\"https:\/\/visitbaskavoda.hr\/#breadcrumb\",\"itemListElement\":[{\"@type\":\"ListItem\",\"position\":1,\"name\":\"Home\",\"item\":\"https:\/\/visitbaskavoda.hr\/\"},{\"@type\":\"ListItem\",\"position\":2,\"name\":\"Home\"}]},{\"@type\":\"WebSite\",\"@id\":\"https:\/\/visitbaskavoda.hr\/#website\",\"url\":\"https:\/\/visitbaskavoda.hr\/\",\"name\":\"House Juri\u0161i\u0107\",\"description\":\"Ba\u0161ka Voda\",\"potentialAction\":[{\"@type\":\"SearchAction\",\"target\":{\"@type\":\"EntryPoint\",\"urlTemplate\":\"https:\/\/visitbaskavoda.hr\/?s={search_term_string}\"},\"query-input\":\"required name=search_term_string\"}],\"inLanguage\":\"sk-SK\"}]}<\/script>\n<!-- \/ Yoast SEO plugin. -->","yoast_head_json":{"title":"Home - House Juri\u0161i\u0107","robots":{"index":"index","follow":"follow","max-snippet":"max-snippet:-1","max-image-preview":"max-image-preview:large","max-video-preview":"max-video-preview:-1"},"canonical":"https:\/\/visitbaskavoda.hr\/","og_locale":"sk_SK","og_type":"article","og_title":"Home - House Juri\u0161i\u0107","og_description":"[vc_row][vc_column][\/vc_column][\/vc_row][vc_row css=&#8220;.vc_custom_1493981301181{padding-top: 50px !important;padding-bottom: 50px !important;}&#8220;][vc_column][vc_column_text] Vitajte! Mil\u00ed hostia! Nav\u0161t\u00edvte Ba\u0161ku Vodu, miesto kde Jadran ne\u017ene bozk\u00e1va perlivo biele pl\u00e1\u017ee a Slnko veselo prestiera \u017eivotod\u00e1rne l\u00fa\u010de po zelenom koberci v \u00fap\u00e4t\u00ed ve\u013ekolep\u00e9ho Biokova. Pr\u00edjemn\u00fd oddych ru\u010dia rodinn\u00e9 domy, pln\u00e9 tepla a pohostinnosti a more vol\u00e1 na u\u017e\u00edvanie\u00a0 \u0161\u0165astn\u00fdch chv\u00ed\u013e, ktor\u00e9 ost\u00e1vaj\u00fa nav\u017edy v srdciach a [&hellip;]","og_url":"https:\/\/visitbaskavoda.hr\/","og_site_name":"House Juri\u0161i\u0107","article_modified_time":"2018-03-23T12:40:42+00:00","twitter_card":"summary_large_image","twitter_misc":{"Predpokladan\u00fd \u010das \u010d\u00edtania":"3 min\u00faty"},"schema":{"@context":"https:\/\/schema.org","@graph":[{"@type":"WebPage","@id":"https:\/\/visitbaskavoda.hr\/","url":"https:\/\/visitbaskavoda.hr\/","name":"Home - House Juri\u0161i\u0107","isPartOf":{"@id":"https:\/\/visitbaskavoda.hr\/#website"},"datePublished":"2017-05-05T09:32:47+00:00","dateModified":"2018-03-23T12:40:42+00:00","breadcrumb":{"@id":"https:\/\/visitbaskavoda.hr\/#breadcrumb"},"inLanguage":"sk-SK","potentialAction":[{"@type":"ReadAction","target":["https:\/\/visitbaskavoda.hr\/"]}]},{"@type":"BreadcrumbList","@id":"https:\/\/visitbaskavoda.hr\/#breadcrumb","itemListElement":[{"@type":"ListItem","position":1,"name":"Home","item":"https:\/\/visitbaskavoda.hr\/"},{"@type":"ListItem","position":2,"name":"Home"}]},{"@type":"WebSite","@id":"https:\/\/visitbaskavoda.hr\/#website","url":"https:\/\/visitbaskavoda.hr\/","name":"House Juri\u0161i\u0107","description":"Ba\u0161ka Voda","potentialAction":[{"@type":"SearchAction","target":{"@type":"EntryPoint","urlTemplate":"https:\/\/visitbaskavoda.hr\/?s={search_term_string}"},"query-input":"required name=search_term_string"}],"inLanguage":"sk-SK"}]}},"_links":{"self":[{"href":"https:\/\/visitbaskavoda.hr\/sk\/wp-json\/wp\/v2\/pages\/399"}],"collection":[{"href":"https:\/\/visitbaskavoda.hr\/sk\/wp-json\/wp\/v2\/pages"}],"about":[{"href":"https:\/\/visitbaskavoda.hr\/sk\/wp-json\/wp\/v2\/types\/page"}],"author":[{"embeddable":true,"href":"https:\/\/visitbaskavoda.hr\/sk\/wp-json\/wp\/v2\/users\/1"}],"replies":[{"embeddable":true,"href":"https:\/\/visitbaskavoda.hr\/sk\/wp-json\/wp\/v2\/comments?post=399"}],"version-history":[{"count":3,"href":"https:\/\/visitbaskavoda.hr\/sk\/wp-json\/wp\/v2\/pages\/399\/revisions"}],"predecessor-version":[{"id":914,"href":"https:\/\/visitbaskavoda.hr\/sk\/wp-json\/wp\/v2\/pages\/399\/revisions\/914"}],"wp:attachment":[{"href":"https:\/\/visitbaskavoda.hr\/sk\/wp-json\/wp\/v2\/media?parent=399"}],"curies":[{"name":"wp","href":"https:\/\/api.w.org\/{rel}","templated":true}]}}