{"id":428,"date":"2017-05-05T10:31:19","date_gmt":"2017-05-05T10:31:19","guid":{"rendered":"http:\/\/dev.visitbaskavoda.hr\/prices\/"},"modified":"2026-01-11T09:49:31","modified_gmt":"2026-01-11T09:49:31","slug":"prices","status":"publish","type":"page","link":"https:\/\/visitbaskavoda.hr\/sk\/prices\/","title":{"rendered":"Ceny"},"content":{"rendered":"<section class=\"wpb-content-wrapper\"><p>[vc_row css=&#8220;.vc_custom_1494404459991{padding-bottom: 30px !important;}&#8220;][vc_column][vc_column_text]<\/p>\n<table class=\"prices\">\n<tbody>\n<tr>\n<td rowspan=\"4\" width=\"32%\">Popis<\/td>\n<td colspan=\"5\" align=\"right\">EUR<\/td>\n<\/tr>\n<tr>\n<td colspan=\"5\" align=\"center\"><strong>Sez\u00f3ny<\/strong><\/td>\n<\/tr>\n<tr>\n<td align=\"center\" width=\"13%\"><strong>E<\/strong><\/td>\n<td align=\"center\" width=\"13%\"><strong>D<\/strong><\/td>\n<td align=\"center\" width=\"13%\"><strong>C<\/strong><\/td>\n<td align=\"center\" width=\"13%\"><strong>B<\/strong><\/td>\n<td align=\"center\" width=\"13%\"><strong>A<\/strong><\/td>\n<\/tr>\n<tr>\n<td align=\"center\" width=\"13%\"><strong>&#8211; <\/strong><\/td>\n<td align=\"center\" width=\"13%\"><strong> 10. 9 &#8211; 20. 6<\/strong><\/td>\n<td align=\"center\" width=\"13%\"><strong> 20. 6 &#8211; 1. 7<br \/>\n1 &#8211; 10. 9 <\/strong><\/td>\n<td align=\"center\" width=\"13%\"><strong> 1 &#8211; 10. 7<br \/>\n20. 8- 1. 9<\/strong><\/td>\n<td align=\"center\" width=\"13%\"><strong> 10. 7 &#8211; 20. 8<\/strong><\/td>\n<\/tr>\n<tr>\n<td>1\/2 Apartman<\/td>\n<td align=\"center\">&#8211;<\/td>\n<td align=\"center\">65<\/td>\n<td align=\"center\">75<\/td>\n<td align=\"center\">85<\/td>\n<td align=\"center\">95<\/td>\n<\/tr>\n<tr>\n<td>1\/4 Apartman<\/td>\n<td align=\"center\">&#8211;<\/td>\n<td align=\"center\">100<\/td>\n<td align=\"center\">120<\/td>\n<td align=\"center\">140<\/td>\n<td align=\"center\">170<\/td>\n<\/tr>\n<tr>\n<td colspan=\"6\" align=\"center\">Pr\u00edplatky, denne za apartman:<\/td>\n<\/tr>\n<tr>\n<td>Pomocn\u00e9 l\u00f4\u017eko<\/td>\n<td align=\"center\">&#8211;<\/td>\n<td align=\"center\">30<\/td>\n<td align=\"center\">30<\/td>\n<td align=\"center\">30<\/td>\n<td align=\"center\">30<\/td>\n<\/tr>\n<tr>\n<td>Detsk\u00e1 postielka<\/td>\n<td align=\"center\">&#8211;<\/td>\n<td align=\"center\">25<\/td>\n<td align=\"center\">25<\/td>\n<td align=\"center\">25<\/td>\n<td align=\"center\">25<\/td>\n<\/tr>\n<tr>\n<td>Die\u0165a do 6 rokov v postelia sa druh\u00fdmi dvoma osobami<\/td>\n<td align=\"center\">&#8211;<\/td>\n<td align=\"center\">25<\/td>\n<td align=\"center\">25<\/td>\n<td align=\"center\">25<\/td>\n<td align=\"center\">25<\/td>\n<\/tr>\n<tr>\n<td>1 * 3 noci<\/td>\n<td colspan=\"5\" align=\"center\">+30 %<\/td>\n<\/tr>\n<tr>\n<td colspan=\"6\">\n<p align=\"center\">Zapo\u010d\u00edtan\u00e9: da\u0148, prihl\u00e1\u0161ka, pobytov\u00e1 taxa, parkovisko, l\u00f4\u017ekoviny, klimatiz\u00e1cia, Internet, SATTV<\/p>\n<\/td>\n<\/tr>\n<tr>\n<td colspan=\"6\" align=\"center\">Pr\u00edchod: 14.00 h. Odchod: 10.00 h.<\/td>\n<\/tr>\n<\/tbody>\n<\/table>\n<p>[\/vc_column_text][\/vc_column][\/vc_row][vc_row css=&#8220;.vc_custom_1494404450552{padding-bottom: 50px !important;}&#8220;][vc_column][vc_custom_heading text=&#8220;OBJEDN\u00c1VKY&#8220; use_theme_fonts=&#8220;yes&#8220;][vc_column_text]<\/p>\n<table class=\"prices\">\n<tbody>\n<tr>\n<td rowspan=\"2\" width=\"32%\">Popis<\/td>\n<td colspan=\"2\" align=\"center\"><strong>Sez\u00f3ny<\/strong><\/td>\n<\/tr>\n<tr>\n<td align=\"center\" width=\"34%\"><strong>A-B<\/strong><\/td>\n<td align=\"center\" width=\"34%\"><strong>C-D<\/strong><\/td>\n<\/tr>\n<tr>\n<td rowspan=\"1\" width=\"32%\">Sp\u00f4sob predbe\u017enej objedn\u00e1vky<\/td>\n<td align=\"center\" width=\"34%\"><\/td>\n<td align=\"center\" width=\"34%\"><\/td>\n<\/tr>\n<tr>\n<td rowspan=\"1\" width=\"32%\">Potvrdenie objedn\u00e1vky<\/td>\n<td colspan=\"2\" align=\"center\">Po zaplaten\u00ed 30% vopred (na n\u00e1klady predplatite\u013ea)<\/td>\n<\/tr>\n<tr>\n<td rowspan=\"1\" width=\"32%\">Od\u0161kodn\u00e9 za v\u00fdpoved<\/td>\n<td colspan=\"2\" align=\"center\">90 dn\u00ed alebo nesk\u00f4r = 30%, 91 dn\u00ed alebo sk\u00f4r = 15% + n\u00e1klady na prevod pe\u0148azi<\/td>\n<\/tr>\n<tr>\n<td rowspan=\"1\" width=\"32%\">Od\u0161kodn\u00e9 za nevyu\u017eit\u00e9 a objednan\u00e9 dni<\/td>\n<td colspan=\"2\" align=\"center\">100%<\/td>\n<\/tr>\n<\/tbody>\n<\/table>\n<p>[\/vc_column_text][\/vc_column][\/vc_row]<\/p>\n<\/section>","protected":false},"excerpt":{"rendered":"<p>[vc_row css=&#8220;.vc_custom_1494404459991{padding-bottom: 30px !important;}&#8220;][vc_column][vc_column_text] Popis EUR Sez\u00f3ny E D C B A &#8211; 10. 9 &#8211; 20. 6 20. 6 &#8211; 1. 7 1 &#8211; 10. 9 1 &#8211; 10. 7 20. 8- 1. 9 10. 7 &#8211; 20. 8 1\/2 Apartman &#8211; 65 75 85 95 1\/4 Apartman &#8211; 100 120 140 170 Pr\u00edplatky, [&hellip;]<\/p>\n","protected":false},"author":1,"featured_media":0,"parent":0,"menu_order":0,"comment_status":"closed","ping_status":"closed","template":"","meta":{"footnotes":""},"yoast_head":"<!-- This site is optimized with the Yoast SEO plugin v22.8 - https:\/\/yoast.com\/wordpress\/plugins\/seo\/ -->\n<title>Ceny - House Juri\u0161i\u0107<\/title>\n<meta name=\"robots\" content=\"index, follow, max-snippet:-1, max-image-preview:large, max-video-preview:-1\" \/>\n<link rel=\"canonical\" href=\"https:\/\/visitbaskavoda.hr\/sk\/prices\/\" \/>\n<meta property=\"og:locale\" content=\"sk_SK\" \/>\n<meta property=\"og:type\" content=\"article\" \/>\n<meta property=\"og:title\" content=\"Ceny - House Juri\u0161i\u0107\" \/>\n<meta property=\"og:description\" content=\"[vc_row css=&#8220;.vc_custom_1494404459991{padding-bottom: 30px !important;}&#8220;][vc_column][vc_column_text] Popis EUR Sez\u00f3ny E D C B A &#8211; 10. 9 &#8211; 20. 6 20. 6 &#8211; 1. 7 1 &#8211; 10. 9 1 &#8211; 10. 7 20. 8- 1. 9 10. 7 &#8211; 20. 8 1\/2 Apartman &#8211; 65 75 85 95 1\/4 Apartman &#8211; 100 120 140 170 Pr\u00edplatky, [&hellip;]\" \/>\n<meta property=\"og:url\" content=\"https:\/\/visitbaskavoda.hr\/sk\/prices\/\" \/>\n<meta property=\"og:site_name\" content=\"House Juri\u0161i\u0107\" \/>\n<meta property=\"article:modified_time\" content=\"2026-01-11T09:49:31+00:00\" \/>\n<meta name=\"twitter:card\" content=\"summary_large_image\" \/>\n<meta name=\"twitter:label1\" content=\"Predpokladan\u00fd \u010das \u010d\u00edtania\" \/>\n\t<meta name=\"twitter:data1\" content=\"1 min\u00fata\" \/>\n<script type=\"application\/ld+json\" class=\"yoast-schema-graph\">{\"@context\":\"https:\/\/schema.org\",\"@graph\":[{\"@type\":\"WebPage\",\"@id\":\"https:\/\/visitbaskavoda.hr\/sk\/prices\/\",\"url\":\"https:\/\/visitbaskavoda.hr\/sk\/prices\/\",\"name\":\"Ceny - House Juri\u0161i\u0107\",\"isPartOf\":{\"@id\":\"https:\/\/visitbaskavoda.hr\/#website\"},\"datePublished\":\"2017-05-05T10:31:19+00:00\",\"dateModified\":\"2026-01-11T09:49:31+00:00\",\"breadcrumb\":{\"@id\":\"https:\/\/visitbaskavoda.hr\/sk\/prices\/#breadcrumb\"},\"inLanguage\":\"sk-SK\",\"potentialAction\":[{\"@type\":\"ReadAction\",\"target\":[\"https:\/\/visitbaskavoda.hr\/sk\/prices\/\"]}]},{\"@type\":\"BreadcrumbList\",\"@id\":\"https:\/\/visitbaskavoda.hr\/sk\/prices\/#breadcrumb\",\"itemListElement\":[{\"@type\":\"ListItem\",\"position\":1,\"name\":\"Home\",\"item\":\"https:\/\/visitbaskavoda.hr\/\"},{\"@type\":\"ListItem\",\"position\":2,\"name\":\"Ceny\"}]},{\"@type\":\"WebSite\",\"@id\":\"https:\/\/visitbaskavoda.hr\/#website\",\"url\":\"https:\/\/visitbaskavoda.hr\/\",\"name\":\"House Juri\u0161i\u0107\",\"description\":\"Ba\u0161ka Voda\",\"potentialAction\":[{\"@type\":\"SearchAction\",\"target\":{\"@type\":\"EntryPoint\",\"urlTemplate\":\"https:\/\/visitbaskavoda.hr\/?s={search_term_string}\"},\"query-input\":\"required name=search_term_string\"}],\"inLanguage\":\"sk-SK\"}]}<\/script>\n<!-- \/ Yoast SEO plugin. -->","yoast_head_json":{"title":"Ceny - House Juri\u0161i\u0107","robots":{"index":"index","follow":"follow","max-snippet":"max-snippet:-1","max-image-preview":"max-image-preview:large","max-video-preview":"max-video-preview:-1"},"canonical":"https:\/\/visitbaskavoda.hr\/sk\/prices\/","og_locale":"sk_SK","og_type":"article","og_title":"Ceny - House Juri\u0161i\u0107","og_description":"[vc_row css=&#8220;.vc_custom_1494404459991{padding-bottom: 30px !important;}&#8220;][vc_column][vc_column_text] Popis EUR Sez\u00f3ny E D C B A &#8211; 10. 9 &#8211; 20. 6 20. 6 &#8211; 1. 7 1 &#8211; 10. 9 1 &#8211; 10. 7 20. 8- 1. 9 10. 7 &#8211; 20. 8 1\/2 Apartman &#8211; 65 75 85 95 1\/4 Apartman &#8211; 100 120 140 170 Pr\u00edplatky, [&hellip;]","og_url":"https:\/\/visitbaskavoda.hr\/sk\/prices\/","og_site_name":"House Juri\u0161i\u0107","article_modified_time":"2026-01-11T09:49:31+00:00","twitter_card":"summary_large_image","twitter_misc":{"Predpokladan\u00fd \u010das \u010d\u00edtania":"1 min\u00fata"},"schema":{"@context":"https:\/\/schema.org","@graph":[{"@type":"WebPage","@id":"https:\/\/visitbaskavoda.hr\/sk\/prices\/","url":"https:\/\/visitbaskavoda.hr\/sk\/prices\/","name":"Ceny - House Juri\u0161i\u0107","isPartOf":{"@id":"https:\/\/visitbaskavoda.hr\/#website"},"datePublished":"2017-05-05T10:31:19+00:00","dateModified":"2026-01-11T09:49:31+00:00","breadcrumb":{"@id":"https:\/\/visitbaskavoda.hr\/sk\/prices\/#breadcrumb"},"inLanguage":"sk-SK","potentialAction":[{"@type":"ReadAction","target":["https:\/\/visitbaskavoda.hr\/sk\/prices\/"]}]},{"@type":"BreadcrumbList","@id":"https:\/\/visitbaskavoda.hr\/sk\/prices\/#breadcrumb","itemListElement":[{"@type":"ListItem","position":1,"name":"Home","item":"https:\/\/visitbaskavoda.hr\/"},{"@type":"ListItem","position":2,"name":"Ceny"}]},{"@type":"WebSite","@id":"https:\/\/visitbaskavoda.hr\/#website","url":"https:\/\/visitbaskavoda.hr\/","name":"House Juri\u0161i\u0107","description":"Ba\u0161ka Voda","potentialAction":[{"@type":"SearchAction","target":{"@type":"EntryPoint","urlTemplate":"https:\/\/visitbaskavoda.hr\/?s={search_term_string}"},"query-input":"required name=search_term_string"}],"inLanguage":"sk-SK"}]}},"_links":{"self":[{"href":"https:\/\/visitbaskavoda.hr\/sk\/wp-json\/wp\/v2\/pages\/428"}],"collection":[{"href":"https:\/\/visitbaskavoda.hr\/sk\/wp-json\/wp\/v2\/pages"}],"about":[{"href":"https:\/\/visitbaskavoda.hr\/sk\/wp-json\/wp\/v2\/types\/page"}],"author":[{"embeddable":true,"href":"https:\/\/visitbaskavoda.hr\/sk\/wp-json\/wp\/v2\/users\/1"}],"replies":[{"embeddable":true,"href":"https:\/\/visitbaskavoda.hr\/sk\/wp-json\/wp\/v2\/comments?post=428"}],"version-history":[{"count":12,"href":"https:\/\/visitbaskavoda.hr\/sk\/wp-json\/wp\/v2\/pages\/428\/revisions"}],"predecessor-version":[{"id":2025,"href":"https:\/\/visitbaskavoda.hr\/sk\/wp-json\/wp\/v2\/pages\/428\/revisions\/2025"}],"wp:attachment":[{"href":"https:\/\/visitbaskavoda.hr\/sk\/wp-json\/wp\/v2\/media?parent=428"}],"curies":[{"name":"wp","href":"https:\/\/api.w.org\/{rel}","templated":true}]}}