{"id":335,"date":"2017-05-10T08:03:54","date_gmt":"2017-05-10T08:03:54","guid":{"rendered":"http:\/\/dev.visitbaskavoda.hr\/apartment-2\/"},"modified":"2025-04-11T10:15:47","modified_gmt":"2025-04-11T10:15:47","slug":"apartment-2","status":"publish","type":"page","link":"https:\/\/visitbaskavoda.hr\/sv\/apartment-2\/","title":{"rendered":"Apartman 2"},"content":{"rendered":"<section class=\"wpb-content-wrapper\"><p>[vc_row css=&#8221;.vc_custom_1494403431879{padding-top: 50px !important;}&#8221;][vc_column width=&#8221;1\/4&#8243;][vc_single_image image=&#8221;87&#8243; img_size=&#8221;full&#8221;][\/vc_column][vc_column width=&#8221;3\/4&#8243;][vc_column_text]<\/p>\n<div class=\"vc_btn3-container prettyphoto vc_btn3-right\"><a class=\"vc_general vc_btn3 vc_btn3-size-md vc_btn3-shape-rounded vc_btn3-style-modern vc_btn3-color-grey \" href=\"http:\/\/www.visitbaskavoda.hr\/walks\/Jurisic_app_2.html\" target=\"_blank\" rel=\"noopener noreferrer\">Virtual tour<\/a><\/div>\n<p>[\/vc_column_text][vc_empty_space][vc_column_text]The apartment N.2*** (2nd floor, two rooms apartment) offers: double room, double room with a kitchenette and dining area, air condition, SAT TV, safe deposit box, Wi-Fi Internet access, bathroom, balcony, sea view. Both beds are matrimonial.<br \/>\n&#8230;<br \/>\nThe private parking is not far from the house. Some distances from the house: beach 40 m, town centre 100 m, shop 100 m, post 80 m, Wellness 200 m, restaurant 50 m, green market 300 m, butcher 80 m etc.<br \/>\n&#8230;<br \/>\nVisit Baska Voda and have nice holidays!<br \/>\nFamily Jurisic welcomes you![\/vc_column_text][\/vc_column][\/vc_row][vc_row][vc_column][vc_media_grid gap=&#8221;0&#8243; grid_id=&#8221;vc_gid:1744366435282-ab0bb55d-80fb-8&#8243; include=&#8221;88,89,90,92,93,1888&#8243;][\/vc_column][\/vc_row][vc_row][vc_column][vc_btn title=&#8221;Calendar&#8221; link=&#8221;url:http%3A%2F%2F%3Ciframe%20name%3D%22calendar_frame%22%20src%3D%22https%3A%2F%2Fwww.reklamauceskoj.cz%2Fklijent%2Fkalendar_dostupnosti.php%3Fid%3D4268043%22%20style%3D%22width%3A%20100%25%3B%20height%3A%20250px%3B%20position%3A%20relative%22%20frameborder%3D%220%22%3E%3C%2Fiframe%3E|title:Calendar|target:_blank|&#8221;][\/vc_column][\/vc_row]<\/p>\n<\/section>","protected":false},"excerpt":{"rendered":"<p>[vc_row css=&#8221;.vc_custom_1494403431879{padding-top: 50px !important;}&#8221;][vc_column width=&#8221;1\/4&#8243;][vc_single_image image=&#8221;87&#8243; img_size=&#8221;full&#8221;][\/vc_column][vc_column width=&#8221;3\/4&#8243;][vc_column_text] Virtual tour [\/vc_column_text][vc_empty_space][vc_column_text]The apartment N.2*** (2nd floor, two rooms apartment) offers: double room, double room with a kitchenette and dining area, air condition, SAT TV, safe deposit box, Wi-Fi Internet access, bathroom, balcony, sea view. Both beds are matrimonial. &#8230; The private parking is not far from [&hellip;]<\/p>\n","protected":false},"author":1,"featured_media":0,"parent":0,"menu_order":0,"comment_status":"closed","ping_status":"closed","template":"","meta":{"footnotes":""},"yoast_head":"<!-- This site is optimized with the Yoast SEO plugin v22.8 - https:\/\/yoast.com\/wordpress\/plugins\/seo\/ -->\n<title>Apartman 2 - House Juri\u0161i\u0107<\/title>\n<meta name=\"robots\" content=\"index, follow, max-snippet:-1, max-image-preview:large, max-video-preview:-1\" \/>\n<link rel=\"canonical\" href=\"https:\/\/visitbaskavoda.hr\/sv\/apartment-2\/\" \/>\n<meta property=\"og:locale\" content=\"sv_SE\" \/>\n<meta property=\"og:type\" content=\"article\" \/>\n<meta property=\"og:title\" content=\"Apartman 2 - House Juri\u0161i\u0107\" \/>\n<meta property=\"og:description\" content=\"[vc_row css=&#8221;.vc_custom_1494403431879{padding-top: 50px !important;}&#8221;][vc_column width=&#8221;1\/4&#8243;][vc_single_image image=&#8221;87&#8243; img_size=&#8221;full&#8221;][\/vc_column][vc_column width=&#8221;3\/4&#8243;][vc_column_text] Virtual tour [\/vc_column_text][vc_empty_space][vc_column_text]The apartment N.2*** (2nd floor, two rooms apartment) offers: double room, double room with a kitchenette and dining area, air condition, SAT TV, safe deposit box, Wi-Fi Internet access, bathroom, balcony, sea view. Both beds are matrimonial. &#8230; The private parking is not far from [&hellip;]\" \/>\n<meta property=\"og:url\" content=\"https:\/\/visitbaskavoda.hr\/sv\/apartment-2\/\" \/>\n<meta property=\"og:site_name\" content=\"House Juri\u0161i\u0107\" \/>\n<meta property=\"article:modified_time\" content=\"2025-04-11T10:15:47+00:00\" \/>\n<meta name=\"twitter:card\" content=\"summary_large_image\" \/>\n<meta name=\"twitter:label1\" content=\"Ber\u00e4knad l\u00e4stid\" \/>\n\t<meta name=\"twitter:data1\" content=\"1 minut\" \/>\n<script type=\"application\/ld+json\" class=\"yoast-schema-graph\">{\"@context\":\"https:\/\/schema.org\",\"@graph\":[{\"@type\":\"WebPage\",\"@id\":\"https:\/\/visitbaskavoda.hr\/sv\/apartment-2\/\",\"url\":\"https:\/\/visitbaskavoda.hr\/sv\/apartment-2\/\",\"name\":\"Apartman 2 - House Juri\u0161i\u0107\",\"isPartOf\":{\"@id\":\"https:\/\/visitbaskavoda.hr\/#website\"},\"datePublished\":\"2017-05-10T08:03:54+00:00\",\"dateModified\":\"2025-04-11T10:15:47+00:00\",\"breadcrumb\":{\"@id\":\"https:\/\/visitbaskavoda.hr\/sv\/apartment-2\/#breadcrumb\"},\"inLanguage\":\"sv-SE\",\"potentialAction\":[{\"@type\":\"ReadAction\",\"target\":[\"https:\/\/visitbaskavoda.hr\/sv\/apartment-2\/\"]}]},{\"@type\":\"BreadcrumbList\",\"@id\":\"https:\/\/visitbaskavoda.hr\/sv\/apartment-2\/#breadcrumb\",\"itemListElement\":[{\"@type\":\"ListItem\",\"position\":1,\"name\":\"Home\",\"item\":\"https:\/\/visitbaskavoda.hr\/\"},{\"@type\":\"ListItem\",\"position\":2,\"name\":\"Apartman 2\"}]},{\"@type\":\"WebSite\",\"@id\":\"https:\/\/visitbaskavoda.hr\/#website\",\"url\":\"https:\/\/visitbaskavoda.hr\/\",\"name\":\"House Juri\u0161i\u0107\",\"description\":\"Ba\u0161ka Voda\",\"potentialAction\":[{\"@type\":\"SearchAction\",\"target\":{\"@type\":\"EntryPoint\",\"urlTemplate\":\"https:\/\/visitbaskavoda.hr\/?s={search_term_string}\"},\"query-input\":\"required name=search_term_string\"}],\"inLanguage\":\"sv-SE\"}]}<\/script>\n<!-- \/ Yoast SEO plugin. -->","yoast_head_json":{"title":"Apartman 2 - House Juri\u0161i\u0107","robots":{"index":"index","follow":"follow","max-snippet":"max-snippet:-1","max-image-preview":"max-image-preview:large","max-video-preview":"max-video-preview:-1"},"canonical":"https:\/\/visitbaskavoda.hr\/sv\/apartment-2\/","og_locale":"sv_SE","og_type":"article","og_title":"Apartman 2 - House Juri\u0161i\u0107","og_description":"[vc_row css=&#8221;.vc_custom_1494403431879{padding-top: 50px !important;}&#8221;][vc_column width=&#8221;1\/4&#8243;][vc_single_image image=&#8221;87&#8243; img_size=&#8221;full&#8221;][\/vc_column][vc_column width=&#8221;3\/4&#8243;][vc_column_text] Virtual tour [\/vc_column_text][vc_empty_space][vc_column_text]The apartment N.2*** (2nd floor, two rooms apartment) offers: double room, double room with a kitchenette and dining area, air condition, SAT TV, safe deposit box, Wi-Fi Internet access, bathroom, balcony, sea view. Both beds are matrimonial. &#8230; The private parking is not far from [&hellip;]","og_url":"https:\/\/visitbaskavoda.hr\/sv\/apartment-2\/","og_site_name":"House Juri\u0161i\u0107","article_modified_time":"2025-04-11T10:15:47+00:00","twitter_card":"summary_large_image","twitter_misc":{"Ber\u00e4knad l\u00e4stid":"1 minut"},"schema":{"@context":"https:\/\/schema.org","@graph":[{"@type":"WebPage","@id":"https:\/\/visitbaskavoda.hr\/sv\/apartment-2\/","url":"https:\/\/visitbaskavoda.hr\/sv\/apartment-2\/","name":"Apartman 2 - House Juri\u0161i\u0107","isPartOf":{"@id":"https:\/\/visitbaskavoda.hr\/#website"},"datePublished":"2017-05-10T08:03:54+00:00","dateModified":"2025-04-11T10:15:47+00:00","breadcrumb":{"@id":"https:\/\/visitbaskavoda.hr\/sv\/apartment-2\/#breadcrumb"},"inLanguage":"sv-SE","potentialAction":[{"@type":"ReadAction","target":["https:\/\/visitbaskavoda.hr\/sv\/apartment-2\/"]}]},{"@type":"BreadcrumbList","@id":"https:\/\/visitbaskavoda.hr\/sv\/apartment-2\/#breadcrumb","itemListElement":[{"@type":"ListItem","position":1,"name":"Home","item":"https:\/\/visitbaskavoda.hr\/"},{"@type":"ListItem","position":2,"name":"Apartman 2"}]},{"@type":"WebSite","@id":"https:\/\/visitbaskavoda.hr\/#website","url":"https:\/\/visitbaskavoda.hr\/","name":"House Juri\u0161i\u0107","description":"Ba\u0161ka Voda","potentialAction":[{"@type":"SearchAction","target":{"@type":"EntryPoint","urlTemplate":"https:\/\/visitbaskavoda.hr\/?s={search_term_string}"},"query-input":"required name=search_term_string"}],"inLanguage":"sv-SE"}]}},"_links":{"self":[{"href":"https:\/\/visitbaskavoda.hr\/sv\/wp-json\/wp\/v2\/pages\/335"}],"collection":[{"href":"https:\/\/visitbaskavoda.hr\/sv\/wp-json\/wp\/v2\/pages"}],"about":[{"href":"https:\/\/visitbaskavoda.hr\/sv\/wp-json\/wp\/v2\/types\/page"}],"author":[{"embeddable":true,"href":"https:\/\/visitbaskavoda.hr\/sv\/wp-json\/wp\/v2\/users\/1"}],"replies":[{"embeddable":true,"href":"https:\/\/visitbaskavoda.hr\/sv\/wp-json\/wp\/v2\/comments?post=335"}],"version-history":[{"count":7,"href":"https:\/\/visitbaskavoda.hr\/sv\/wp-json\/wp\/v2\/pages\/335\/revisions"}],"predecessor-version":[{"id":1995,"href":"https:\/\/visitbaskavoda.hr\/sv\/wp-json\/wp\/v2\/pages\/335\/revisions\/1995"}],"wp:attachment":[{"href":"https:\/\/visitbaskavoda.hr\/sv\/wp-json\/wp\/v2\/media?parent=335"}],"curies":[{"name":"wp","href":"https:\/\/api.w.org\/{rel}","templated":true}]}}