{"id":401,"date":"2017-05-05T09:32:47","date_gmt":"2017-05-05T09:32:47","guid":{"rendered":"http:\/\/dev.visitbaskavoda.hr\/pocetna\/"},"modified":"2018-03-23T12:42:45","modified_gmt":"2018-03-23T12:42:45","slug":"pocetna","status":"publish","type":"page","link":"https:\/\/visitbaskavoda.hr\/sv\/","title":{"rendered":"Home"},"content":{"rendered":"<section class=\"wpb-content-wrapper\"><p>[vc_row][vc_column]\n\t\t\t<!-- START header REVOLUTION SLIDER 6.3.5 --><p class=\"rs-p-wp-fix\"><\/p>\n\t\t\t<rs-module-wrap id=\"rev_slider_1_1_wrapper\" data-source=\"gallery\" style=\"background:transparent;padding:0;margin:0px auto;margin-top:0;margin-bottom:0;\">\n\t\t\t\t<rs-module id=\"rev_slider_1_1\" style=\"\" data-version=\"6.3.5\">\n\t\t\t\t\t<rs-slides>\n\t\t\t\t\t\t<rs-slide data-key=\"rs-1\" data-title=\"Slide\" data-anim=\"ei:d;eo:d;s:600;t:fade;sl:d;\">\n\t\t\t\t\t\t\t<img decoding=\"async\" src=\"\/\/visitbaskavoda.hr\/wp-content\/uploads\/2017\/05\/baska-voda-naslovna.jpg\" title=\"Home\" class=\"rev-slidebg\" data-no-retina>\n<!---->\t\t\t\t\t\t<\/rs-slide>\n\t\t\t\t\t<\/rs-slides>\n\t\t\t\t<\/rs-module>\n\t\t\t\t<script type=\"text\/javascript\">\n\t\t\t\t\tsetREVStartSize({c: 'rev_slider_1_1',rl:[1240,1024,778,480],el:[],gw:[1240],gh:[700],type:'standard',justify:'',layout:'fullwidth',mh:\"0\"});\n\t\t\t\t\tvar\trevapi1,\n\t\t\t\t\t\ttpj;\n\t\t\t\t\tfunction revinit_revslider11() {\n\t\t\t\t\tjQuery(function() {\n\t\t\t\t\t\ttpj = jQuery;\n\t\t\t\t\t\trevapi1 = tpj(\"#rev_slider_1_1\");\n\t\t\t\t\t\tif(revapi1==undefined || revapi1.revolution == undefined){\n\t\t\t\t\t\t\trevslider_showDoubleJqueryError(\"rev_slider_1_1\");\n\t\t\t\t\t\t}else{\n\t\t\t\t\t\t\trevapi1.revolution({\n\t\t\t\t\t\t\t\tsliderLayout:\"fullwidth\",\n\t\t\t\t\t\t\t\tvisibilityLevels:\"1240,1024,778,480\",\n\t\t\t\t\t\t\t\tgridwidth:1240,\n\t\t\t\t\t\t\t\tgridheight:700,\n\t\t\t\t\t\t\t\tspinner:\"spinner0\",\n\t\t\t\t\t\t\t\tperspectiveType:\"local\",\n\t\t\t\t\t\t\t\tresponsiveLevels:\"1240,1024,778,480\",\n\t\t\t\t\t\t\t\tprogressBar:{disableProgressBar:true},\n\t\t\t\t\t\t\t\tnavigation: {\n\t\t\t\t\t\t\t\t\tonHoverStop:false\n\t\t\t\t\t\t\t\t},\n\t\t\t\t\t\t\t\tfallbacks: {\n\t\t\t\t\t\t\t\t\tallowHTML5AutoPlayOnAndroid:true\n\t\t\t\t\t\t\t\t},\n\t\t\t\t\t\t\t});\n\t\t\t\t\t\t}\n\t\t\t\t\t\t\n\t\t\t\t\t});\n\t\t\t\t\t} \/\/ End of RevInitScript\n\t\t\t\tvar once_revslider11 = false;\n\t\t\t\tif (document.readyState === \"loading\") {document.addEventListener('readystatechange',function() { if((document.readyState === \"interactive\" || document.readyState === \"complete\") && !once_revslider11 ) { once_revslider11 = true; revinit_revslider11();}});} else {once_revslider11 = true; revinit_revslider11();}\n\t\t\t\t<\/script>\n\t\t\t<\/rs-module-wrap>\n\t\t\t<!-- END REVOLUTION SLIDER -->\n[\/vc_column][\/vc_row][vc_row css=&#8221;.vc_custom_1493981301181{padding-top: 50px !important;padding-bottom: 50px !important;}&#8221;][vc_column][vc_column_text]<\/p>\n<h1>V\u00e4lkommen!<\/h1>\n<p>K\u00e4ra g\u00e4ster! V\u00e4lkommen till Baska Voda, d\u00e4r det Adratiska havet och solen m\u00f6ts vid foten av berget Biokovo. Baska Voda \u00e4r v\u00e4lk\u00e4nt som ideal startpunkt f\u00f6r utflykter till Dubrovnik, \u00f6arna Brac, Hvar och Korcula, samt till Split, Slapovi Krke, Medjugorje, Mostar mm.<br \/>\nEtt bes\u00f6k till Baska Voda g\u00f6r det enklare att f\u00f6rsta varf\u00f6r detta har i manga ar varit det mest v\u00e4lk\u00e4nda turistort i centrala Dalmatien. Bes\u00f6k Baska Voda och upplev en h\u00e4rlig semester! V\u00e4lkommen!<br \/>\n&#8230;<br \/>\nHuset Jurisic \u00e4r centralt bel\u00e4gen i Baska Voda, , och dess vita str\u00e4nderna har sedan l\u00e4nge fatt den \u201dBlaa flaggan\u201d , ett utm\u00e4rkelse som\u00a0 bekr\u00e4ftar att den \u00e4r en favorit f\u00f6r de badande i alla aldrar.<br \/>\nFran balkongerna ser ni ett flertal \u00f6ar i det klara blaa vattnet, samt en magnifik solnedgang. Vi hyr ut tre apartmaner, f\u00f6r tva till fyra personer. Bes\u00f6k Baska Voda och bli var g\u00e4st! Vi \u00e4r glada \u00f6ver att kunna h\u00e4lsa er v\u00e4lkomna i den snara framtiden.<br \/>\n&#8230;<br \/>\nSkick g\u00e4rna denna sida till dina v\u00e4nner!<br \/>\nFamiljen Jurisic \u00f6nskar dig v\u00e4lkommen![\/vc_column_text][\/vc_column][\/vc_row][vc_row full_width=&#8221;stretch_row&#8221; css=&#8221;.vc_custom_1493981714753{padding-top: 50px !important;padding-bottom: 15px !important;background-color: #dbdbdb !important;}&#8221;][vc_column width=&#8221;1\/3&#8243;][vc_single_image image=&#8221;41&#8243; img_size=&#8221;full&#8221; alignment=&#8221;center&#8221; onclick=&#8221;link_image&#8221;][\/vc_column][vc_column width=&#8221;1\/3&#8243;][vc_single_image image=&#8221;48&#8243; img_size=&#8221;full&#8221; alignment=&#8221;center&#8221; onclick=&#8221;link_image&#8221;][\/vc_column][vc_column width=&#8221;1\/3&#8243;][vc_single_image image=&#8221;49&#8243; img_size=&#8221;full&#8221; alignment=&#8221;center&#8221; onclick=&#8221;link_image&#8221;][\/vc_column][\/vc_row][vc_row css=&#8221;.vc_custom_1494236623958{padding-top: 50px !important;padding-bottom: 50px !important;}&#8221;][vc_column][vc_custom_heading text=&#8221;Senaste nytt&#8221; use_theme_fonts=&#8221;yes&#8221;][vc_basic_grid post_type=&#8221;post&#8221; max_items=&#8221;3&#8243; grid_id=&#8221;vc_gid:1521808926962-799f6b6e-8cfc-9&#8243; taxonomies=&#8221;14&#8243;][\/vc_column][\/vc_row][vc_row full_width=&#8221;stretch_row&#8221; css=&#8221;.vc_custom_1494236782510{padding-top: 50px !important;background-color: #deebf5 !important;}&#8221;][vc_column width=&#8221;1\/2&#8243;][vc_custom_heading text=&#8221;V\u00e4der Ba\u0161ka Voda&#8221; font_container=&#8221;tag:h3|text_align:left&#8221; use_theme_fonts=&#8221;yes&#8221;][vc_column_text]<div id=\"wpc-weather-id-52\" class=\"wpc-weather-id\" data_id=\"52\" data_post_id=\"401\" data_map=\"\" data_detect_geolocation=\"\" data_manual_geolocation=\"\" data_wpc_lat=\"\" data_wpc_lon=\"\" data_wpc_city_id=\"\" data_wpc_city_name=\"\" data_custom_font=\"\"><\/div>[\/vc_column_text][\/vc_column][vc_column width=&#8221;1\/2&#8243;][vc_custom_heading text=&#8221;Webcam&#8221; font_container=&#8221;tag:h3|text_align:left&#8221; use_theme_fonts=&#8221;yes&#8221;][vc_single_image image=&#8221;903&#8243; img_size=&#8221;full&#8221; onclick=&#8221;custom_link&#8221; img_link_target=&#8221;_blank&#8221; link=&#8221;https:\/\/www.whatsupcams.com\/wgt\/hr_baskavoda1\/768\/480\/&#8221;][\/vc_column][\/vc_row]<\/p>\n<\/section>","protected":false},"excerpt":{"rendered":"<p>[vc_row][vc_column][\/vc_column][\/vc_row][vc_row css=&#8221;.vc_custom_1493981301181{padding-top: 50px !important;padding-bottom: 50px !important;}&#8221;][vc_column][vc_column_text] V\u00e4lkommen! K\u00e4ra g\u00e4ster! V\u00e4lkommen till Baska Voda, d\u00e4r det Adratiska havet och solen m\u00f6ts vid foten av berget Biokovo. Baska Voda \u00e4r v\u00e4lk\u00e4nt som ideal startpunkt f\u00f6r utflykter till Dubrovnik, \u00f6arna Brac, Hvar och Korcula, samt till Split, Slapovi Krke, Medjugorje, Mostar mm. Ett bes\u00f6k till Baska Voda g\u00f6r [&hellip;]<\/p>\n","protected":false},"author":1,"featured_media":0,"parent":0,"menu_order":0,"comment_status":"closed","ping_status":"closed","template":"","meta":{"footnotes":""},"yoast_head":"<!-- This site is optimized with the Yoast SEO plugin v22.8 - https:\/\/yoast.com\/wordpress\/plugins\/seo\/ -->\n<title>Home - House Juri\u0161i\u0107<\/title>\n<meta name=\"robots\" content=\"index, follow, max-snippet:-1, max-image-preview:large, max-video-preview:-1\" \/>\n<link rel=\"canonical\" href=\"https:\/\/visitbaskavoda.hr\/\" \/>\n<meta property=\"og:locale\" content=\"sv_SE\" \/>\n<meta property=\"og:type\" content=\"article\" \/>\n<meta property=\"og:title\" content=\"Home - House Juri\u0161i\u0107\" \/>\n<meta property=\"og:description\" content=\"[vc_row][vc_column][\/vc_column][\/vc_row][vc_row css=&#8221;.vc_custom_1493981301181{padding-top: 50px !important;padding-bottom: 50px !important;}&#8221;][vc_column][vc_column_text] V\u00e4lkommen! K\u00e4ra g\u00e4ster! V\u00e4lkommen till Baska Voda, d\u00e4r det Adratiska havet och solen m\u00f6ts vid foten av berget Biokovo. Baska Voda \u00e4r v\u00e4lk\u00e4nt som ideal startpunkt f\u00f6r utflykter till Dubrovnik, \u00f6arna Brac, Hvar och Korcula, samt till Split, Slapovi Krke, Medjugorje, Mostar mm. Ett bes\u00f6k till Baska Voda g\u00f6r [&hellip;]\" \/>\n<meta property=\"og:url\" content=\"https:\/\/visitbaskavoda.hr\/\" \/>\n<meta property=\"og:site_name\" content=\"House Juri\u0161i\u0107\" \/>\n<meta property=\"article:modified_time\" content=\"2018-03-23T12:42:45+00:00\" \/>\n<meta name=\"twitter:card\" content=\"summary_large_image\" \/>\n<meta name=\"twitter:label1\" content=\"Ber\u00e4knad l\u00e4stid\" \/>\n\t<meta name=\"twitter:data1\" content=\"2 minuter\" \/>\n<script type=\"application\/ld+json\" class=\"yoast-schema-graph\">{\"@context\":\"https:\/\/schema.org\",\"@graph\":[{\"@type\":\"WebPage\",\"@id\":\"https:\/\/visitbaskavoda.hr\/\",\"url\":\"https:\/\/visitbaskavoda.hr\/\",\"name\":\"Home - House Juri\u0161i\u0107\",\"isPartOf\":{\"@id\":\"https:\/\/visitbaskavoda.hr\/#website\"},\"datePublished\":\"2017-05-05T09:32:47+00:00\",\"dateModified\":\"2018-03-23T12:42:45+00:00\",\"breadcrumb\":{\"@id\":\"https:\/\/visitbaskavoda.hr\/#breadcrumb\"},\"inLanguage\":\"sv-SE\",\"potentialAction\":[{\"@type\":\"ReadAction\",\"target\":[\"https:\/\/visitbaskavoda.hr\/\"]}]},{\"@type\":\"BreadcrumbList\",\"@id\":\"https:\/\/visitbaskavoda.hr\/#breadcrumb\",\"itemListElement\":[{\"@type\":\"ListItem\",\"position\":1,\"name\":\"Home\",\"item\":\"https:\/\/visitbaskavoda.hr\/\"},{\"@type\":\"ListItem\",\"position\":2,\"name\":\"Home\"}]},{\"@type\":\"WebSite\",\"@id\":\"https:\/\/visitbaskavoda.hr\/#website\",\"url\":\"https:\/\/visitbaskavoda.hr\/\",\"name\":\"House Juri\u0161i\u0107\",\"description\":\"Ba\u0161ka Voda\",\"potentialAction\":[{\"@type\":\"SearchAction\",\"target\":{\"@type\":\"EntryPoint\",\"urlTemplate\":\"https:\/\/visitbaskavoda.hr\/?s={search_term_string}\"},\"query-input\":\"required name=search_term_string\"}],\"inLanguage\":\"sv-SE\"}]}<\/script>\n<!-- \/ Yoast SEO plugin. -->","yoast_head_json":{"title":"Home - House Juri\u0161i\u0107","robots":{"index":"index","follow":"follow","max-snippet":"max-snippet:-1","max-image-preview":"max-image-preview:large","max-video-preview":"max-video-preview:-1"},"canonical":"https:\/\/visitbaskavoda.hr\/","og_locale":"sv_SE","og_type":"article","og_title":"Home - House Juri\u0161i\u0107","og_description":"[vc_row][vc_column][\/vc_column][\/vc_row][vc_row css=&#8221;.vc_custom_1493981301181{padding-top: 50px !important;padding-bottom: 50px !important;}&#8221;][vc_column][vc_column_text] V\u00e4lkommen! K\u00e4ra g\u00e4ster! V\u00e4lkommen till Baska Voda, d\u00e4r det Adratiska havet och solen m\u00f6ts vid foten av berget Biokovo. Baska Voda \u00e4r v\u00e4lk\u00e4nt som ideal startpunkt f\u00f6r utflykter till Dubrovnik, \u00f6arna Brac, Hvar och Korcula, samt till Split, Slapovi Krke, Medjugorje, Mostar mm. Ett bes\u00f6k till Baska Voda g\u00f6r [&hellip;]","og_url":"https:\/\/visitbaskavoda.hr\/","og_site_name":"House Juri\u0161i\u0107","article_modified_time":"2018-03-23T12:42:45+00:00","twitter_card":"summary_large_image","twitter_misc":{"Ber\u00e4knad l\u00e4stid":"2 minuter"},"schema":{"@context":"https:\/\/schema.org","@graph":[{"@type":"WebPage","@id":"https:\/\/visitbaskavoda.hr\/","url":"https:\/\/visitbaskavoda.hr\/","name":"Home - House Juri\u0161i\u0107","isPartOf":{"@id":"https:\/\/visitbaskavoda.hr\/#website"},"datePublished":"2017-05-05T09:32:47+00:00","dateModified":"2018-03-23T12:42:45+00:00","breadcrumb":{"@id":"https:\/\/visitbaskavoda.hr\/#breadcrumb"},"inLanguage":"sv-SE","potentialAction":[{"@type":"ReadAction","target":["https:\/\/visitbaskavoda.hr\/"]}]},{"@type":"BreadcrumbList","@id":"https:\/\/visitbaskavoda.hr\/#breadcrumb","itemListElement":[{"@type":"ListItem","position":1,"name":"Home","item":"https:\/\/visitbaskavoda.hr\/"},{"@type":"ListItem","position":2,"name":"Home"}]},{"@type":"WebSite","@id":"https:\/\/visitbaskavoda.hr\/#website","url":"https:\/\/visitbaskavoda.hr\/","name":"House Juri\u0161i\u0107","description":"Ba\u0161ka Voda","potentialAction":[{"@type":"SearchAction","target":{"@type":"EntryPoint","urlTemplate":"https:\/\/visitbaskavoda.hr\/?s={search_term_string}"},"query-input":"required name=search_term_string"}],"inLanguage":"sv-SE"}]}},"_links":{"self":[{"href":"https:\/\/visitbaskavoda.hr\/sv\/wp-json\/wp\/v2\/pages\/401"}],"collection":[{"href":"https:\/\/visitbaskavoda.hr\/sv\/wp-json\/wp\/v2\/pages"}],"about":[{"href":"https:\/\/visitbaskavoda.hr\/sv\/wp-json\/wp\/v2\/types\/page"}],"author":[{"embeddable":true,"href":"https:\/\/visitbaskavoda.hr\/sv\/wp-json\/wp\/v2\/users\/1"}],"replies":[{"embeddable":true,"href":"https:\/\/visitbaskavoda.hr\/sv\/wp-json\/wp\/v2\/comments?post=401"}],"version-history":[{"count":2,"href":"https:\/\/visitbaskavoda.hr\/sv\/wp-json\/wp\/v2\/pages\/401\/revisions"}],"predecessor-version":[{"id":916,"href":"https:\/\/visitbaskavoda.hr\/sv\/wp-json\/wp\/v2\/pages\/401\/revisions\/916"}],"wp:attachment":[{"href":"https:\/\/visitbaskavoda.hr\/sv\/wp-json\/wp\/v2\/media?parent=401"}],"curies":[{"name":"wp","href":"https:\/\/api.w.org\/{rel}","templated":true}]}}