{"id":200,"date":"2017-05-05T10:32:20","date_gmt":"2017-05-05T10:32:20","guid":{"rendered":"http:\/\/dev.visitbaskavoda.hr\/request-form\/"},"modified":"2017-05-12T10:35:39","modified_gmt":"2017-05-12T10:35:39","slug":"request-form","status":"publish","type":"page","link":"https:\/\/visitbaskavoda.hr\/uk\/request-form\/","title":{"rendered":"\u0417\u0430\u043f\u0438\u0442"},"content":{"rendered":"<section class=\"wpb-content-wrapper\"><p>[vc_row css=&#8221;.vc_custom_1494405142239{padding-top: 50px !important;padding-bottom: 50px !important;}&#8221;][vc_column width=&#8221;1\/3&#8243;][\/vc_column][vc_column width=&#8221;1\/3&#8243;][vc_column_text]\n<div class=\"wpcf7 no-js\" id=\"wpcf7-f189-o1\" lang=\"en-US\" dir=\"ltr\">\n<div class=\"screen-reader-response\"><p role=\"status\" aria-live=\"polite\" aria-atomic=\"true\"><\/p> <ul><\/ul><\/div>\n<form action=\"\/uk\/wp-json\/wp\/v2\/pages\/200#wpcf7-f189-o1\" method=\"post\" class=\"wpcf7-form init\" aria-label=\"Contact form\" novalidate=\"novalidate\" data-status=\"init\">\n<div style=\"display: none;\">\n<input type=\"hidden\" name=\"_wpcf7\" value=\"189\" \/>\n<input type=\"hidden\" name=\"_wpcf7_version\" value=\"5.9.5\" \/>\n<input type=\"hidden\" name=\"_wpcf7_locale\" value=\"en_US\" \/>\n<input type=\"hidden\" name=\"_wpcf7_unit_tag\" value=\"wpcf7-f189-o1\" \/>\n<input type=\"hidden\" name=\"_wpcf7_container_post\" value=\"0\" \/>\n<input type=\"hidden\" name=\"_wpcf7_posted_data_hash\" value=\"\" \/>\n<input type=\"hidden\" name=\"_wpcf7_recaptcha_response\" value=\"\" \/>\n<\/div>\n<p><label> Name and surname *<br \/>\n<span class=\"wpcf7-form-control-wrap\" data-name=\"surname\"><input size=\"40\" class=\"wpcf7-form-control wpcf7-text wpcf7-validates-as-required\" aria-required=\"true\" aria-invalid=\"false\" value=\"\" type=\"text\" name=\"surname\" \/><\/span> <\/label>\n<\/p>\n<p><label> \u0415\u043b\u0435\u043a\u0442\u0440\u043e\u043d\u043d\u0430 \u043f\u043e\u0448\u0442\u0430 *<br \/>\n<span class=\"wpcf7-form-control-wrap\" data-name=\"email\"><input size=\"40\" class=\"wpcf7-form-control wpcf7-email wpcf7-validates-as-required wpcf7-text wpcf7-validates-as-email\" aria-required=\"true\" aria-invalid=\"false\" value=\"\" type=\"email\" name=\"email\" \/><\/span> <\/label>\n<\/p>\n<p><label> \u0410\u0434\u0440\u0435\u0441\u0430, \u043d\u043e\u043c\u0435\u0440 \u043c\u043e\u0431\u0456\u043b\u044c\u043d\u043e\u0433\u043e \u0442\u0435\u043b\u0435\u0444\u043e\u043d\u0443 *<br \/>\n<span class=\"wpcf7-form-control-wrap\" data-name=\"address\"><textarea cols=\"40\" rows=\"10\" class=\"wpcf7-form-control wpcf7-textarea wpcf7-validates-as-required\" aria-required=\"true\" aria-invalid=\"false\" name=\"address\"><\/textarea><\/span> <\/label>\n<\/p>\n<p><label> \u041f\u0440\u0438\u0457\u0437\u0434 *<br \/>\n<span class=\"wpcf7-form-control-wrap\" data-name=\"date-677\"><input size=\"40\" class=\"wpcf7-form-control wpcf7-text wpcf7-validates-as-required walcf7-datepicker\" aria-required=\"true\" aria-invalid=\"false\" value=\"\" type=\"text\" name=\"date-677\" \/><\/span> <\/label>\n<\/p>\n<p><label> \u0412\u0456\u0434\u2019\u0457\u0437\u0434 *<br \/>\n<span class=\"wpcf7-form-control-wrap\" data-name=\"date-678\"><input size=\"40\" class=\"wpcf7-form-control wpcf7-text wpcf7-validates-as-required walcf7-datepicker\" aria-required=\"true\" aria-invalid=\"false\" value=\"\" type=\"text\" name=\"date-678\" \/><\/span> <\/label>\n<\/p>\n<p><label> \u0412\u0438\u0431\u0456\u0440 \u0430\u043f\u0430\u0440\u0442\u0430\u043c\u0435\u043d\u0442\u0443 *<br \/>\n<span class=\"wpcf7-form-control-wrap\" data-name=\"menu-340\"><select class=\"wpcf7-form-control wpcf7-select wpcf7-validates-as-required\" aria-required=\"true\" aria-invalid=\"false\" name=\"menu-340\"><option value=\"1\/2 AP No.1\">1\/2 AP No.1<\/option><option value=\"1\/4 AP No.2\">1\/4 AP No.2<\/option><option value=\"1\/4 AP No.3\">1\/4 AP No.3<\/option><\/select><\/span> <\/label>\n<\/p>\n<p><label> \u0417\u0430\u0433\u0430\u043b\u044c\u043d\u0430 \u043a\u0456\u043b\u044c\u043a\u0456\u0441\u0442\u044c \u043e\u0441\u0456\u0431 *<br \/>\n<span class=\"wpcf7-form-control-wrap\" data-name=\"persons\"><input size=\"40\" class=\"wpcf7-form-control wpcf7-text wpcf7-validates-as-required\" aria-required=\"true\" aria-invalid=\"false\" value=\"\" type=\"text\" name=\"persons\" \/><\/span> <\/label>\n<\/p>\n<p><label> \u041e\u0431\u0435\u0440\u0456\u0442\u044c \u043c\u043e\u0432\u0443, \u044f\u043a\u043e\u044e \u0445\u043e\u0447\u0435\u0442\u0435 \u043e\u0442\u0440\u0438\u043c\u0430\u0442\u0438 \u0432\u0456\u0434\u043f\u043e\u0432\u0456\u0434\u044c<br \/>\n<span class=\"wpcf7-form-control-wrap\" data-name=\"menu-341\"><select class=\"wpcf7-form-control wpcf7-select\" aria-invalid=\"false\" name=\"menu-341\"><option value=\"English\">English<\/option><option value=\"Hrvatski\">Hrvatski<\/option><option value=\"Italiano\">Italiano<\/option><option value=\"Deutsch\">Deutsch<\/option><option value=\"\u010cesky\">\u010cesky<\/option><option value=\"\u0423\u043a\u0440\u0430\u0457\u043d\u0441\u044c\u043a\u0438\u0439\">\u0423\u043a\u0440\u0430\u0457\u043d\u0441\u044c\u043a\u0438\u0439<\/option><option value=\"P\u0443\u0441\u0441\u043a\u0438\u0439\">P\u0443\u0441\u0441\u043a\u0438\u0439<\/option><\/select><\/span> <\/label>\n<\/p>\n<p><label> \u041f\u0440\u0438\u043c\u0456\u0442\u043a\u0438<br \/>\n<span class=\"wpcf7-form-control-wrap\" data-name=\"comment\"><textarea cols=\"40\" rows=\"10\" class=\"wpcf7-form-control wpcf7-textarea\" aria-invalid=\"false\" name=\"comment\"><\/textarea><\/span> <\/label>\n<\/p>\n\n<div style=\"position:relative; z-index:1000;\">\n\t<p><input class=\"wpcf7-form-control wpcf7-submit has-spinner\" type=\"submit\" value=\"\u041f\u043e\u0441\u043b\u0430\u0442\u0438\" \/>\n\t<\/p>\n<\/div><div class=\"wpcf7-response-output\" aria-hidden=\"true\"><\/div>\n<\/form>\n<\/div>\n[\/vc_column_text][\/vc_column][vc_column width=&#8221;1\/3&#8243;][\/vc_column][\/vc_row]<\/p>\n<\/section>","protected":false},"excerpt":{"rendered":"<p>[vc_row css=&#8221;.vc_custom_1494405142239{padding-top: 50px !important;padding-bottom: 50px !important;}&#8221;][vc_column width=&#8221;1\/3&#8243;][\/vc_column][vc_column width=&#8221;1\/3&#8243;][vc_column_text][\/vc_column_text][\/vc_column][vc_column width=&#8221;1\/3&#8243;][\/vc_column][\/vc_row]<\/p>\n","protected":false},"author":1,"featured_media":0,"parent":0,"menu_order":0,"comment_status":"closed","ping_status":"closed","template":"","meta":{"footnotes":""},"yoast_head":"<!-- This site is optimized with the Yoast SEO plugin v22.8 - https:\/\/yoast.com\/wordpress\/plugins\/seo\/ -->\n<title>\u0417\u0430\u043f\u0438\u0442 - House Juri\u0161i\u0107<\/title>\n<meta name=\"robots\" content=\"index, follow, max-snippet:-1, max-image-preview:large, max-video-preview:-1\" \/>\n<link rel=\"canonical\" href=\"https:\/\/visitbaskavoda.hr\/uk\/request-form\/\" \/>\n<meta property=\"og:locale\" content=\"uk_UA\" \/>\n<meta property=\"og:type\" content=\"article\" \/>\n<meta property=\"og:title\" content=\"\u0417\u0430\u043f\u0438\u0442 - House Juri\u0161i\u0107\" \/>\n<meta property=\"og:description\" content=\"[vc_row css=&#8221;.vc_custom_1494405142239{padding-top: 50px !important;padding-bottom: 50px !important;}&#8221;][vc_column width=&#8221;1\/3&#8243;][\/vc_column][vc_column width=&#8221;1\/3&#8243;][vc_column_text][\/vc_column_text][\/vc_column][vc_column width=&#8221;1\/3&#8243;][\/vc_column][\/vc_row]\" \/>\n<meta property=\"og:url\" content=\"https:\/\/visitbaskavoda.hr\/uk\/request-form\/\" \/>\n<meta property=\"og:site_name\" content=\"House Juri\u0161i\u0107\" \/>\n<meta property=\"article:modified_time\" content=\"2017-05-12T10:35:39+00:00\" \/>\n<meta name=\"twitter:card\" content=\"summary_large_image\" \/>\n<script type=\"application\/ld+json\" class=\"yoast-schema-graph\">{\"@context\":\"https:\/\/schema.org\",\"@graph\":[{\"@type\":\"WebPage\",\"@id\":\"https:\/\/visitbaskavoda.hr\/uk\/request-form\/\",\"url\":\"https:\/\/visitbaskavoda.hr\/uk\/request-form\/\",\"name\":\"\u0417\u0430\u043f\u0438\u0442 - House Juri\u0161i\u0107\",\"isPartOf\":{\"@id\":\"https:\/\/visitbaskavoda.hr\/#website\"},\"datePublished\":\"2017-05-05T10:32:20+00:00\",\"dateModified\":\"2017-05-12T10:35:39+00:00\",\"breadcrumb\":{\"@id\":\"https:\/\/visitbaskavoda.hr\/uk\/request-form\/#breadcrumb\"},\"inLanguage\":\"uk-UA\",\"potentialAction\":[{\"@type\":\"ReadAction\",\"target\":[\"https:\/\/visitbaskavoda.hr\/uk\/request-form\/\"]}]},{\"@type\":\"BreadcrumbList\",\"@id\":\"https:\/\/visitbaskavoda.hr\/uk\/request-form\/#breadcrumb\",\"itemListElement\":[{\"@type\":\"ListItem\",\"position\":1,\"name\":\"Home\",\"item\":\"https:\/\/visitbaskavoda.hr\/uk\/\"},{\"@type\":\"ListItem\",\"position\":2,\"name\":\"\u0417\u0430\u043f\u0438\u0442\"}]},{\"@type\":\"WebSite\",\"@id\":\"https:\/\/visitbaskavoda.hr\/#website\",\"url\":\"https:\/\/visitbaskavoda.hr\/\",\"name\":\"House Juri\u0161i\u0107\",\"description\":\"Ba\u0161ka Voda\",\"potentialAction\":[{\"@type\":\"SearchAction\",\"target\":{\"@type\":\"EntryPoint\",\"urlTemplate\":\"https:\/\/visitbaskavoda.hr\/?s={search_term_string}\"},\"query-input\":\"required name=search_term_string\"}],\"inLanguage\":\"uk-UA\"}]}<\/script>\n<!-- \/ Yoast SEO plugin. -->","yoast_head_json":{"title":"\u0417\u0430\u043f\u0438\u0442 - House Juri\u0161i\u0107","robots":{"index":"index","follow":"follow","max-snippet":"max-snippet:-1","max-image-preview":"max-image-preview:large","max-video-preview":"max-video-preview:-1"},"canonical":"https:\/\/visitbaskavoda.hr\/uk\/request-form\/","og_locale":"uk_UA","og_type":"article","og_title":"\u0417\u0430\u043f\u0438\u0442 - House Juri\u0161i\u0107","og_description":"[vc_row css=&#8221;.vc_custom_1494405142239{padding-top: 50px !important;padding-bottom: 50px !important;}&#8221;][vc_column width=&#8221;1\/3&#8243;][\/vc_column][vc_column width=&#8221;1\/3&#8243;][vc_column_text][\/vc_column_text][\/vc_column][vc_column width=&#8221;1\/3&#8243;][\/vc_column][\/vc_row]","og_url":"https:\/\/visitbaskavoda.hr\/uk\/request-form\/","og_site_name":"House Juri\u0161i\u0107","article_modified_time":"2017-05-12T10:35:39+00:00","twitter_card":"summary_large_image","schema":{"@context":"https:\/\/schema.org","@graph":[{"@type":"WebPage","@id":"https:\/\/visitbaskavoda.hr\/uk\/request-form\/","url":"https:\/\/visitbaskavoda.hr\/uk\/request-form\/","name":"\u0417\u0430\u043f\u0438\u0442 - House Juri\u0161i\u0107","isPartOf":{"@id":"https:\/\/visitbaskavoda.hr\/#website"},"datePublished":"2017-05-05T10:32:20+00:00","dateModified":"2017-05-12T10:35:39+00:00","breadcrumb":{"@id":"https:\/\/visitbaskavoda.hr\/uk\/request-form\/#breadcrumb"},"inLanguage":"uk-UA","potentialAction":[{"@type":"ReadAction","target":["https:\/\/visitbaskavoda.hr\/uk\/request-form\/"]}]},{"@type":"BreadcrumbList","@id":"https:\/\/visitbaskavoda.hr\/uk\/request-form\/#breadcrumb","itemListElement":[{"@type":"ListItem","position":1,"name":"Home","item":"https:\/\/visitbaskavoda.hr\/uk\/"},{"@type":"ListItem","position":2,"name":"\u0417\u0430\u043f\u0438\u0442"}]},{"@type":"WebSite","@id":"https:\/\/visitbaskavoda.hr\/#website","url":"https:\/\/visitbaskavoda.hr\/","name":"House Juri\u0161i\u0107","description":"Ba\u0161ka Voda","potentialAction":[{"@type":"SearchAction","target":{"@type":"EntryPoint","urlTemplate":"https:\/\/visitbaskavoda.hr\/?s={search_term_string}"},"query-input":"required name=search_term_string"}],"inLanguage":"uk-UA"}]}},"_links":{"self":[{"href":"https:\/\/visitbaskavoda.hr\/uk\/wp-json\/wp\/v2\/pages\/200"}],"collection":[{"href":"https:\/\/visitbaskavoda.hr\/uk\/wp-json\/wp\/v2\/pages"}],"about":[{"href":"https:\/\/visitbaskavoda.hr\/uk\/wp-json\/wp\/v2\/types\/page"}],"author":[{"embeddable":true,"href":"https:\/\/visitbaskavoda.hr\/uk\/wp-json\/wp\/v2\/users\/1"}],"replies":[{"embeddable":true,"href":"https:\/\/visitbaskavoda.hr\/uk\/wp-json\/wp\/v2\/comments?post=200"}],"version-history":[{"count":1,"href":"https:\/\/visitbaskavoda.hr\/uk\/wp-json\/wp\/v2\/pages\/200\/revisions"}],"predecessor-version":[{"id":222,"href":"https:\/\/visitbaskavoda.hr\/uk\/wp-json\/wp\/v2\/pages\/200\/revisions\/222"}],"wp:attachment":[{"href":"https:\/\/visitbaskavoda.hr\/uk\/wp-json\/wp\/v2\/media?parent=200"}],"curies":[{"name":"wp","href":"https:\/\/api.w.org\/{rel}","templated":true}]}}