{"id":402,"date":"2017-05-05T09:32:47","date_gmt":"2017-05-05T09:32:47","guid":{"rendered":"http:\/\/dev.visitbaskavoda.hr\/pocetna\/"},"modified":"2018-03-23T12:43:45","modified_gmt":"2018-03-23T12:43:45","slug":"pocetna","status":"publish","type":"page","link":"https:\/\/visitbaskavoda.hr\/uk\/","title":{"rendered":"\u0433\u043e\u043b\u043e\u0432\u043d\u0438\u0439"},"content":{"rendered":"<section class=\"wpb-content-wrapper\"><p>[vc_row][vc_column]\n\t\t\t<!-- START header REVOLUTION SLIDER 6.3.5 --><p class=\"rs-p-wp-fix\"><\/p>\n\t\t\t<rs-module-wrap id=\"rev_slider_1_1_wrapper\" data-source=\"gallery\" style=\"background:transparent;padding:0;margin:0px auto;margin-top:0;margin-bottom:0;\">\n\t\t\t\t<rs-module id=\"rev_slider_1_1\" style=\"\" data-version=\"6.3.5\">\n\t\t\t\t\t<rs-slides>\n\t\t\t\t\t\t<rs-slide data-key=\"rs-1\" data-title=\"Slide\" data-anim=\"ei:d;eo:d;s:600;t:fade;sl:d;\">\n\t\t\t\t\t\t\t<img decoding=\"async\" src=\"\/\/visitbaskavoda.hr\/wp-content\/uploads\/2017\/05\/baska-voda-naslovna.jpg\" title=\"\u0433\u043e\u043b\u043e\u0432\u043d\u0438\u0439\" class=\"rev-slidebg\" data-no-retina>\n<!---->\t\t\t\t\t\t<\/rs-slide>\n\t\t\t\t\t<\/rs-slides>\n\t\t\t\t<\/rs-module>\n\t\t\t\t<script type=\"text\/javascript\">\n\t\t\t\t\tsetREVStartSize({c: 'rev_slider_1_1',rl:[1240,1024,778,480],el:[],gw:[1240],gh:[700],type:'standard',justify:'',layout:'fullwidth',mh:\"0\"});\n\t\t\t\t\tvar\trevapi1,\n\t\t\t\t\t\ttpj;\n\t\t\t\t\tfunction revinit_revslider11() {\n\t\t\t\t\tjQuery(function() {\n\t\t\t\t\t\ttpj = jQuery;\n\t\t\t\t\t\trevapi1 = tpj(\"#rev_slider_1_1\");\n\t\t\t\t\t\tif(revapi1==undefined || revapi1.revolution == undefined){\n\t\t\t\t\t\t\trevslider_showDoubleJqueryError(\"rev_slider_1_1\");\n\t\t\t\t\t\t}else{\n\t\t\t\t\t\t\trevapi1.revolution({\n\t\t\t\t\t\t\t\tsliderLayout:\"fullwidth\",\n\t\t\t\t\t\t\t\tvisibilityLevels:\"1240,1024,778,480\",\n\t\t\t\t\t\t\t\tgridwidth:1240,\n\t\t\t\t\t\t\t\tgridheight:700,\n\t\t\t\t\t\t\t\tspinner:\"spinner0\",\n\t\t\t\t\t\t\t\tperspectiveType:\"local\",\n\t\t\t\t\t\t\t\tresponsiveLevels:\"1240,1024,778,480\",\n\t\t\t\t\t\t\t\tprogressBar:{disableProgressBar:true},\n\t\t\t\t\t\t\t\tnavigation: {\n\t\t\t\t\t\t\t\t\tonHoverStop:false\n\t\t\t\t\t\t\t\t},\n\t\t\t\t\t\t\t\tfallbacks: {\n\t\t\t\t\t\t\t\t\tallowHTML5AutoPlayOnAndroid:true\n\t\t\t\t\t\t\t\t},\n\t\t\t\t\t\t\t});\n\t\t\t\t\t\t}\n\t\t\t\t\t\t\n\t\t\t\t\t});\n\t\t\t\t\t} \/\/ End of RevInitScript\n\t\t\t\tvar once_revslider11 = false;\n\t\t\t\tif (document.readyState === \"loading\") {document.addEventListener('readystatechange',function() { if((document.readyState === \"interactive\" || document.readyState === \"complete\") && !once_revslider11 ) { once_revslider11 = true; revinit_revslider11();}});} else {once_revslider11 = true; revinit_revslider11();}\n\t\t\t\t<\/script>\n\t\t\t<\/rs-module-wrap>\n\t\t\t<!-- END REVOLUTION SLIDER -->\n[\/vc_column][\/vc_row][vc_row css=&#8221;.vc_custom_1493981301181{padding-top: 50px !important;padding-bottom: 50px !important;}&#8221;][vc_column][vc_column_text]<\/p>\n<h1>\u041b\u0430\u0441\u043a\u0430\u0432\u043e \u043f\u0440\u043e\u0441\u0438\u043c\u043e!<\/h1>\n<p>\u0414\u043e\u0440\u043e\u0433\u0456 \u0433\u043e\u0441\u0442\u0456! \u0417\u0430\u043f\u0440\u043e\u0448\u0443\u0454\u043c\u043e \u0412\u0430\u0441 \u0443 \u0411\u0430\u0448\u043a\u0430 \u0412\u043e\u0434\u0443, \u043c\u0456\u0441\u0446\u0435, \u0434\u0435 \u0410\u0434\u0440\u0456\u0430\u0442\u0438\u0447\u043d\u0435 \u043c\u043e\u0440\u0435 \u043d\u0456\u0436\u043d\u043e \u043f\u0435\u0441\u0442\u0438\u0442\u044c \u043f\u0435\u0440\u043b\u0438\u043d\u043d\u0456 \u0433\u0430\u043b\u044c\u043a\u043e\u0432\u0456 \u043f\u043b\u044f\u0436\u0456, \u0430 \u0441\u043e\u043d\u0435\u0447\u043a\u043e \u0440\u0430\u0434\u0456\u0441\u043d\u043e \u043f\u0440\u0438\u0439\u043c\u0430\u0454 \u0443 \u0441\u0432\u043e\u0457 \u0436\u0438\u0442\u0442\u0454\u0434\u0430\u0439\u043d\u0456 \u043e\u0431\u0456\u0439\u043c\u0438 \u0437\u0435\u043b\u0435\u043d\u0438\u0439 \u043a\u0438\u043b\u0438\u043c \u0445\u0432\u043e\u0439\u043d\u0438\u0445 \u043b\u0456\u0441\u0456\u0432 \u0443 \u043f\u0456\u0434\u043d\u0456\u0436\u0436\u0456 \u0432\u0435\u043b\u0438\u0447\u043d\u0438\u0445 \u0433\u0456\u0440 \u0411\u0456\u043e\u043a\u043e\u0432\u043e. \u0423 \u0442\u0435\u043f\u043b\u0456\u0439 \u0442\u0430 \u0433\u043e\u0441\u0442\u0438\u043d\u043d\u0456\u0439 \u0430\u0442\u043c\u043e\u0441\u0444\u0435\u0440\u0456 \u0440\u043e\u0434\u0438\u043d\u043d\u0438\u0445 \u0431\u0443\u0434\u0438\u043d\u043e\u0447\u043a\u0456\u0432 \u0412\u0430\u043c \u0431\u0443\u0434\u0435 \u0433\u0430\u0440\u0430\u043d\u0442\u043e\u0432\u0430\u043d\u0438\u0439 \u0433\u0430\u0440\u043d\u0438\u0439 \u0432\u0456\u0434\u043f\u043e\u0447\u0438\u043d\u043e\u043a, \u0430 \u043c\u043e\u0440\u0435 \u0431\u0443\u0434\u0435 \u0437\u0430\u043a\u043b\u0438\u043a\u0430\u0442\u0438 \u0412\u0430\u0441 \u043d\u0430\u0441\u043e\u043b\u043e\u0434\u0436\u0443\u0432\u0430\u0442\u0438\u0441\u044f \u0442\u0438\u043c\u0438 \u0449\u0430\u0441\u043b\u0438\u0432\u0438\u043c\u0438 \u043c\u0438\u0442\u0442\u0454\u0432\u043e\u0441\u0442\u044f\u043c\u0438, \u044f\u043a\u0456 \u043d\u0430\u0432\u0456\u043a\u0438 \u0437\u0430\u043b\u0438\u0448\u0430\u0442\u044c\u0441\u044f \u0443 \u0434\u0443\u0448\u0456 \u0442\u0430 \u0441\u0435\u0440\u0446\u0456 \u043b\u044e\u0434\u0438\u043d\u0438, \u0449\u0438\u0440\u043e \u0437\u0430\u043a\u043e\u0445\u0430\u043d\u043e\u0457 \u0443 \u0436\u0438\u0442\u0442\u044f. \u0417\u0430\u0432\u0456\u0442\u0430\u0439\u0442\u0435 \u0434\u043e \u0411\u0430\u0448\u043a\u0430 \u0412\u043e\u0434\u0438, \u0440\u043e\u0437\u0441\u043b\u0430\u0431\u0442\u0435\u0441\u044f \u0439 \u0437\u0430\u0431\u0443\u0434\u044c\u0442\u0435 \u043f\u0440\u043e \u0443\u0441\u0456 \u0441\u0432\u043e\u0457 \u0442\u0443\u0440\u0431\u043e\u0442\u0438 \u0443 \u043f\u0440\u043e\u0445\u043e\u043b\u043e\u0434\u043d\u0456\u0439 \u0442\u0456\u043d\u0456 \u043f\u0430\u043b\u044c\u043c \u0442\u0430 \u0441\u043e\u0441\u0435\u043d, \u0443 \u043d\u0435\u043a\u0432\u0430\u043f\u043b\u0438\u0432\u0438\u0445 \u043f\u0440\u043e\u0433\u0443\u043b\u044f\u043d\u043a\u0430\u0445 \u0443\u0437\u0431\u0435\u0440\u0435\u0436\u0436\u044f\u043c, \u0443 \u0442\u043e\u0432\u0430\u0440\u0438\u0441\u0442\u0432\u0456 \u043b\u044e\u0431\u043b\u044f\u0447\u0438\u0445 \u0412\u0430\u0441 \u043b\u044e\u0434\u0435\u0439. \u0412\u0434\u0438\u0445\u043d\u0456\u0442\u044c \u043d\u0430 \u043f\u043e\u0432\u043d\u0456 \u0433\u0440\u0443\u0434\u0438 \u0437\u0434\u043e\u0440\u043e\u0432\u0435 \u043f\u043e\u0432\u0456\u0442\u0440\u044f \u0439 \u043f\u043e\u0440\u0438\u043d\u044c\u0442\u0435 \u0443 \u043d\u0430\u0441\u043e\u043b\u043e\u0434\u0443 \u0432\u0456\u0434\u0447\u0443\u0442\u0442\u044f \u0437\u0430\u043f\u0430\u0445\u0456\u0432 \u0440\u043e\u0441\u0438 \u043d\u0430 \u0433\u043e\u043b\u043e\u0447\u043a\u0430\u0445 \u0441\u043e\u0441\u0435\u043d, \u0432\u0438\u043d\u043e\u0433\u0440\u0430\u0434\u043d\u043e\u0457 \u043b\u043e\u0437\u0438 \u0442\u0430 \u043c\u0430\u0441\u043b\u0438\u043d, \u0439 \u0443\u0441\u0432\u0456\u0434\u043e\u043c\u0442\u0435, \u0447\u043e\u043c\u0443 \u0437\u0430 \u043b\u0435\u0433\u0435\u043d\u0434\u0430\u043c\u0438 \u043d\u0430\u0432\u0456\u0442\u044c \u043f\u043e\u043c\u0438\u0440\u0430\u044e\u0447\u0456 \u043b\u044e\u0434\u0438 \u043f\u043e\u0432\u0435\u0440\u0442\u0430\u044e\u0442\u044c\u0441\u044f \u0442\u0443\u0442 \u0434\u043e \u0436\u0438\u0442\u0442\u044f!<\/p>\n<p>\u0411\u0430\u0448\u043a\u0430 \u0412\u043e\u0434\u0430 \u0432\u0456\u0434\u043e\u043c\u0430 \u0441\u0432\u043e\u0457\u043c\u0438 \u0456\u0434\u0435\u0430\u043b\u044c\u043d\u0438\u043c\u0438 \u0443\u043c\u043e\u0432\u0430\u043c\u0438 \u0434\u043b\u044f \u0433\u0430\u0440\u043d\u043e\u0433\u043e \u0440\u043e\u0434\u0438\u043d\u043d\u043e\u0433\u043e \u0432\u0456\u0434\u043f\u043e\u0447\u0438\u043d\u043a\u0443 \u0456 \u044f\u043a \u0437\u0440\u0443\u0447\u043d\u0430 \u0442\u043e\u0447\u043a\u0430 \u0432\u0456\u0434\u043f\u0440\u0430\u0432\u043b\u0435\u043d\u043d\u044f \u043d\u0430 \u0447\u0438\u0441\u043b\u0435\u043d\u043d\u0456 \u0446\u0456\u043a\u0430\u0432\u0456 \u0442\u0430 \u043d\u0435\u0437\u0430\u0431\u0443\u0442\u043d\u0456 \u0435\u043a\u0441\u043a\u0443\u0440\u0441\u0456\u0457 (\u0443 \u0414\u0443\u0431\u0440\u043e\u0432\u043d\u0456\u043a, \u0421\u043f\u043b\u0456\u0442, \u041c\u0435\u0434\u0436\u0443\u0433\u043e\u0440\u2019\u0454, \u041c\u043e\u0441\u0442\u0430\u0440, \u043d\u0430 \u043e\u0441\u0442\u0440\u043e\u0432\u0438 \u0411\u0440\u0430\u0447, \u0425\u0432\u0430\u0440 \u0442\u0430 \u041a\u043e\u0440\u0447\u0443\u043b\u0443, \u0439 \u043d\u0435 \u0442\u0456\u043b\u044c\u043a\u0438!) \u0412\u0456\u0434\u0432\u0456\u0434\u0430\u0439\u0442\u0435 \u0411\u0430\u0448\u043a\u0430 \u0412\u043e\u0434\u0443 \u0439 \u0434\u0456\u0437\u043d\u0430\u0439\u0442\u0435\u0441\u044f, \u0447\u043e\u043c\u0443 \u0442\u0430\u043a \u0431\u0430\u0433\u0430\u0442\u043e \u0442\u0443\u0440\u0438\u0441\u0442\u0456\u0432 \u043f\u043e\u0432\u0435\u0440\u0442\u0430\u044e\u0442\u044c\u0441\u044f \u0441\u044e\u0434\u0438 \u0437 \u0440\u043e\u043a\u0443 \u0432 \u0440\u0456\u043a, \u0440\u043e\u0431\u043b\u044f\u0447\u0438 \u0457\u0457 \u043d\u0430\u0439\u043f\u043e\u043f\u0443\u043b\u044f\u0440\u043d\u0456\u0448\u0438\u043c \u0442\u0443\u0440\u0438\u0441\u0442\u0438\u0447\u043d\u0438\u043c \u043d\u0430\u043f\u0440\u044f\u043c\u043a\u043e\u043c \u0443 \u0421\u0435\u0440\u0435\u0434\u043d\u0456\u0439 \u0414\u0430\u043b\u043c\u0430\u0446\u0456\u0457! \u0417\u0430\u0432\u0456\u0442\u0430\u0439\u0442\u0435 \u0434\u043e \u0411\u0430\u0448\u043a\u0430 \u0412\u043e\u0434\u0438 \u0439 \u0434\u043e\u0431\u0440\u0435 \u0442\u0443\u0442 \u0432\u0456\u0434\u043f\u043e\u0447\u0438\u043d\u044c\u0442\u0435! \u041b\u0430\u0441\u043a\u0430\u0432\u043e \u043f\u0440\u043e\u0441\u0438\u043c\u043e!<br \/>\n&#8230;<br \/>\n\u0411\u0443\u0434\u0438\u043d\u043e\u043a \u042e\u0440\u0456\u0448\u0438\u0447 \u0437\u043d\u0430\u0445\u043e\u0434\u0438\u0442\u044c\u0441\u044f \u0443 \u0446\u0435\u043d\u0442\u0440\u0430\u043b\u044c\u043d\u0456\u0439 \u0447\u0430\u0441\u0442\u0438\u043d\u0456 \u043c\u0456\u0441\u0442\u0435\u0447\u043a\u0430, \u043f\u043e\u0431\u043b\u0438\u0437\u0443 \u0431\u0456\u043b\u043e\u0433\u043e \u0433\u0430\u043b\u044c\u043a\u043e\u0432\u043e\u0433\u043e \u043f\u043b\u044f\u0436\u0443, \u0432\u0456\u0434\u0437\u043d\u0430\u0447\u0435\u043d\u043e\u0433\u043e \u0411\u043b\u0430\u043a\u0438\u0442\u043d\u0438\u043c \u043f\u0440\u0430\u043f\u043e\u0440\u043e\u043c, \u043d\u0430 \u044f\u043a\u043e\u043c\u0443 \u0431\u0443\u0434\u0435 \u043a\u043e\u043c\u0444\u043e\u0440\u0442\u043d\u043e \u0442\u0443\u0440\u0438\u0441\u0442\u0430\u043c \u0431\u0443\u0434\u044c-\u044f\u043a\u043e\u0433\u043e \u0432\u0456\u043a\u0443. \u0410 \u0437 \u0431\u0430\u043b\u043a\u043e\u043d\u0443 \u0432\u0456\u0434\u043a\u0440\u0438\u0432\u0430\u0442\u0438\u043c\u0435\u0442\u044c\u0441\u044f \u0447\u0443\u0434\u043e\u0432\u0438\u0439 \u0432\u0438\u0434 \u043d\u0430 \u043e\u0441\u0442\u0440\u043e\u0432\u0438 \u0442\u0430 \u0434\u0438\u0432\u043d\u0435 \u0441\u0438\u043d\u0454 \u043c\u043e\u0440\u0435 \u0437 \u043d\u0430\u0439\u0447\u0430\u0440\u0456\u0432\u043d\u0456\u0448\u0438\u043c\u0438 \u0437\u0430\u0445\u043e\u0434\u0430\u043c\u0438 \u0441\u043e\u043d\u0446\u044f. \u0423 \u043d\u0430\u0448\u043e\u043c\u0443 \u0431\u0443\u0434\u0438\u043d\u043a\u0443 \u043c\u0438 \u043d\u0430\u0434\u0430\u0454\u043c\u043e \u0432 \u043e\u0440\u0435\u043d\u0434\u0443 \u0442\u0440\u0438 \u0430\u043f\u0430\u0440\u0442\u0430\u043c\u0435\u043d\u0442\u0438, \u0443 \u044f\u043a\u0438\u0445 \u043c\u043e\u0436\u0443\u0442\u044c \u0440\u043e\u0437\u043c\u0456\u0441\u0442\u0438\u0442\u0438\u0441\u044f \u0432\u0456\u0434 2 \u0434\u043e 4 \u043e\u0441\u0456\u0431. \u0417\u0430\u0432\u0456\u0442\u0430\u0439\u0442\u0435 \u0434\u043e \u0411\u0430\u0448\u043a\u0430 \u0412\u043e\u0434\u0438 \u0439 \u0441\u0442\u0430\u043d\u044c\u0442\u0435 \u043d\u0430\u0448\u0438\u043c\u0438 \u0433\u043e\u0441\u0442\u044f\u043c\u0438! \u041c\u0438 \u0431\u0443\u0434\u0435\u043c\u043e \u0434\u0443\u0436\u0435 \u0440\u0430\u0434\u0456 \u0437 \u0412\u0430\u043c\u0438 \u043f\u043e\u0437\u043d\u0430\u0439\u043e\u043c\u0438\u0442\u0438\u0441\u044f!<br \/>\n&#8230;<br \/>\n\u041f\u043e\u0440\u0435\u043a\u043e\u043c\u0435\u043d\u0434\u0443\u0439\u0442\u0435, \u0431\u0443\u0434\u044c \u043b\u0430\u0441\u043a\u0430, \u0446\u044e \u0441\u0442\u043e\u0440\u0456\u043d\u043a\u0443 \u0441\u0432\u043e\u0457\u043c \u0434\u0440\u0443\u0437\u044f\u043c!<br \/>\n\u041b\u0430\u0441\u043a\u0430\u0432\u043e \u043f\u0440\u043e\u0441\u0438\u043c\u043e \u0434\u043e \u0440\u043e\u0434\u0438\u043d\u0438 \u042e\u0440\u0456\u0448\u0438\u0447![\/vc_column_text][\/vc_column][\/vc_row][vc_row full_width=&#8221;stretch_row&#8221; css=&#8221;.vc_custom_1493981714753{padding-top: 50px !important;padding-bottom: 15px !important;background-color: #dbdbdb !important;}&#8221;][vc_column width=&#8221;1\/3&#8243;][vc_single_image image=&#8221;41&#8243; img_size=&#8221;full&#8221; alignment=&#8221;center&#8221; onclick=&#8221;link_image&#8221;][\/vc_column][vc_column width=&#8221;1\/3&#8243;][vc_single_image image=&#8221;48&#8243; img_size=&#8221;full&#8221; alignment=&#8221;center&#8221; onclick=&#8221;link_image&#8221;][\/vc_column][vc_column width=&#8221;1\/3&#8243;][vc_single_image image=&#8221;49&#8243; img_size=&#8221;full&#8221; alignment=&#8221;center&#8221; onclick=&#8221;link_image&#8221;][\/vc_column][\/vc_row][vc_row css=&#8221;.vc_custom_1494236623958{padding-top: 50px !important;padding-bottom: 50px !important;}&#8221;][vc_column][vc_custom_heading text=&#8221;\u041e\u0441\u0442\u0430\u043d\u043d\u0456 \u043d\u043e\u0432\u0438\u043d\u0438&#8221; use_theme_fonts=&#8221;yes&#8221;][vc_basic_grid post_type=&#8221;post&#8221; max_items=&#8221;3&#8243; grid_id=&#8221;vc_gid:1521808986457-1789dddf-3363-7&#8243; taxonomies=&#8221;14&#8243;][\/vc_column][\/vc_row][vc_row full_width=&#8221;stretch_row&#8221; css=&#8221;.vc_custom_1494236782510{padding-top: 50px !important;background-color: #deebf5 !important;}&#8221;][vc_column width=&#8221;1\/2&#8243;][vc_custom_heading text=&#8221;\u043f\u043e\u0433\u043e\u0434\u0430 Ba\u0161ka Voda&#8221; font_container=&#8221;tag:h3|text_align:left&#8221; use_theme_fonts=&#8221;yes&#8221;][vc_column_text]<div id=\"wpc-weather-id-52\" class=\"wpc-weather-id\" data_id=\"52\" data_post_id=\"402\" data_map=\"\" data_detect_geolocation=\"\" data_manual_geolocation=\"\" data_wpc_lat=\"\" data_wpc_lon=\"\" data_wpc_city_id=\"\" data_wpc_city_name=\"\" data_custom_font=\"\"><\/div>[\/vc_column_text][\/vc_column][vc_column width=&#8221;1\/2&#8243;][vc_custom_heading text=&#8221;Webcam&#8221; font_container=&#8221;tag:h3|text_align:left&#8221; use_theme_fonts=&#8221;yes&#8221;][vc_single_image image=&#8221;903&#8243; img_size=&#8221;full&#8221; onclick=&#8221;custom_link&#8221; img_link_target=&#8221;_blank&#8221; link=&#8221;https:\/\/www.whatsupcams.com\/wgt\/hr_baskavoda1\/768\/480\/&#8221;][\/vc_column][\/vc_row]<\/p>\n<\/section>","protected":false},"excerpt":{"rendered":"<p>[vc_row][vc_column][\/vc_column][\/vc_row][vc_row css=&#8221;.vc_custom_1493981301181{padding-top: 50px !important;padding-bottom: 50px !important;}&#8221;][vc_column][vc_column_text] \u041b\u0430\u0441\u043a\u0430\u0432\u043e \u043f\u0440\u043e\u0441\u0438\u043c\u043e! \u0414\u043e\u0440\u043e\u0433\u0456 \u0433\u043e\u0441\u0442\u0456! \u0417\u0430\u043f\u0440\u043e\u0448\u0443\u0454\u043c\u043e \u0412\u0430\u0441 \u0443 \u0411\u0430\u0448\u043a\u0430 \u0412\u043e\u0434\u0443, \u043c\u0456\u0441\u0446\u0435, \u0434\u0435 \u0410\u0434\u0440\u0456\u0430\u0442\u0438\u0447\u043d\u0435 \u043c\u043e\u0440\u0435 \u043d\u0456\u0436\u043d\u043e \u043f\u0435\u0441\u0442\u0438\u0442\u044c \u043f\u0435\u0440\u043b\u0438\u043d\u043d\u0456 \u0433\u0430\u043b\u044c\u043a\u043e\u0432\u0456 \u043f\u043b\u044f\u0436\u0456, \u0430 \u0441\u043e\u043d\u0435\u0447\u043a\u043e \u0440\u0430\u0434\u0456\u0441\u043d\u043e \u043f\u0440\u0438\u0439\u043c\u0430\u0454 \u0443 \u0441\u0432\u043e\u0457 \u0436\u0438\u0442\u0442\u0454\u0434\u0430\u0439\u043d\u0456 \u043e\u0431\u0456\u0439\u043c\u0438 \u0437\u0435\u043b\u0435\u043d\u0438\u0439 \u043a\u0438\u043b\u0438\u043c \u0445\u0432\u043e\u0439\u043d\u0438\u0445 \u043b\u0456\u0441\u0456\u0432 \u0443 \u043f\u0456\u0434\u043d\u0456\u0436\u0436\u0456 \u0432\u0435\u043b\u0438\u0447\u043d\u0438\u0445 \u0433\u0456\u0440 \u0411\u0456\u043e\u043a\u043e\u0432\u043e. \u0423 \u0442\u0435\u043f\u043b\u0456\u0439 \u0442\u0430 \u0433\u043e\u0441\u0442\u0438\u043d\u043d\u0456\u0439 \u0430\u0442\u043c\u043e\u0441\u0444\u0435\u0440\u0456 \u0440\u043e\u0434\u0438\u043d\u043d\u0438\u0445 \u0431\u0443\u0434\u0438\u043d\u043e\u0447\u043a\u0456\u0432 \u0412\u0430\u043c \u0431\u0443\u0434\u0435 \u0433\u0430\u0440\u0430\u043d\u0442\u043e\u0432\u0430\u043d\u0438\u0439 \u0433\u0430\u0440\u043d\u0438\u0439 \u0432\u0456\u0434\u043f\u043e\u0447\u0438\u043d\u043e\u043a, \u0430 \u043c\u043e\u0440\u0435 [&hellip;]<\/p>\n","protected":false},"author":1,"featured_media":0,"parent":0,"menu_order":0,"comment_status":"closed","ping_status":"closed","template":"","meta":{"footnotes":""},"yoast_head":"<!-- This site is optimized with the Yoast SEO plugin v22.8 - https:\/\/yoast.com\/wordpress\/plugins\/seo\/ -->\n<title>\u0433\u043e\u043b\u043e\u0432\u043d\u0438\u0439 - House Juri\u0161i\u0107<\/title>\n<meta name=\"robots\" content=\"index, follow, max-snippet:-1, max-image-preview:large, max-video-preview:-1\" \/>\n<link rel=\"canonical\" href=\"https:\/\/visitbaskavoda.hr\/uk\/\" \/>\n<meta property=\"og:locale\" content=\"uk_UA\" \/>\n<meta property=\"og:type\" content=\"article\" \/>\n<meta property=\"og:title\" content=\"\u0433\u043e\u043b\u043e\u0432\u043d\u0438\u0439 - House Juri\u0161i\u0107\" \/>\n<meta property=\"og:description\" content=\"[vc_row][vc_column][\/vc_column][\/vc_row][vc_row css=&#8221;.vc_custom_1493981301181{padding-top: 50px !important;padding-bottom: 50px !important;}&#8221;][vc_column][vc_column_text] \u041b\u0430\u0441\u043a\u0430\u0432\u043e \u043f\u0440\u043e\u0441\u0438\u043c\u043e! \u0414\u043e\u0440\u043e\u0433\u0456 \u0433\u043e\u0441\u0442\u0456! \u0417\u0430\u043f\u0440\u043e\u0448\u0443\u0454\u043c\u043e \u0412\u0430\u0441 \u0443 \u0411\u0430\u0448\u043a\u0430 \u0412\u043e\u0434\u0443, \u043c\u0456\u0441\u0446\u0435, \u0434\u0435 \u0410\u0434\u0440\u0456\u0430\u0442\u0438\u0447\u043d\u0435 \u043c\u043e\u0440\u0435 \u043d\u0456\u0436\u043d\u043e \u043f\u0435\u0441\u0442\u0438\u0442\u044c \u043f\u0435\u0440\u043b\u0438\u043d\u043d\u0456 \u0433\u0430\u043b\u044c\u043a\u043e\u0432\u0456 \u043f\u043b\u044f\u0436\u0456, \u0430 \u0441\u043e\u043d\u0435\u0447\u043a\u043e \u0440\u0430\u0434\u0456\u0441\u043d\u043e \u043f\u0440\u0438\u0439\u043c\u0430\u0454 \u0443 \u0441\u0432\u043e\u0457 \u0436\u0438\u0442\u0442\u0454\u0434\u0430\u0439\u043d\u0456 \u043e\u0431\u0456\u0439\u043c\u0438 \u0437\u0435\u043b\u0435\u043d\u0438\u0439 \u043a\u0438\u043b\u0438\u043c \u0445\u0432\u043e\u0439\u043d\u0438\u0445 \u043b\u0456\u0441\u0456\u0432 \u0443 \u043f\u0456\u0434\u043d\u0456\u0436\u0436\u0456 \u0432\u0435\u043b\u0438\u0447\u043d\u0438\u0445 \u0433\u0456\u0440 \u0411\u0456\u043e\u043a\u043e\u0432\u043e. \u0423 \u0442\u0435\u043f\u043b\u0456\u0439 \u0442\u0430 \u0433\u043e\u0441\u0442\u0438\u043d\u043d\u0456\u0439 \u0430\u0442\u043c\u043e\u0441\u0444\u0435\u0440\u0456 \u0440\u043e\u0434\u0438\u043d\u043d\u0438\u0445 \u0431\u0443\u0434\u0438\u043d\u043e\u0447\u043a\u0456\u0432 \u0412\u0430\u043c \u0431\u0443\u0434\u0435 \u0433\u0430\u0440\u0430\u043d\u0442\u043e\u0432\u0430\u043d\u0438\u0439 \u0433\u0430\u0440\u043d\u0438\u0439 \u0432\u0456\u0434\u043f\u043e\u0447\u0438\u043d\u043e\u043a, \u0430 \u043c\u043e\u0440\u0435 [&hellip;]\" \/>\n<meta property=\"og:url\" content=\"https:\/\/visitbaskavoda.hr\/uk\/\" \/>\n<meta property=\"og:site_name\" content=\"House Juri\u0161i\u0107\" \/>\n<meta property=\"article:modified_time\" content=\"2018-03-23T12:43:45+00:00\" \/>\n<meta name=\"twitter:card\" content=\"summary_large_image\" \/>\n<meta name=\"twitter:label1\" content=\"Est. reading time\" \/>\n\t<meta name=\"twitter:data1\" content=\"1 minute\" \/>\n<script type=\"application\/ld+json\" class=\"yoast-schema-graph\">{\"@context\":\"https:\/\/schema.org\",\"@graph\":[{\"@type\":\"WebPage\",\"@id\":\"https:\/\/visitbaskavoda.hr\/uk\/\",\"url\":\"https:\/\/visitbaskavoda.hr\/uk\/\",\"name\":\"\u0433\u043e\u043b\u043e\u0432\u043d\u0438\u0439 - House Juri\u0161i\u0107\",\"isPartOf\":{\"@id\":\"https:\/\/visitbaskavoda.hr\/#website\"},\"datePublished\":\"2017-05-05T09:32:47+00:00\",\"dateModified\":\"2018-03-23T12:43:45+00:00\",\"breadcrumb\":{\"@id\":\"https:\/\/visitbaskavoda.hr\/uk\/#breadcrumb\"},\"inLanguage\":\"uk-UA\",\"potentialAction\":[{\"@type\":\"ReadAction\",\"target\":[\"https:\/\/visitbaskavoda.hr\/uk\/\"]}]},{\"@type\":\"BreadcrumbList\",\"@id\":\"https:\/\/visitbaskavoda.hr\/uk\/#breadcrumb\",\"itemListElement\":[{\"@type\":\"ListItem\",\"position\":1,\"name\":\"Home\",\"item\":\"https:\/\/visitbaskavoda.hr\/uk\/\"},{\"@type\":\"ListItem\",\"position\":2,\"name\":\"\u0433\u043e\u043b\u043e\u0432\u043d\u0438\u0439\"}]},{\"@type\":\"WebSite\",\"@id\":\"https:\/\/visitbaskavoda.hr\/#website\",\"url\":\"https:\/\/visitbaskavoda.hr\/\",\"name\":\"House Juri\u0161i\u0107\",\"description\":\"Ba\u0161ka Voda\",\"potentialAction\":[{\"@type\":\"SearchAction\",\"target\":{\"@type\":\"EntryPoint\",\"urlTemplate\":\"https:\/\/visitbaskavoda.hr\/?s={search_term_string}\"},\"query-input\":\"required name=search_term_string\"}],\"inLanguage\":\"uk-UA\"}]}<\/script>\n<!-- \/ Yoast SEO plugin. -->","yoast_head_json":{"title":"\u0433\u043e\u043b\u043e\u0432\u043d\u0438\u0439 - House Juri\u0161i\u0107","robots":{"index":"index","follow":"follow","max-snippet":"max-snippet:-1","max-image-preview":"max-image-preview:large","max-video-preview":"max-video-preview:-1"},"canonical":"https:\/\/visitbaskavoda.hr\/uk\/","og_locale":"uk_UA","og_type":"article","og_title":"\u0433\u043e\u043b\u043e\u0432\u043d\u0438\u0439 - House Juri\u0161i\u0107","og_description":"[vc_row][vc_column][\/vc_column][\/vc_row][vc_row css=&#8221;.vc_custom_1493981301181{padding-top: 50px !important;padding-bottom: 50px !important;}&#8221;][vc_column][vc_column_text] \u041b\u0430\u0441\u043a\u0430\u0432\u043e \u043f\u0440\u043e\u0441\u0438\u043c\u043e! \u0414\u043e\u0440\u043e\u0433\u0456 \u0433\u043e\u0441\u0442\u0456! \u0417\u0430\u043f\u0440\u043e\u0448\u0443\u0454\u043c\u043e \u0412\u0430\u0441 \u0443 \u0411\u0430\u0448\u043a\u0430 \u0412\u043e\u0434\u0443, \u043c\u0456\u0441\u0446\u0435, \u0434\u0435 \u0410\u0434\u0440\u0456\u0430\u0442\u0438\u0447\u043d\u0435 \u043c\u043e\u0440\u0435 \u043d\u0456\u0436\u043d\u043e \u043f\u0435\u0441\u0442\u0438\u0442\u044c \u043f\u0435\u0440\u043b\u0438\u043d\u043d\u0456 \u0433\u0430\u043b\u044c\u043a\u043e\u0432\u0456 \u043f\u043b\u044f\u0436\u0456, \u0430 \u0441\u043e\u043d\u0435\u0447\u043a\u043e \u0440\u0430\u0434\u0456\u0441\u043d\u043e \u043f\u0440\u0438\u0439\u043c\u0430\u0454 \u0443 \u0441\u0432\u043e\u0457 \u0436\u0438\u0442\u0442\u0454\u0434\u0430\u0439\u043d\u0456 \u043e\u0431\u0456\u0439\u043c\u0438 \u0437\u0435\u043b\u0435\u043d\u0438\u0439 \u043a\u0438\u043b\u0438\u043c \u0445\u0432\u043e\u0439\u043d\u0438\u0445 \u043b\u0456\u0441\u0456\u0432 \u0443 \u043f\u0456\u0434\u043d\u0456\u0436\u0436\u0456 \u0432\u0435\u043b\u0438\u0447\u043d\u0438\u0445 \u0433\u0456\u0440 \u0411\u0456\u043e\u043a\u043e\u0432\u043e. \u0423 \u0442\u0435\u043f\u043b\u0456\u0439 \u0442\u0430 \u0433\u043e\u0441\u0442\u0438\u043d\u043d\u0456\u0439 \u0430\u0442\u043c\u043e\u0441\u0444\u0435\u0440\u0456 \u0440\u043e\u0434\u0438\u043d\u043d\u0438\u0445 \u0431\u0443\u0434\u0438\u043d\u043e\u0447\u043a\u0456\u0432 \u0412\u0430\u043c \u0431\u0443\u0434\u0435 \u0433\u0430\u0440\u0430\u043d\u0442\u043e\u0432\u0430\u043d\u0438\u0439 \u0433\u0430\u0440\u043d\u0438\u0439 \u0432\u0456\u0434\u043f\u043e\u0447\u0438\u043d\u043e\u043a, \u0430 \u043c\u043e\u0440\u0435 [&hellip;]","og_url":"https:\/\/visitbaskavoda.hr\/uk\/","og_site_name":"House Juri\u0161i\u0107","article_modified_time":"2018-03-23T12:43:45+00:00","twitter_card":"summary_large_image","twitter_misc":{"Est. reading time":"1 minute"},"schema":{"@context":"https:\/\/schema.org","@graph":[{"@type":"WebPage","@id":"https:\/\/visitbaskavoda.hr\/uk\/","url":"https:\/\/visitbaskavoda.hr\/uk\/","name":"\u0433\u043e\u043b\u043e\u0432\u043d\u0438\u0439 - House Juri\u0161i\u0107","isPartOf":{"@id":"https:\/\/visitbaskavoda.hr\/#website"},"datePublished":"2017-05-05T09:32:47+00:00","dateModified":"2018-03-23T12:43:45+00:00","breadcrumb":{"@id":"https:\/\/visitbaskavoda.hr\/uk\/#breadcrumb"},"inLanguage":"uk-UA","potentialAction":[{"@type":"ReadAction","target":["https:\/\/visitbaskavoda.hr\/uk\/"]}]},{"@type":"BreadcrumbList","@id":"https:\/\/visitbaskavoda.hr\/uk\/#breadcrumb","itemListElement":[{"@type":"ListItem","position":1,"name":"Home","item":"https:\/\/visitbaskavoda.hr\/uk\/"},{"@type":"ListItem","position":2,"name":"\u0433\u043e\u043b\u043e\u0432\u043d\u0438\u0439"}]},{"@type":"WebSite","@id":"https:\/\/visitbaskavoda.hr\/#website","url":"https:\/\/visitbaskavoda.hr\/","name":"House Juri\u0161i\u0107","description":"Ba\u0161ka Voda","potentialAction":[{"@type":"SearchAction","target":{"@type":"EntryPoint","urlTemplate":"https:\/\/visitbaskavoda.hr\/?s={search_term_string}"},"query-input":"required name=search_term_string"}],"inLanguage":"uk-UA"}]}},"_links":{"self":[{"href":"https:\/\/visitbaskavoda.hr\/uk\/wp-json\/wp\/v2\/pages\/402"}],"collection":[{"href":"https:\/\/visitbaskavoda.hr\/uk\/wp-json\/wp\/v2\/pages"}],"about":[{"href":"https:\/\/visitbaskavoda.hr\/uk\/wp-json\/wp\/v2\/types\/page"}],"author":[{"embeddable":true,"href":"https:\/\/visitbaskavoda.hr\/uk\/wp-json\/wp\/v2\/users\/1"}],"replies":[{"embeddable":true,"href":"https:\/\/visitbaskavoda.hr\/uk\/wp-json\/wp\/v2\/comments?post=402"}],"version-history":[{"count":3,"href":"https:\/\/visitbaskavoda.hr\/uk\/wp-json\/wp\/v2\/pages\/402\/revisions"}],"predecessor-version":[{"id":917,"href":"https:\/\/visitbaskavoda.hr\/uk\/wp-json\/wp\/v2\/pages\/402\/revisions\/917"}],"wp:attachment":[{"href":"https:\/\/visitbaskavoda.hr\/uk\/wp-json\/wp\/v2\/media?parent=402"}],"curies":[{"name":"wp","href":"https:\/\/api.w.org\/{rel}","templated":true}]}}